{"id":96040,"date":"2026-01-17T18:23:43","date_gmt":"2026-01-17T18:23:43","guid":{"rendered":"https:\/\/brandss.com.py\/index\/?post_type=product&#038;p=96040"},"modified":"2026-01-24T11:08:55","modified_gmt":"2026-01-24T11:08:55","slug":"leggings-deportivo-femenino-new-balance-accelerate-capri","status":"publish","type":"product","link":"https:\/\/brandss.com.py\/index\/producto\/leggings-deportivo-femenino-new-balance-accelerate-capri\/","title":{"rendered":"LEGGINGS DEPORTIVO FEMENINO NEW BALANCE ACCELERATE CAPRI"},"content":{"rendered":"<p><img loading=\"lazy\" decoding=\"async\" class=\"\" src=\"https:\/\/images.seeklogo.com\/logo-png\/9\/2\/new-balance-logo-png_seeklogo-98723.png\" alt=\"New Balance Logo PNG Vectors Free Download\" width=\"80\" height=\"80\" \/><\/p>\n<h1>ACCELERATE<\/h1>\n<p>Nuestra calza New Balance Accelerate Capri cuenta con tecnolog\u00eda de rendimiento optimizada para ayudarte a mantenerte seca, c\u00f3moda y a seguir adelante sin importar tu entrenamiento. La silueta ajustada de tiro medio est\u00e1 confeccionada con tela NB Dry que absorbe la humedad para mayor comodidad, mientras que un bolsillo interior en la cintura ofrece comodidad.<\/p>\n<h3>Caracter\u00edsticas<\/h3>\n<ul>\n<li><span dir=\"auto\">Tejido suave, ligero y el\u00e1stico que ofrece comodidad.<\/span><\/li>\n<li><span dir=\"auto\">Cintura el\u00e1stica de talle medio con cord\u00f3n interior.<\/span><\/li>\n<li><span dir=\"auto\">La tecnolog\u00eda de secado r\u00e1pido NB DRY absorbe la humedad para mantenerte seco y fresco.<\/span><\/li>\n<li><span dir=\"auto\">Bolsillos laterales para opciones de almacenamiento.<\/span><\/li>\n<li><span dir=\"auto\">Entrepierna de 21 pulgadas.<\/span><\/li>\n<li><span dir=\"auto\">El logotipo plateado metalizado de Under Armour en el pecho le aporta un acabado cl\u00e1sico.<\/span><\/li>\n<li><span dir=\"auto\">Composici\u00f3n del material: 77 % poli\u00e9ster, 23 % elastano.<\/span><\/li>\n<li><span dir=\"auto\">Deporte:\u00a0<\/span><span dir=\"auto\">correr.<\/span><\/li>\n<li><span dir=\"auto\">Modelo: <\/span><span dir=\"auto\">WP23239-BK.<\/span><\/li>\n<li>Color: negro.<\/li>\n<\/ul>\n<div class=\"product-detail__more-info\"><\/div>\n","protected":false},"excerpt":{"rendered":"<p>ACCELERATE Nuestra calza New Balance Accelerate Capri cuenta con tecnolog\u00eda de rendimiento optimizada para ayudarte a mantenerte seca, c\u00f3moda y<\/p>\n","protected":false},"featured_media":96543,"comment_status":"open","ping_status":"closed","template":"","meta":{"nf_dc_page":""},"product_brand":[1373],"product_cat":[73],"product_tag":[2528],"class_list":{"0":"post-96040","1":"product","2":"type-product","3":"status-publish","4":"has-post-thumbnail","6":"product_brand-new-balance","7":"product_cat-femenino","8":"product_tag-wp23239-bk","10":"first","11":"instock","12":"shipping-taxable","13":"purchasable","14":"product-type-simple"},"_links":{"self":[{"href":"https:\/\/brandss.com.py\/index\/wp-json\/wp\/v2\/product\/96040","targetHints":{"allow":["GET"]}}],"collection":[{"href":"https:\/\/brandss.com.py\/index\/wp-json\/wp\/v2\/product"}],"about":[{"href":"https:\/\/brandss.com.py\/index\/wp-json\/wp\/v2\/types\/product"}],"replies":[{"embeddable":true,"href":"https:\/\/brandss.com.py\/index\/wp-json\/wp\/v2\/comments?post=96040"}],"version-history":[{"count":1,"href":"https:\/\/brandss.com.py\/index\/wp-json\/wp\/v2\/product\/96040\/revisions"}],"predecessor-version":[{"id":96041,"href":"https:\/\/brandss.com.py\/index\/wp-json\/wp\/v2\/product\/96040\/revisions\/96041"}],"wp:featuredmedia":[{"embeddable":true,"href":"https:\/\/brandss.com.py\/index\/wp-json\/wp\/v2\/media\/96543"}],"wp:attachment":[{"href":"https:\/\/brandss.com.py\/index\/wp-json\/wp\/v2\/media?parent=96040"}],"wp:term":[{"taxonomy":"product_brand","embeddable":true,"href":"https:\/\/brandss.com.py\/index\/wp-json\/wp\/v2\/product_brand?post=96040"},{"taxonomy":"product_cat","embeddable":true,"href":"https:\/\/brandss.com.py\/index\/wp-json\/wp\/v2\/product_cat?post=96040"},{"taxonomy":"product_tag","embeddable":true,"href":"https:\/\/brandss.com.py\/index\/wp-json\/wp\/v2\/product_tag?post=96040"}],"curies":[{"name":"wp","href":"https:\/\/api.w.org\/{rel}","templated":true}]}}