{"id":96042,"date":"2026-01-19T12:17:40","date_gmt":"2026-01-19T12:17:40","guid":{"rendered":"https:\/\/brandss.com.py\/index\/?post_type=product&#038;p=96042"},"modified":"2026-01-24T11:10:47","modified_gmt":"2026-01-24T11:10:47","slug":"leggings-deportivo-femenino-new-balance-essentials-stacked-logo","status":"publish","type":"product","link":"https:\/\/brandss.com.py\/index\/producto\/leggings-deportivo-femenino-new-balance-essentials-stacked-logo\/","title":{"rendered":"LEGGINGS DEPORTIVO FEMENINO NEW BALANCE ESSENTIALS STACKED LOGO"},"content":{"rendered":"<p><img loading=\"lazy\" decoding=\"async\" class=\"\" src=\"https:\/\/images.seeklogo.com\/logo-png\/9\/2\/new-balance-logo-png_seeklogo-98723.png\" alt=\"New Balance Logo PNG Vectors Free Download\" width=\"89\" height=\"89\" \/><\/p>\n<h1>ESSENTIALS STACKED LOGO<\/h1>\n<div class=\"desc\">\n<p>Es un b\u00e1sico que bebe su inspiraci\u00f3n de los dise\u00f1os cl\u00e1sicos de New Balance. Confeccionadas en un tejido el\u00e1stico con una silueta ce\u00f1ida que acompa\u00f1a todos tus movimientos, estas mallas de tiro alto son una opci\u00f3n muy c\u00f3moda para hacer recados, estar por casa o lo que te apetezca.<\/p>\n<h3>Caracter\u00edsticas<\/h3>\n<ul>\n<li>Cinturilla alta para mejorar la cobertura y la comodidad.<\/li>\n<li>Suave jersey de algod\u00f3n con elastano, que le aporta elasticidad.<\/li>\n<li>Silueta ajustada dise\u00f1ada para sentirla ce\u00f1ida en la cadera y el muslo y permitir una gama de movimientos sin un exceso de tela.<\/li>\n<li>Inspirado en el legado cl\u00e1sico de New Balance.<\/li>\n<li>Peque\u00f1o logotipo estratificado.<\/li>\n<li>Composici\u00f3n: 92% algod\u00f3n, 8% elastano.<\/li>\n<li>Modelo: WP31509BK.<\/li>\n<li>Color: black.<\/li>\n<li>De importaci\u00f3n.<\/li>\n<\/ul>\n<\/div>\n","protected":false},"excerpt":{"rendered":"<p>ESSENTIALS STACKED LOGO Es un b\u00e1sico que bebe su inspiraci\u00f3n de los dise\u00f1os cl\u00e1sicos de New Balance. Confeccionadas en un<\/p>\n","protected":false},"featured_media":96548,"comment_status":"open","ping_status":"closed","template":"","meta":{"nf_dc_page":""},"product_brand":[1373],"product_cat":[73],"product_tag":[2531],"class_list":{"0":"post-96042","1":"product","2":"type-product","3":"status-publish","4":"has-post-thumbnail","6":"product_brand-new-balance","7":"product_cat-femenino","8":"product_tag-wp31509bk","10":"first","11":"instock","12":"shipping-taxable","13":"purchasable","14":"product-type-simple"},"_links":{"self":[{"href":"https:\/\/brandss.com.py\/index\/wp-json\/wp\/v2\/product\/96042","targetHints":{"allow":["GET"]}}],"collection":[{"href":"https:\/\/brandss.com.py\/index\/wp-json\/wp\/v2\/product"}],"about":[{"href":"https:\/\/brandss.com.py\/index\/wp-json\/wp\/v2\/types\/product"}],"replies":[{"embeddable":true,"href":"https:\/\/brandss.com.py\/index\/wp-json\/wp\/v2\/comments?post=96042"}],"version-history":[{"count":2,"href":"https:\/\/brandss.com.py\/index\/wp-json\/wp\/v2\/product\/96042\/revisions"}],"predecessor-version":[{"id":96045,"href":"https:\/\/brandss.com.py\/index\/wp-json\/wp\/v2\/product\/96042\/revisions\/96045"}],"wp:featuredmedia":[{"embeddable":true,"href":"https:\/\/brandss.com.py\/index\/wp-json\/wp\/v2\/media\/96548"}],"wp:attachment":[{"href":"https:\/\/brandss.com.py\/index\/wp-json\/wp\/v2\/media?parent=96042"}],"wp:term":[{"taxonomy":"product_brand","embeddable":true,"href":"https:\/\/brandss.com.py\/index\/wp-json\/wp\/v2\/product_brand?post=96042"},{"taxonomy":"product_cat","embeddable":true,"href":"https:\/\/brandss.com.py\/index\/wp-json\/wp\/v2\/product_cat?post=96042"},{"taxonomy":"product_tag","embeddable":true,"href":"https:\/\/brandss.com.py\/index\/wp-json\/wp\/v2\/product_tag?post=96042"}],"curies":[{"name":"wp","href":"https:\/\/api.w.org\/{rel}","templated":true}]}}