{"id":96046,"date":"2026-01-19T13:41:03","date_gmt":"2026-01-19T13:41:03","guid":{"rendered":"https:\/\/brandss.com.py\/index\/?post_type=product&#038;p=96046"},"modified":"2026-01-24T11:12:36","modified_gmt":"2026-01-24T11:12:36","slug":"calzado-deportivo-masculino-wilson-hurakn-negro-verde","status":"publish","type":"product","link":"https:\/\/brandss.com.py\/index\/producto\/calzado-deportivo-masculino-wilson-hurakn-negro-verde\/","title":{"rendered":"CALZADO DEPORTIVO MASCULINO WILSON HURAKN NEGRO\/VERDE"},"content":{"rendered":"<p><img loading=\"lazy\" decoding=\"async\" class=\"\" src=\"https:\/\/upload.wikimedia.org\/wikipedia\/commons\/thumb\/e\/e8\/Wilson-logo.svg\/3840px-Wilson-logo.svg.png\" alt=\"Archivo:Wilson-logo.svg - Wikipedia, la enciclopedia libre\" width=\"113\" height=\"28\" \/><\/p>\n<h1>HURAKN<\/h1>\n<div class=\"view-container productview-container1\">\n<div class=\"productview-containerWithImage\">\n<div class=\"productview-containerNameDescription\">\n<div class=\"product attribute description\">\n<div class=\"value\">\n<div id=\"-body-1\" class=\"accordion_body\" role=\"region\" aria-labelledby=\"-title-1\">\n<div class=\"accordion_content\">\n<div class=\"product-detail product-detail_overview\">\n<p class=\"product-description_content\" style=\"text-align: left\">Un torbellino de velocidad y agilidad, la Hurakn cuenta con una serie de caracter\u00edsticas preparadas para un movimiento \u00f3ptimo en la pista de p\u00e1del. La tecnolog\u00eda de arco Pro Torque Chassis Light proporciona una excelente estabilidad y flexibilidad en una construcci\u00f3n ligera, mientras que una ca\u00edda del tal\u00f3n a la punta de 9 mm armoniza la sensaci\u00f3n de amortiguaci\u00f3n en la cancha con un buen tiempo de reacci\u00f3n y cambio de direcci\u00f3n. En un deporte que hace hincapi\u00e9 en un juego de pies r\u00e1pido y \u00e1gil, las zapatillas Hurakn de Wilson ofrecen un rendimiento de primera categor\u00eda junto con un dise\u00f1o atractivo para los jugadores de p\u00e1del de competici\u00f3n. Sugerimos utilizarla en cancha de c\u00e9sped sint\u00e9tico, no apta para cancha dura.<\/p>\n<\/div>\n<\/div>\n<\/div>\n<\/div>\n<\/div>\n<\/div>\n<\/div>\n<\/div>\n<div class=\"view-container productview-container2\">\n<ul>\n<li style=\"text-align: left\"><strong>Pro Torque Chassis Light:<\/strong>El chasis cuenta con una tecnolog\u00eda de arco construido para generar velocidad y la m\u00e1xima estabilidad y flexibilidad.<\/li>\n<li style=\"text-align: left\"><strong>Skinguard:<\/strong>\u00a0Composici\u00f3n de poliuretano en el empeine para ofrecer refuerzos en el antepi\u00e9 y en la parte lateral para apoyar los movimientos laterales y arranques r\u00e1pidos.<\/li>\n<li style=\"text-align: left\"><strong>Midfoot Support:<\/strong>\u00a0Soporte adicional en la zona media del pie que estabiliza el movimiento lateral y ofrece comodidad adicional.<\/li>\n<li style=\"text-align: left\"><strong>OrthoLite EVA Molded:<\/strong>\u00a0La espuma OrthoLite de alta densidad ofrece acolchado m\u00e1ximo y longevidad impresionante.<\/li>\n<li style=\"text-align: left\"><strong>DF2:<\/strong>\u00a0La ca\u00edda de tal\u00f3n a puntera (de 9 mm) proporciona el mejor compromiso entre confort y rendimiento.<\/li>\n<li style=\"text-align: left\"><strong>Duralast:<\/strong>\u00a0Alta densidad sumamente resistente que ofrece resistencia a la abrasi\u00f3n y la m\u00e1xima tracci\u00f3n en todas las superficies.<\/li>\n<li style=\"text-align: left\"><strong>R-DST+:<\/strong>\u00a0Espuma en la entresuela que ofrece la mejor combinaci\u00f3n de amortiguaci\u00f3n y rebote para un rendimiento din\u00e1mico.<\/li>\n<li style=\"text-align: left\"><strong>Superficie:<\/strong>\u00a0Cancha de c\u00e9sped sint\u00e9tico.<\/li>\n<\/ul>\n<h3>Caracter\u00edsticas<\/h3>\n<p>Nivel de juego: Avanzado.<\/p>\n<p>Tipo de suela: Arcilla \/ Espiga.<\/p>\n<p>Marca: Wilson.<\/p>\n<p>Modelo: WRS328540.<\/p>\n<p>Color: negro\/verde.<\/p>\n<h5><em>\u00a1Consigue la tuya hoy y domina la pista como nunca antes!<\/em><\/h5>\n<\/div>\n","protected":false},"excerpt":{"rendered":"<p>HURAKN Un torbellino de velocidad y agilidad, la Hurakn cuenta con una serie de caracter\u00edsticas preparadas para un movimiento \u00f3ptimo<\/p>\n","protected":false},"featured_media":96553,"comment_status":"open","ping_status":"closed","template":"","meta":{"nf_dc_page":""},"product_brand":[2322],"product_cat":[76],"product_tag":[2532],"class_list":{"0":"post-96046","1":"product","2":"type-product","3":"status-publish","4":"has-post-thumbnail","6":"product_brand-wilson","7":"product_cat-masculino","8":"product_tag-wrs328540","10":"first","11":"instock","12":"shipping-taxable","13":"purchasable","14":"product-type-simple"},"_links":{"self":[{"href":"https:\/\/brandss.com.py\/index\/wp-json\/wp\/v2\/product\/96046","targetHints":{"allow":["GET"]}}],"collection":[{"href":"https:\/\/brandss.com.py\/index\/wp-json\/wp\/v2\/product"}],"about":[{"href":"https:\/\/brandss.com.py\/index\/wp-json\/wp\/v2\/types\/product"}],"replies":[{"embeddable":true,"href":"https:\/\/brandss.com.py\/index\/wp-json\/wp\/v2\/comments?post=96046"}],"version-history":[{"count":1,"href":"https:\/\/brandss.com.py\/index\/wp-json\/wp\/v2\/product\/96046\/revisions"}],"predecessor-version":[{"id":96047,"href":"https:\/\/brandss.com.py\/index\/wp-json\/wp\/v2\/product\/96046\/revisions\/96047"}],"wp:featuredmedia":[{"embeddable":true,"href":"https:\/\/brandss.com.py\/index\/wp-json\/wp\/v2\/media\/96553"}],"wp:attachment":[{"href":"https:\/\/brandss.com.py\/index\/wp-json\/wp\/v2\/media?parent=96046"}],"wp:term":[{"taxonomy":"product_brand","embeddable":true,"href":"https:\/\/brandss.com.py\/index\/wp-json\/wp\/v2\/product_brand?post=96046"},{"taxonomy":"product_cat","embeddable":true,"href":"https:\/\/brandss.com.py\/index\/wp-json\/wp\/v2\/product_cat?post=96046"},{"taxonomy":"product_tag","embeddable":true,"href":"https:\/\/brandss.com.py\/index\/wp-json\/wp\/v2\/product_tag?post=96046"}],"curies":[{"name":"wp","href":"https:\/\/api.w.org\/{rel}","templated":true}]}}