{"id":96048,"date":"2026-01-19T14:07:05","date_gmt":"2026-01-19T14:07:05","guid":{"rendered":"https:\/\/brandss.com.py\/index\/?post_type=product&#038;p=96048"},"modified":"2026-01-24T11:14:44","modified_gmt":"2026-01-24T11:14:44","slug":"calzado-deportivo-masculino-wilson-hurakn-team-negro-azul","status":"publish","type":"product","link":"https:\/\/brandss.com.py\/index\/producto\/calzado-deportivo-masculino-wilson-hurakn-team-negro-azul\/","title":{"rendered":"CALZADO DEPORTIVO MASCULINO WILSON HURAKN TEAM NEGRO\/AZUL"},"content":{"rendered":"<p><img loading=\"lazy\" decoding=\"async\" class=\"\" src=\"https:\/\/upload.wikimedia.org\/wikipedia\/commons\/thumb\/e\/e8\/Wilson-logo.svg\/3840px-Wilson-logo.svg.png\" alt=\"Archivo:Wilson-logo.svg - Wikipedia, la enciclopedia libre\" width=\"148\" height=\"37\" \/><\/p>\n<h1>HURAKN TEAM<\/h1>\n<div class=\"view-container productview-container1\">\n<div class=\"productview-containerWithImage\">\n<div class=\"productview-containerNameDescription\">\n<div class=\"product attribute description\">\n<div class=\"value\">\n<div id=\"-body-1\" class=\"accordion_body\" role=\"region\" aria-labelledby=\"-title-1\">\n<div class=\"accordion_content\">\n<div class=\"product-detail product-detail_overview\">\n<p class=\"product-description_content\" style=\"text-align: left\">Ponte un calzado de p\u00e1del fiable y c\u00f3modo con confianza con el Hurakn Team. Fabricadas con una suela de Duralast para una m\u00e1xima resistencia a la abrasi\u00f3n y tracci\u00f3n en la pista de p\u00e1del, permiten moverse con convicci\u00f3n entre cada golpe. Las Hurakn Team presentan un drop tal\u00f3n-punta de 12 mm y un material EVA R-DST+ en la entresuela para una excelente combinaci\u00f3n de amortiguaci\u00f3n y rebote. Una opci\u00f3n fiable para los jugadores de p\u00e1del recreativos, el Hurakn Team combina un rendimiento c\u00f3modo con un dise\u00f1o brillante y vivo para un aspecto memorable.<\/p>\n<\/div>\n<\/div>\n<\/div>\n<\/div>\n<\/div>\n<\/div>\n<\/div>\n<\/div>\n<div class=\"view-container productview-container2\">\n<ul>\n<li style=\"text-align: left\"><strong>DF3:<\/strong>Proporciona una sensaci\u00f3n de pista completa con una amortiguaci\u00f3n extra para los jugadores recreativos (DF3 = HT Drop 12 mm).<\/li>\n<li style=\"text-align: left\"><strong>Midfoot Support:<\/strong>\u00a0Est\u00e1 hecho de un compuesto de goma exclusivo de alta densidad sumamente resistente que ofrece resistencia a la abrasi\u00f3n y la m\u00e1xima tracci\u00f3n en todas las superficies.<\/li>\n<li style=\"text-align: left\"><strong>R-DST+:<\/strong>\u00a0Ofrece la mejor combinaci\u00f3n de amortiguaci\u00f3n y rebote para un rendimiento m\u00e1s din\u00e1mico.<\/li>\n<li style=\"text-align: left\"><strong>Duralast:<\/strong>\u00a0La espuma OrthoLite de alta densidad ofrece acolchado m\u00e1ximo y longevidad impresionante.<\/li>\n<\/ul>\n<p><strong><span dir=\"auto\">Especificaciones t\u00e9cnicas:<\/span><\/strong><\/p>\n<ul>\n<li>Modelo: <span dir=\"auto\">WRS329220.<\/span><\/li>\n<li><span dir=\"auto\">G\u00e9nero: masculino.<\/span><\/li>\n<li>Color: negro\/ azul.<\/li>\n<li><span dir=\"auto\">Sistema de amarre: Cordones tradicionales.<\/span><\/li>\n<li><span dir=\"auto\">Superficie: cancha de arcilla.<\/span><\/li>\n<li>Peso Aproximado: 338g.<\/li>\n<li><span dir=\"auto\">Material de la suela: fabricada con compuesto de caucho Duralast para una mayor durabilidad.<\/span><\/li>\n<li><span dir=\"auto\">Realizar un lavado est\u00e1ndar con agua y jab\u00f3n neutro.<\/span><\/li>\n<li><span dir=\"auto\">No utilice lej\u00eda para evitar da\u00f1ar el material.<\/span><\/li>\n<\/ul>\n<\/div>\n","protected":false},"excerpt":{"rendered":"<p>HURAKN TEAM Ponte un calzado de p\u00e1del fiable y c\u00f3modo con confianza con el Hurakn Team. Fabricadas con una suela<\/p>\n","protected":false},"featured_media":96559,"comment_status":"open","ping_status":"closed","template":"","meta":{"nf_dc_page":""},"product_brand":[2322],"product_cat":[76],"product_tag":[2533],"class_list":{"0":"post-96048","1":"product","2":"type-product","3":"status-publish","4":"has-post-thumbnail","6":"product_brand-wilson","7":"product_cat-masculino","8":"product_tag-wrs329220","10":"first","11":"instock","12":"shipping-taxable","13":"purchasable","14":"product-type-simple"},"_links":{"self":[{"href":"https:\/\/brandss.com.py\/index\/wp-json\/wp\/v2\/product\/96048","targetHints":{"allow":["GET"]}}],"collection":[{"href":"https:\/\/brandss.com.py\/index\/wp-json\/wp\/v2\/product"}],"about":[{"href":"https:\/\/brandss.com.py\/index\/wp-json\/wp\/v2\/types\/product"}],"replies":[{"embeddable":true,"href":"https:\/\/brandss.com.py\/index\/wp-json\/wp\/v2\/comments?post=96048"}],"version-history":[{"count":1,"href":"https:\/\/brandss.com.py\/index\/wp-json\/wp\/v2\/product\/96048\/revisions"}],"predecessor-version":[{"id":96049,"href":"https:\/\/brandss.com.py\/index\/wp-json\/wp\/v2\/product\/96048\/revisions\/96049"}],"wp:featuredmedia":[{"embeddable":true,"href":"https:\/\/brandss.com.py\/index\/wp-json\/wp\/v2\/media\/96559"}],"wp:attachment":[{"href":"https:\/\/brandss.com.py\/index\/wp-json\/wp\/v2\/media?parent=96048"}],"wp:term":[{"taxonomy":"product_brand","embeddable":true,"href":"https:\/\/brandss.com.py\/index\/wp-json\/wp\/v2\/product_brand?post=96048"},{"taxonomy":"product_cat","embeddable":true,"href":"https:\/\/brandss.com.py\/index\/wp-json\/wp\/v2\/product_cat?post=96048"},{"taxonomy":"product_tag","embeddable":true,"href":"https:\/\/brandss.com.py\/index\/wp-json\/wp\/v2\/product_tag?post=96048"}],"curies":[{"name":"wp","href":"https:\/\/api.w.org\/{rel}","templated":true}]}}