{"id":96053,"date":"2026-01-19T17:32:11","date_gmt":"2026-01-19T17:32:11","guid":{"rendered":"https:\/\/brandss.com.py\/index\/?post_type=product&#038;p=96053"},"modified":"2026-01-24T11:19:02","modified_gmt":"2026-01-24T11:19:02","slug":"calzado-deportivo-masculino-wilson-bela-tour-negro-rojo","status":"publish","type":"product","link":"https:\/\/brandss.com.py\/index\/producto\/calzado-deportivo-masculino-wilson-bela-tour-negro-rojo\/","title":{"rendered":"CALZADO DEPORTIVO MASCULINO WILSON BELA TOUR NEGRO\/ROJO"},"content":{"rendered":"<p><img loading=\"lazy\" decoding=\"async\" class=\"\" src=\"https:\/\/upload.wikimedia.org\/wikipedia\/commons\/thumb\/e\/e8\/Wilson-logo.svg\/3840px-Wilson-logo.svg.png\" alt=\"Archivo:Wilson-logo.svg - Wikipedia, la enciclopedia libre\" width=\"140\" height=\"35\" \/><\/p>\n<h1>BELA TOUR<\/h1>\n<div id=\"main\" class=\"anchor\" role=\"main\">\n<div id=\"shopify-section-template--25518379073857__product-content\" class=\"shopify-section shopify-section--product-content\">\n<section class=\"container\">\n<div id=\"product-9613273104705-content\" class=\"product-content anchor\">\n<div id=\"product-9613273104705-tabs\" class=\"product-content__tabs anchor\">\n<div class=\"product-tabs\">\n<div class=\"product-tabs__content\">\n<div id=\"block-template--25518379073857__product-content-description\" class=\"product-tabs__tab-item-wrapper\">\n<div class=\"product-tabs__tab-item-content rte\">\n<div class=\"view-container productview-container1\">\n<div class=\"productview-containerWithImage\">\n<div class=\"productview-containerNameDescription\">\n<div class=\"product attribute description\">\n<div class=\"value\">\n<div id=\"-body-1\" class=\"accordion_body\" role=\"region\" aria-labelledby=\"-title-1\">\n<div class=\"accordion_content\">\n<div class=\"product-detail product-detail_overview\">\n<p class=\"product-description_content\" style=\"text-align: left\">Dise\u00f1adas por la leyenda del p\u00e1del, Fernando Belasteguin, que nos ha servido como fuente de inspiraci\u00f3n, las zapatillas de p\u00e1del Bela Tour son perfectas para el jugador de p\u00e1del avanzado que desea llevar su juego al siguiente nivel. Las mejoras tecnol\u00f3gicas, que incluyen un chasis de torsi\u00f3n 4D compuesto de una sola pieza y una suela exterior espec\u00edfica para p\u00e1del de 360\u00b0, hacen que estas zapatillas sean a\u00fan m\u00e1s c\u00f3modas y estables al esprintar y girar en la pista de p\u00e1del. Si a\u00f1adimos que la malla es 100 % reciclada, la plantilla es 50 % reciclada y la l\u00e1mina de TPU es 55 % reciclada, ser\u00e1s intocable con estas zapatillas sostenibles.<\/p>\n<\/div>\n<\/div>\n<\/div>\n<\/div>\n<\/div>\n<\/div>\n<\/div>\n<\/div>\n<div class=\"view-container productview-container2\">\n<ul>\n<li style=\"text-align: left\"><strong>Agarre \u00f3ptimo:<\/strong>Suela de dise\u00f1o biomec\u00e1nico con dise\u00f1os de v\u00f3rtices en el antepi\u00e9 y el tal\u00f3n para optimizar la rotaci\u00f3n y el movimiento de pivote en todas las direcciones en la cancha de p\u00e1del.<\/li>\n<li style=\"text-align: left\"><strong>Sensifeel 2.0:<\/strong>\u00a0Empeine de capas m\u00ednimas con un dise\u00f1o de malla para mejorar la transpirabilidad, la sensaci\u00f3n, la comodidad y un ajuste homog\u00e9neo.<\/li>\n<li style=\"text-align: left\"><strong>Duralast:<\/strong>\u00a0Alta densidad sumamente resistente que ofrece resistencia a la abrasi\u00f3n y la m\u00e1xima tracci\u00f3n en todas las superficies.<\/li>\n<li style=\"text-align: left\"><strong>Espuma fundida:<\/strong>\u00a0La entresuela de EVA integra material de hilo de pl\u00e1stico reciclado para ofrecer una excelente capacidad de respuesta a la vez que mantiene una huella medioambiental reducida.<\/li>\n<\/ul>\n<\/div>\n<\/div>\n<\/div>\n<\/div>\n<\/div>\n<\/div>\n<\/div>\n<\/section>\n<\/div>\n<div id=\"shopify-section-template--25518379073857__1651863866f82214b9\" class=\"shopify-section shopify-section--apps\">\n<h3 class=\"container \">Caracter\u00edsticas<\/h3>\n<div><\/div>\n<div>G\u00e9nero: masculino.<\/div>\n<div>Modelo: WRS331570.<\/div>\n<div>Color: negro\/rojo<\/div>\n<\/div>\n<\/div>\n","protected":false},"excerpt":{"rendered":"<p>BELA TOUR Dise\u00f1adas por la leyenda del p\u00e1del, Fernando Belasteguin, que nos ha servido como fuente de inspiraci\u00f3n, las zapatillas<\/p>\n","protected":false},"featured_media":96573,"comment_status":"open","ping_status":"closed","template":"","meta":{"nf_dc_page":""},"product_brand":[2322],"product_cat":[76],"product_tag":[2535],"class_list":{"0":"post-96053","1":"product","2":"type-product","3":"status-publish","4":"has-post-thumbnail","6":"product_brand-wilson","7":"product_cat-masculino","8":"product_tag-wrs331570","10":"first","11":"instock","12":"shipping-taxable","13":"purchasable","14":"product-type-simple"},"_links":{"self":[{"href":"https:\/\/brandss.com.py\/index\/wp-json\/wp\/v2\/product\/96053","targetHints":{"allow":["GET"]}}],"collection":[{"href":"https:\/\/brandss.com.py\/index\/wp-json\/wp\/v2\/product"}],"about":[{"href":"https:\/\/brandss.com.py\/index\/wp-json\/wp\/v2\/types\/product"}],"replies":[{"embeddable":true,"href":"https:\/\/brandss.com.py\/index\/wp-json\/wp\/v2\/comments?post=96053"}],"version-history":[{"count":1,"href":"https:\/\/brandss.com.py\/index\/wp-json\/wp\/v2\/product\/96053\/revisions"}],"predecessor-version":[{"id":96054,"href":"https:\/\/brandss.com.py\/index\/wp-json\/wp\/v2\/product\/96053\/revisions\/96054"}],"wp:featuredmedia":[{"embeddable":true,"href":"https:\/\/brandss.com.py\/index\/wp-json\/wp\/v2\/media\/96573"}],"wp:attachment":[{"href":"https:\/\/brandss.com.py\/index\/wp-json\/wp\/v2\/media?parent=96053"}],"wp:term":[{"taxonomy":"product_brand","embeddable":true,"href":"https:\/\/brandss.com.py\/index\/wp-json\/wp\/v2\/product_brand?post=96053"},{"taxonomy":"product_cat","embeddable":true,"href":"https:\/\/brandss.com.py\/index\/wp-json\/wp\/v2\/product_cat?post=96053"},{"taxonomy":"product_tag","embeddable":true,"href":"https:\/\/brandss.com.py\/index\/wp-json\/wp\/v2\/product_tag?post=96053"}],"curies":[{"name":"wp","href":"https:\/\/api.w.org\/{rel}","templated":true}]}}