{"id":96059,"date":"2026-01-19T18:53:05","date_gmt":"2026-01-19T18:53:05","guid":{"rendered":"https:\/\/brandss.com.py\/index\/?post_type=product&#038;p=96059"},"modified":"2026-01-24T11:24:16","modified_gmt":"2026-01-24T11:24:16","slug":"calzado-casual-masculino-dc-pure-white-grey","status":"publish","type":"product","link":"https:\/\/brandss.com.py\/index\/producto\/calzado-casual-masculino-dc-pure-white-grey\/","title":{"rendered":"CALZADO CASUAL MASCULINO DC PURE WHITE\/GREY"},"content":{"rendered":"<h1><img loading=\"lazy\" decoding=\"async\" class=\"\" src=\"https:\/\/logodownload.org\/wp-content\/uploads\/2014\/08\/dc-logo-0.png\" alt=\"DC Shoes Logo - PNG y Vector\" width=\"67\" height=\"67\" \/><\/h1>\n<h1>PURE<\/h1>\n<p>Combinan estilo urbano con detalles t\u00e9cnicos que maximizan la comodidad y durabilidad. Cuentan con cuello y leng\u00fceta acolchados con espuma Comfort, correas internas para mantener la leng\u00fceta centrada y un interior de malla que mejora la ventilaci\u00f3n. El logo bordado aporta un toque distintivo, mientras que la plantilla envolvente de EVA y la suela vulcanizada resistente a la abrasi\u00f3n garantizan una pisada firme. El cl\u00e1sico patr\u00f3n &#8220;Pill Pattern&#8221; de DC en la suela brinda tracci\u00f3n y estilo caracter\u00edstico.<\/p>\n<h3>Caracter\u00edsticas<\/h3>\n<ul>\n<li>Parte superior en cuero, nobuk y\/o ante.<\/li>\n<li>Forro de malla.<\/li>\n<li>Leng\u00fceta y cuello acolchados con espuma, para mayor confort y sujeci\u00f3n.<\/li>\n<li>Suela fabricada con tira lateral envolvente.<\/li>\n<li>Suela media de goma resistente a la abrasi\u00f3n.<\/li>\n<li>Dibujo Pill Pattern de marca registrada por DC.<\/li>\n<li>Modelo: PURE00-M-365.<\/li>\n<li>Color: blanco\/ gris.<\/li>\n<\/ul>\n","protected":false},"excerpt":{"rendered":"<p>PURE Combinan estilo urbano con detalles t\u00e9cnicos que maximizan la comodidad y durabilidad. Cuentan con cuello y leng\u00fceta acolchados con<\/p>\n","protected":false},"featured_media":96589,"comment_status":"open","ping_status":"closed","template":"","meta":{"nf_dc_page":""},"product_brand":[2538],"product_cat":[76],"product_tag":[2539],"class_list":{"0":"post-96059","1":"product","2":"type-product","3":"status-publish","4":"has-post-thumbnail","6":"product_brand-dc","7":"product_cat-masculino","8":"product_tag-pure00-m-365","10":"first","11":"instock","12":"shipping-taxable","13":"purchasable","14":"product-type-simple"},"_links":{"self":[{"href":"https:\/\/brandss.com.py\/index\/wp-json\/wp\/v2\/product\/96059","targetHints":{"allow":["GET"]}}],"collection":[{"href":"https:\/\/brandss.com.py\/index\/wp-json\/wp\/v2\/product"}],"about":[{"href":"https:\/\/brandss.com.py\/index\/wp-json\/wp\/v2\/types\/product"}],"replies":[{"embeddable":true,"href":"https:\/\/brandss.com.py\/index\/wp-json\/wp\/v2\/comments?post=96059"}],"version-history":[{"count":1,"href":"https:\/\/brandss.com.py\/index\/wp-json\/wp\/v2\/product\/96059\/revisions"}],"predecessor-version":[{"id":96060,"href":"https:\/\/brandss.com.py\/index\/wp-json\/wp\/v2\/product\/96059\/revisions\/96060"}],"wp:featuredmedia":[{"embeddable":true,"href":"https:\/\/brandss.com.py\/index\/wp-json\/wp\/v2\/media\/96589"}],"wp:attachment":[{"href":"https:\/\/brandss.com.py\/index\/wp-json\/wp\/v2\/media?parent=96059"}],"wp:term":[{"taxonomy":"product_brand","embeddable":true,"href":"https:\/\/brandss.com.py\/index\/wp-json\/wp\/v2\/product_brand?post=96059"},{"taxonomy":"product_cat","embeddable":true,"href":"https:\/\/brandss.com.py\/index\/wp-json\/wp\/v2\/product_cat?post=96059"},{"taxonomy":"product_tag","embeddable":true,"href":"https:\/\/brandss.com.py\/index\/wp-json\/wp\/v2\/product_tag?post=96059"}],"curies":[{"name":"wp","href":"https:\/\/api.w.org\/{rel}","templated":true}]}}