{"id":96061,"date":"2026-01-20T14:48:13","date_gmt":"2026-01-20T14:48:13","guid":{"rendered":"https:\/\/brandss.com.py\/index\/?post_type=product&#038;p=96061"},"modified":"2026-01-24T11:26:12","modified_gmt":"2026-01-24T11:26:12","slug":"calzado-casual-masculino-dc-lifestyle-pure-blanco-negro-verde","status":"publish","type":"product","link":"https:\/\/brandss.com.py\/index\/producto\/calzado-casual-masculino-dc-lifestyle-pure-blanco-negro-verde\/","title":{"rendered":"CALZADO CASUAL MASCULINO DC LIFESTYLE PURE BLANCO\/ NEGRO\/ VERDE"},"content":{"rendered":"<p><img loading=\"lazy\" decoding=\"async\" class=\"\" src=\"https:\/\/logodownload.org\/wp-content\/uploads\/2014\/08\/dc-logo-0.png\" alt=\"DC Shoes Logo - PNG y Vector\" width=\"81\" height=\"81\" \/><\/p>\n<h1>LIFESTYLE PURE<\/h1>\n<p>Fueron dise\u00f1adas por skaters para skaters. Este modelo complementa tu look y a\u00f1ade a\u00fan m\u00e1s estilo a tu d\u00eda a d\u00eda y a tus sesiones de patinaje. Fabricadas en cuero y ante, son extremadamente resistentes, lo que garantiza una vida \u00fatil a\u00fan m\u00e1s larga. Adem\u00e1s, incorporan diversas tecnolog\u00edas que, al combinarse, ofrecen mayor comodidad y agarre en la lija, asegurando que nada se interponga en tu sesi\u00f3n. \u00a1Listos para tu sesi\u00f3n de skate! \u00a1Listos para la lija!<\/p>\n<p>Los\u00a0sneakers\u00a0de DC Shoes llegan esta temporada recargados de estilo y tendencia para acompa\u00f1ar tus atuendos urbanos. Este par elaborado en cuero y con una estructura c\u00f3moda es el accesorio ideal para agregar a tu look.<\/p>\n<h3>Detalles:<\/h3>\n<ul>\n<li>Sneakers para Hombre DC Shoes<\/li>\n<li>Dise\u00f1o combinado<\/li>\n<li>Modelo Pure<\/li>\n<li>Ajuste con pasador<\/li>\n<li>Caracter\u00edsticas:\n<ul>\n<li>Construcci\u00f3n de cuero resistente.<\/li>\n<li>Anillos en D y herrajes para cordones r\u00e1pidos<\/li>\n<li>Dise\u00f1o de botas atemporal<\/li>\n<li>Banda de rodadura duradera en la suela exterior<\/li>\n<li>Construcci\u00f3n de suela de goma<\/li>\n<\/ul>\n<\/li>\n<li>Elaborado en cuero<\/li>\n<\/ul>\n<h3><strong><span dir=\"auto\">Especificaciones t\u00e9cnicas<\/span><\/strong><\/h3>\n<ul>\n<li>Modelo: PURE00-M-31.<\/li>\n<li>Exterior: Cuero y gamuza.<\/li>\n<li>Suela: Goma.<\/li>\n<li>Plantilla: EVA.<\/li>\n<li>Modelo: Pure.<\/li>\n<li>Suela vulcanizada.Costuras reforzadas Cordones <span dir=\"auto\">de poli\u00e9ster.<\/span><\/li>\n<li>Acolchado reforzado.<\/li>\n<li>Logotipo de DC en relieve en el lateral y la parte trasera.<\/li>\n<li>Etiqueta del logotipo bordada en la leng\u00fceta.<\/li>\n<li>Color: Negro\/ Blanco\/ Verde.<\/li>\n<\/ul>\n","protected":false},"excerpt":{"rendered":"<p>LIFESTYLE PURE Fueron dise\u00f1adas por skaters para skaters. Este modelo complementa tu look y a\u00f1ade a\u00fan m\u00e1s estilo a tu<\/p>\n","protected":false},"featured_media":96595,"comment_status":"open","ping_status":"closed","template":"","meta":{"nf_dc_page":""},"product_brand":[2538],"product_cat":[76],"product_tag":[2540],"class_list":{"0":"post-96061","1":"product","2":"type-product","3":"status-publish","4":"has-post-thumbnail","6":"product_brand-dc","7":"product_cat-masculino","8":"product_tag-pure00-m-31","10":"first","11":"instock","12":"shipping-taxable","13":"purchasable","14":"product-type-simple"},"_links":{"self":[{"href":"https:\/\/brandss.com.py\/index\/wp-json\/wp\/v2\/product\/96061","targetHints":{"allow":["GET"]}}],"collection":[{"href":"https:\/\/brandss.com.py\/index\/wp-json\/wp\/v2\/product"}],"about":[{"href":"https:\/\/brandss.com.py\/index\/wp-json\/wp\/v2\/types\/product"}],"replies":[{"embeddable":true,"href":"https:\/\/brandss.com.py\/index\/wp-json\/wp\/v2\/comments?post=96061"}],"version-history":[{"count":2,"href":"https:\/\/brandss.com.py\/index\/wp-json\/wp\/v2\/product\/96061\/revisions"}],"predecessor-version":[{"id":96603,"href":"https:\/\/brandss.com.py\/index\/wp-json\/wp\/v2\/product\/96061\/revisions\/96603"}],"wp:featuredmedia":[{"embeddable":true,"href":"https:\/\/brandss.com.py\/index\/wp-json\/wp\/v2\/media\/96595"}],"wp:attachment":[{"href":"https:\/\/brandss.com.py\/index\/wp-json\/wp\/v2\/media?parent=96061"}],"wp:term":[{"taxonomy":"product_brand","embeddable":true,"href":"https:\/\/brandss.com.py\/index\/wp-json\/wp\/v2\/product_brand?post=96061"},{"taxonomy":"product_cat","embeddable":true,"href":"https:\/\/brandss.com.py\/index\/wp-json\/wp\/v2\/product_cat?post=96061"},{"taxonomy":"product_tag","embeddable":true,"href":"https:\/\/brandss.com.py\/index\/wp-json\/wp\/v2\/product_tag?post=96061"}],"curies":[{"name":"wp","href":"https:\/\/api.w.org\/{rel}","templated":true}]}}