{"id":96078,"date":"2026-01-21T16:54:31","date_gmt":"2026-01-21T16:54:31","guid":{"rendered":"https:\/\/brandss.com.py\/index\/?post_type=product&#038;p=96078"},"modified":"2026-01-24T11:39:26","modified_gmt":"2026-01-24T11:39:26","slug":"perfume-masculino-paco-rabanne-pour-homme-edt-100ml","status":"publish","type":"product","link":"https:\/\/brandss.com.py\/index\/producto\/perfume-masculino-paco-rabanne-pour-homme-edt-100ml\/","title":{"rendered":"PERFUME MASCULINO PACO RABANNE POUR HOMME EDT 100ML"},"content":{"rendered":"<p><img loading=\"lazy\" decoding=\"async\" class=\"\" src=\"https:\/\/cdn.freebiesupply.com\/logos\/large\/2x\/paco-rabanne-1-logo-png-transparent.png\" alt=\"Paco Rabanne Logo PNG Transparent &amp; SVG Vector - Freebie Supply\" width=\"90\" height=\"90\" \/><\/p>\n<h1>POUR HOMME<\/h1>\n<p>Es una fragancia sutil, viril y carism\u00e1tica, pionera de los \u201chelechos arom\u00e1ticos\u201d y el encanto enloquecido de los grandes cl\u00e1sicos. Es una fragancia perfecta para uso diario y ocasiones formales, ideal para hombres que aprecian los aromas cl\u00e1sicos con una elegancia atemporal.<\/p>\n<p>Paco Rabanne Pour Homme es una fragancia cl\u00e1sica arom\u00e1tica foug\u00e8re que define la elegancia masculina tradicional.<\/p>\n<h3>Notas Olfativas<img loading=\"lazy\" decoding=\"async\" class=\"alignleft\" src=\"https:\/\/aromatica.cr\/cdn\/shop\/files\/Pour-Homme-EDT-para-hombre-100-ml-Aromatica-CR-236967992.jpg?v=1731800042&amp;width=990\" width=\"574\" height=\"574\" \/><\/h3>\n<p>&nbsp;<\/p>\n<p>Pour Homme Eau de Toilette Paco Rabanne, lanzada en 1973, est\u00e1 clasificada como una fragancia para hombres y pertenece a las familias Fougere y Arom\u00e1tica. Jean Martel y Paco Rabanne trabajaron en ella.<\/p>\n<p class=\"whitespace-pre-wrap break-words\">La apertura es arom\u00e1tica y herb\u00e1cea, donde la salvia y el romero aportan frescura herb\u00e1cea distintiva, mientras que el palo de rosa a\u00f1ade un toque amaderado suave y elegante.<\/p>\n<p class=\"whitespace-pre-wrap break-words\">En el coraz\u00f3n, la haba tonka proporciona notas almendradas dulces, el geranio aporta un matiz floral-arom\u00e1tico, mientras que la lavanda a\u00f1ade una frescura arom\u00e1tica cl\u00e1sica y refinada.<\/p>\n<p class=\"whitespace-pre-wrap break-words\">La base es c\u00e1lida y sofisticada, donde el \u00e1mbar y el almizcle crean una sensualidad envolvente, el musgo de roble aporta profundidad verde y terrosa, mientras que la miel a\u00f1ade una dulzura natural y reconfortante.<\/p>\n<p>&nbsp;<\/p>\n<ul class=\"-mt-1 [li&gt;&amp;]:mt-2 list-disc space-y-2 pl-8\">\n<li class=\"whitespace-normal break-words\"><strong>Notas de salida:<\/strong> salvia, palo de rosa, romero.<\/li>\n<li class=\"whitespace-normal break-words\"><strong>Notas de coraz\u00f3n:<\/strong> haba tonka, geranio, lavanda.<\/li>\n<li class=\"whitespace-normal break-words\"><strong>Notas de fondo:<\/strong> \u00e1mbar, musgo de roble, miel, almizcle.<\/li>\n<\/ul>\n","protected":false},"excerpt":{"rendered":"<p>POUR HOMME Es una fragancia sutil, viril y carism\u00e1tica, pionera de los \u201chelechos arom\u00e1ticos\u201d y el encanto enloquecido de los<\/p>\n","protected":false},"featured_media":96640,"comment_status":"open","ping_status":"closed","template":"","meta":{"nf_dc_page":""},"product_brand":[126],"product_cat":[84],"product_tag":[2550],"class_list":{"0":"post-96078","1":"product","2":"type-product","3":"status-publish","4":"has-post-thumbnail","6":"product_brand-paco-rabanne","7":"product_cat-perfumeria","8":"product_tag-2550","10":"first","11":"instock","12":"shipping-taxable","13":"purchasable","14":"product-type-simple"},"_links":{"self":[{"href":"https:\/\/brandss.com.py\/index\/wp-json\/wp\/v2\/product\/96078","targetHints":{"allow":["GET"]}}],"collection":[{"href":"https:\/\/brandss.com.py\/index\/wp-json\/wp\/v2\/product"}],"about":[{"href":"https:\/\/brandss.com.py\/index\/wp-json\/wp\/v2\/types\/product"}],"replies":[{"embeddable":true,"href":"https:\/\/brandss.com.py\/index\/wp-json\/wp\/v2\/comments?post=96078"}],"version-history":[{"count":1,"href":"https:\/\/brandss.com.py\/index\/wp-json\/wp\/v2\/product\/96078\/revisions"}],"predecessor-version":[{"id":96079,"href":"https:\/\/brandss.com.py\/index\/wp-json\/wp\/v2\/product\/96078\/revisions\/96079"}],"wp:featuredmedia":[{"embeddable":true,"href":"https:\/\/brandss.com.py\/index\/wp-json\/wp\/v2\/media\/96640"}],"wp:attachment":[{"href":"https:\/\/brandss.com.py\/index\/wp-json\/wp\/v2\/media?parent=96078"}],"wp:term":[{"taxonomy":"product_brand","embeddable":true,"href":"https:\/\/brandss.com.py\/index\/wp-json\/wp\/v2\/product_brand?post=96078"},{"taxonomy":"product_cat","embeddable":true,"href":"https:\/\/brandss.com.py\/index\/wp-json\/wp\/v2\/product_cat?post=96078"},{"taxonomy":"product_tag","embeddable":true,"href":"https:\/\/brandss.com.py\/index\/wp-json\/wp\/v2\/product_tag?post=96078"}],"curies":[{"name":"wp","href":"https:\/\/api.w.org\/{rel}","templated":true}]}}