{"id":96082,"date":"2026-01-22T11:13:45","date_gmt":"2026-01-22T11:13:45","guid":{"rendered":"https:\/\/brandss.com.py\/index\/?post_type=product&#038;p=96082"},"modified":"2026-04-21T11:38:13","modified_gmt":"2026-04-21T11:38:13","slug":"calzado-casual-masculino-diadora-sandals-agia-gris","status":"publish","type":"product","link":"https:\/\/brandss.com.py\/index\/producto\/calzado-casual-masculino-diadora-sandals-agia-gris\/","title":{"rendered":"CALZADO CASUAL MASCULINO DIADORA SANDALS AGIA GRIS"},"content":{"rendered":"<p><img loading=\"lazy\" decoding=\"async\" class=\"\" src=\"https:\/\/logos-world.net\/wp-content\/uploads\/2023\/01\/Diadora-Logo.png\" alt=\"Diadora Logo, symbol, meaning, history, PNG, brand\" width=\"53\" height=\"30\" \/><\/p>\n<h1>AGIA<\/h1>\n<p class=\"isSelectedEnd\">est\u00e1n dise\u00f1adas para brindar comodidad y practicidad en el uso diario. Su estilo casual y deportivo las convierte en una opci\u00f3n ideal para climas c\u00e1lidos, actividades informales o momentos de descanso.<\/p>\n<p class=\"isSelectedEnd\">Cuentan con una estructura liviana y resistente, una tira superior de material sint\u00e9tico suave que ofrece un ajuste c\u00f3modo, y una plantilla confortable que acompa\u00f1a el movimiento natural del pie. La suela de goma proporciona buena adherencia y durabilidad, permitiendo un caminar seguro sobre distintas superficies.<\/p>\n<p class=\"isSelectedEnd\">Son f\u00e1ciles de calzar y perfectas para el d\u00eda a d\u00eda, la playa, la piscina o salidas casuales, manteniendo siempre el respaldo de Diadora, una marca reconocida por su calidad y dise\u00f1o deportivo.<\/p>\n<p><strong>Ideal para:<\/strong><br \/>\n\u2022 Uso diario<br \/>\n\u2022 Climas c\u00e1lidos<br \/>\n\u2022 Playa y piscina<br \/>\n\u2022 Actividades casuales<\/p>\n<h3 data-start=\"1018\" data-end=\"1049\"><strong data-start=\"1018\" data-end=\"1049\">Caracter\u00edsticas<\/strong><\/h3>\n<ul data-start=\"1050\" data-end=\"1278\">\n<li data-start=\"1050\" data-end=\"1087\">\n<p data-start=\"1052\" data-end=\"1087\">Sandalia tipo chancla para hombre.<\/p>\n<\/li>\n<li data-start=\"1050\" data-end=\"1087\">\n<p data-start=\"1052\" data-end=\"1087\">Dise\u00f1o casual y deportivo.<\/p>\n<\/li>\n<li data-start=\"1050\" data-end=\"1087\">\n<p data-start=\"1052\" data-end=\"1087\">Tira sint\u00e9tica resistente y c\u00f3moda.<\/p>\n<\/li>\n<li data-start=\"1157\" data-end=\"1198\">\n<p data-start=\"1159\" data-end=\"1198\">Plantilla confortable para uso diario.<\/p>\n<\/li>\n<li data-start=\"1199\" data-end=\"1232\">\n<p data-start=\"1201\" data-end=\"1232\">Suela de goma con buen agarre.<\/p>\n<\/li>\n<li data-start=\"1233\" data-end=\"1278\">\n<p data-start=\"1235\" data-end=\"1278\">Ideales para uso urbano, playa o descanso.<\/p>\n<\/li>\n<li data-start=\"1233\" data-end=\"1278\">\n<p data-start=\"1235\" data-end=\"1278\">Modelo: AGIA-M-39.<\/p>\n<\/li>\n<li data-start=\"1233\" data-end=\"1278\">Color: gris.<\/li>\n<\/ul>\n<p data-start=\"1280\" data-end=\"1355\">Una elecci\u00f3n pr\u00e1ctica y vers\u00e1til para disfrutar del confort todos los d\u00edas.<\/p>\n","protected":false},"excerpt":{"rendered":"<p>AGIA est\u00e1n dise\u00f1adas para brindar comodidad y practicidad en el uso diario. Su estilo casual y deportivo las convierte en<\/p>\n","protected":false},"featured_media":96653,"comment_status":"open","ping_status":"closed","template":"","meta":{"nf_dc_page":""},"product_brand":[1293],"product_cat":[76],"product_tag":[2552],"class_list":{"0":"post-96082","1":"product","2":"type-product","3":"status-publish","4":"has-post-thumbnail","6":"product_brand-diadora","7":"product_cat-masculino","8":"product_tag-agia-m-39","10":"first","11":"outofstock","12":"shipping-taxable","13":"purchasable","14":"product-type-simple"},"_links":{"self":[{"href":"https:\/\/brandss.com.py\/index\/wp-json\/wp\/v2\/product\/96082","targetHints":{"allow":["GET"]}}],"collection":[{"href":"https:\/\/brandss.com.py\/index\/wp-json\/wp\/v2\/product"}],"about":[{"href":"https:\/\/brandss.com.py\/index\/wp-json\/wp\/v2\/types\/product"}],"replies":[{"embeddable":true,"href":"https:\/\/brandss.com.py\/index\/wp-json\/wp\/v2\/comments?post=96082"}],"version-history":[{"count":1,"href":"https:\/\/brandss.com.py\/index\/wp-json\/wp\/v2\/product\/96082\/revisions"}],"predecessor-version":[{"id":96083,"href":"https:\/\/brandss.com.py\/index\/wp-json\/wp\/v2\/product\/96082\/revisions\/96083"}],"wp:featuredmedia":[{"embeddable":true,"href":"https:\/\/brandss.com.py\/index\/wp-json\/wp\/v2\/media\/96653"}],"wp:attachment":[{"href":"https:\/\/brandss.com.py\/index\/wp-json\/wp\/v2\/media?parent=96082"}],"wp:term":[{"taxonomy":"product_brand","embeddable":true,"href":"https:\/\/brandss.com.py\/index\/wp-json\/wp\/v2\/product_brand?post=96082"},{"taxonomy":"product_cat","embeddable":true,"href":"https:\/\/brandss.com.py\/index\/wp-json\/wp\/v2\/product_cat?post=96082"},{"taxonomy":"product_tag","embeddable":true,"href":"https:\/\/brandss.com.py\/index\/wp-json\/wp\/v2\/product_tag?post=96082"}],"curies":[{"name":"wp","href":"https:\/\/api.w.org\/{rel}","templated":true}]}}