{"id":96101,"date":"2026-01-22T17:42:44","date_gmt":"2026-01-22T17:42:44","guid":{"rendered":"https:\/\/brandss.com.py\/index\/?post_type=product&#038;p=96101"},"modified":"2026-04-21T11:38:13","modified_gmt":"2026-04-21T11:38:13","slug":"calzado-casual-femenino-diadora-sandals-sulu-negro","status":"publish","type":"product","link":"https:\/\/brandss.com.py\/index\/producto\/calzado-casual-femenino-diadora-sandals-sulu-negro\/","title":{"rendered":"CALZADO CASUAL FEMENINO DIADORA SANDALS SULU NEGRO"},"content":{"rendered":"<p><img loading=\"lazy\" decoding=\"async\" class=\"\" src=\"https:\/\/logos-world.net\/wp-content\/uploads\/2023\/01\/Diadora-Logo.png\" alt=\"Diadora Logo, symbol, meaning, history, PNG, brand\" width=\"59\" height=\"33\" \/><\/p>\n<h1>SULU<\/h1>\n<p class=\"isSelectedEnd\">En combinaci\u00f3n de colores negro y blanco\u00a0son la elecci\u00f3n perfecta para quienes buscan confort y estilo en cada paso. Dise\u00f1adas pensando en la versatilidad y la comodidad, estas chanclas combinan un dise\u00f1o moderno con la calidad y durabilidad que caracteriza a Diadora.<\/p>\n<p class=\"isSelectedEnd\">Su estructura ligera y ergon\u00f3mica permite un ajuste c\u00f3modo y seguro, ideal para el uso diario en actividades informales, paseos, descanso o d\u00edas de verano. La suela de goma antideslizante asegura una buena tracci\u00f3n en diferentes superficies, mientras que la tira superior suave y resistente ofrece un calce confortable durante todo el d\u00eda.<\/p>\n<p class=\"isSelectedEnd\">Perfectas para llevar con estilo en la playa, la piscina o en cualquier momento de relax, las Diadora Sulu se adaptan a tu ritmo sin perder elegancia.<\/p>\n<p>&nbsp;<\/p>\n<h3><strong>Recomendadas\u00a0<\/strong><\/h3>\n<ul>\n<li>Uso diario casual.<\/li>\n<li>Playa y piscina.<\/li>\n<li>Caminatas livianas.<\/li>\n<li>Momentos de descanso con estilo.<\/li>\n<\/ul>\n<h3><\/h3>\n<h3 class=\"isSelectedEnd\"><strong>Caracter\u00edsticas<\/strong><\/h3>\n<ul>\n<li class=\"isSelectedEnd\">Dise\u00f1o femenino y moderno en negro y blanco.<\/li>\n<li class=\"isSelectedEnd\">Suela de goma con agarre confiable.<\/li>\n<li class=\"isSelectedEnd\">Materiales c\u00f3modos y duraderos.<\/li>\n<li class=\"isSelectedEnd\">Ajuste f\u00e1cil y pr\u00e1ctico.<\/li>\n<li>Modelo: SULU-L-71.<\/li>\n<li>G\u00e9nero: femenino.<\/li>\n<li>Color: negro\/ blanco.<\/li>\n<\/ul>\n","protected":false},"excerpt":{"rendered":"<p>SULU En combinaci\u00f3n de colores negro y blanco\u00a0son la elecci\u00f3n perfecta para quienes buscan confort y estilo en cada paso.<\/p>\n","protected":false},"featured_media":96692,"comment_status":"open","ping_status":"closed","template":"","meta":{"nf_dc_page":""},"product_brand":[1293],"product_cat":[73],"product_tag":[2562],"class_list":{"0":"post-96101","1":"product","2":"type-product","3":"status-publish","4":"has-post-thumbnail","6":"product_brand-diadora","7":"product_cat-femenino","8":"product_tag-sulu-l-71","10":"first","11":"outofstock","12":"shipping-taxable","13":"purchasable","14":"product-type-simple"},"_links":{"self":[{"href":"https:\/\/brandss.com.py\/index\/wp-json\/wp\/v2\/product\/96101","targetHints":{"allow":["GET"]}}],"collection":[{"href":"https:\/\/brandss.com.py\/index\/wp-json\/wp\/v2\/product"}],"about":[{"href":"https:\/\/brandss.com.py\/index\/wp-json\/wp\/v2\/types\/product"}],"replies":[{"embeddable":true,"href":"https:\/\/brandss.com.py\/index\/wp-json\/wp\/v2\/comments?post=96101"}],"version-history":[{"count":1,"href":"https:\/\/brandss.com.py\/index\/wp-json\/wp\/v2\/product\/96101\/revisions"}],"predecessor-version":[{"id":96102,"href":"https:\/\/brandss.com.py\/index\/wp-json\/wp\/v2\/product\/96101\/revisions\/96102"}],"wp:featuredmedia":[{"embeddable":true,"href":"https:\/\/brandss.com.py\/index\/wp-json\/wp\/v2\/media\/96692"}],"wp:attachment":[{"href":"https:\/\/brandss.com.py\/index\/wp-json\/wp\/v2\/media?parent=96101"}],"wp:term":[{"taxonomy":"product_brand","embeddable":true,"href":"https:\/\/brandss.com.py\/index\/wp-json\/wp\/v2\/product_brand?post=96101"},{"taxonomy":"product_cat","embeddable":true,"href":"https:\/\/brandss.com.py\/index\/wp-json\/wp\/v2\/product_cat?post=96101"},{"taxonomy":"product_tag","embeddable":true,"href":"https:\/\/brandss.com.py\/index\/wp-json\/wp\/v2\/product_tag?post=96101"}],"curies":[{"name":"wp","href":"https:\/\/api.w.org\/{rel}","templated":true}]}}