{"id":96409,"date":"2026-01-23T16:42:53","date_gmt":"2026-01-23T16:42:53","guid":{"rendered":"https:\/\/brandss.com.py\/index\/?post_type=product&#038;p=96409"},"modified":"2026-01-24T12:15:37","modified_gmt":"2026-01-24T12:15:37","slug":"bolso-de-mano-femenino-lacoste-tote-anna-reversible-black-red","status":"publish","type":"product","link":"https:\/\/brandss.com.py\/index\/producto\/bolso-de-mano-femenino-lacoste-tote-anna-reversible-black-red\/","title":{"rendered":"BOLSO DE HOMBRO FEMENINO LACOSTE TOTE ANNA REVERSIBLE BLACK\/RED"},"content":{"rendered":"<p><img loading=\"lazy\" decoding=\"async\" class=\"\" src=\"https:\/\/1000marcas.net\/wp-content\/uploads\/2020\/01\/logo-Lacoste.png\" alt=\"Lacoste Logo - s\u00edmbolo, significado logotipo, historia, PNG\" width=\"110\" height=\"62\" \/><\/p>\n<h1>TOTE ANNA<\/h1>\n<p><span dir=\"auto\">Este bolso tote reversible de Lacoste, dise\u00f1ado para llevar al hombro, presenta dos colores en contraste. Con capacidad para un port\u00e1til de 15 pulgadas y una funda extra\u00edble, presenta un efecto granulado en un lado y un efecto piqu\u00e9 grabado en el otro, un gui\u00f1o al ic\u00f3nico polo Original L.12.12.<img loading=\"lazy\" decoding=\"async\" class=\"alignleft\" src=\"https:\/\/cdn.laredoute.com\/cdn-cgi\/image\/width=1200,height=1200,fit=pad,dpr=1\/products\/f\/d\/a\/fda064136698d544ea09137787bea255.jpg\" width=\"464\" height=\"464\" \/><\/span><\/p>\n<h4 class=\"ltr-2pfgen-Body-BodyBold\" data-component=\"BodyBold\">Caracter\u00edsticas<\/h4>\n<ul class=\"_fdc1e5\">\n<li class=\"ltr-4y8w0i-Body\" data-component=\"Body\">Negro\/ Rojo.<\/li>\n<li class=\"ltr-4y8w0i-Body\" data-component=\"Body\">Textura granulada.<\/li>\n<li class=\"ltr-4y8w0i-Body\" data-component=\"Body\">Detalle en tono plateado con logo grabado.<\/li>\n<li class=\"ltr-4y8w0i-Body\" data-component=\"Body\">Reversible <span dir=\"auto\"> bicolor de dos tejidos.<\/span><\/li>\n<li class=\"ltr-4y8w0i-Body\" data-component=\"Body\">Dos asas en la parte superior.<\/li>\n<li class=\"ltr-4y8w0i-Body\" data-component=\"Body\">Bolsa removible.<\/li>\n<li class=\"ltr-4y8w0i-Body\" data-component=\"Body\">Correa removible para el hombro.<\/li>\n<li class=\"ltr-4y8w0i-Body\" data-component=\"Body\">Dimensiones: 35 x 30 x 14 cm (largo x alto x fondo).<\/li>\n<li class=\"ltr-4y8w0i-Body\" data-component=\"Body\">Composici\u00f3n: PVC (100%).<\/li>\n<li data-component=\"Body\">Modelo: NF2142AA-BLKR<\/li>\n<\/ul>\n","protected":false},"excerpt":{"rendered":"<p>TOTE ANNA Este bolso tote reversible de Lacoste, dise\u00f1ado para llevar al hombro, presenta dos colores en contraste. Con capacidad<\/p>\n","protected":false},"featured_media":96714,"comment_status":"open","ping_status":"closed","template":"","meta":{"nf_dc_page":""},"product_brand":[2549],"product_cat":[74],"product_tag":[2573],"class_list":{"0":"post-96409","1":"product","2":"type-product","3":"status-publish","4":"has-post-thumbnail","6":"product_brand-lacoste","7":"product_cat-accesorios-fem","8":"product_tag-nf2142aa-blkr","10":"first","11":"instock","12":"shipping-taxable","13":"purchasable","14":"product-type-simple"},"_links":{"self":[{"href":"https:\/\/brandss.com.py\/index\/wp-json\/wp\/v2\/product\/96409","targetHints":{"allow":["GET"]}}],"collection":[{"href":"https:\/\/brandss.com.py\/index\/wp-json\/wp\/v2\/product"}],"about":[{"href":"https:\/\/brandss.com.py\/index\/wp-json\/wp\/v2\/types\/product"}],"replies":[{"embeddable":true,"href":"https:\/\/brandss.com.py\/index\/wp-json\/wp\/v2\/comments?post=96409"}],"version-history":[{"count":3,"href":"https:\/\/brandss.com.py\/index\/wp-json\/wp\/v2\/product\/96409\/revisions"}],"predecessor-version":[{"id":96418,"href":"https:\/\/brandss.com.py\/index\/wp-json\/wp\/v2\/product\/96409\/revisions\/96418"}],"wp:featuredmedia":[{"embeddable":true,"href":"https:\/\/brandss.com.py\/index\/wp-json\/wp\/v2\/media\/96714"}],"wp:attachment":[{"href":"https:\/\/brandss.com.py\/index\/wp-json\/wp\/v2\/media?parent=96409"}],"wp:term":[{"taxonomy":"product_brand","embeddable":true,"href":"https:\/\/brandss.com.py\/index\/wp-json\/wp\/v2\/product_brand?post=96409"},{"taxonomy":"product_cat","embeddable":true,"href":"https:\/\/brandss.com.py\/index\/wp-json\/wp\/v2\/product_cat?post=96409"},{"taxonomy":"product_tag","embeddable":true,"href":"https:\/\/brandss.com.py\/index\/wp-json\/wp\/v2\/product_tag?post=96409"}],"curies":[{"name":"wp","href":"https:\/\/api.w.org\/{rel}","templated":true}]}}