{"id":96419,"date":"2026-01-23T18:46:34","date_gmt":"2026-01-23T18:46:34","guid":{"rendered":"https:\/\/brandss.com.py\/index\/?post_type=product&#038;p=96419"},"modified":"2026-01-24T10:13:42","modified_gmt":"2026-01-24T10:13:42","slug":"bolso-de-hombro-femenino-lacoste-tote-anna-reversible-marino-caramelo","status":"publish","type":"product","link":"https:\/\/brandss.com.py\/index\/producto\/bolso-de-hombro-femenino-lacoste-tote-anna-reversible-marino-caramelo\/","title":{"rendered":"BOLSO DE HOMBRO FEMENINO LACOSTE TOTE ANNA REVERSIBLE MARINO\/ CARAMELO"},"content":{"rendered":"<p><img loading=\"lazy\" decoding=\"async\" class=\"\" src=\"https:\/\/i0.wp.com\/1000marcas.net\/wp-content\/uploads\/2020\/01\/logo-Lacoste.png?resize=84%2C47&amp;ssl=1\" alt=\"Lacoste Logo - s\u00edmbolo, significado logotipo, historia, PNG\" width=\"84\" height=\"47\" data-recalc-dims=\"1\" \/><\/p>\n<h1>TOTE ANNA<\/h1>\n<div class=\"font-small l-vmargin--large\"><span dir=\"auto\">Este bolso tote reversible, dise\u00f1ado para llevarse al hombro, presenta dos colores contrastantes. Con capacidad para un port\u00e1til de 15 pulgadas y una bolsa extra\u00edble, el bolso presenta un efecto granulado en un lado y un efecto piqu\u00e9 en relieve en el otro, un gui\u00f1o al ic\u00f3nico polo Original L.12.12.<\/span><\/div>\n<div><\/div>\n<h3>Caracter\u00edsticas<\/h3>\n<ul class=\"bullet-list font-small\">\n<li class=\"flex l-vmargin--xsmall\"><span dir=\"auto\">Dimensiones: L13,8 x H11,8 x D5,5\u201d \/ L35 x H30 x D14 cm.<\/span><\/li>\n<li class=\"flex l-vmargin--xsmall\"><span dir=\"auto\">Bolso bi-tejido reversible bicolor.<\/span><\/li>\n<li class=\"flex l-vmargin--xsmall\"><span dir=\"auto\">Piqu\u00e9 grabado en un lado, granulado en el otro.<\/span><\/li>\n<li class=\"flex l-vmargin--xsmall\"><span dir=\"auto\">Bolsa extra\u00edble con cremallera.<\/span><\/li>\n<li class=\"flex l-vmargin--medium\"><span dir=\"auto\">Cocodrilo met\u00e1lico en un lado.<\/span><\/li>\n<li>Composici\u00f3n: PVC (100%).<\/li>\n<li>Modelo: NF2142AA.<\/li>\n<li>Color: marino\/ caramelo.<\/li>\n<\/ul>\n","protected":false},"excerpt":{"rendered":"<p>TOTE ANNA Este bolso tote reversible, dise\u00f1ado para llevarse al hombro, presenta dos colores contrastantes. Con capacidad para un port\u00e1til<\/p>\n","protected":false},"featured_media":96421,"comment_status":"open","ping_status":"closed","template":"","meta":{"nf_dc_page":""},"product_brand":[2549],"product_cat":[74],"product_tag":[2574],"class_list":{"0":"post-96419","1":"product","2":"type-product","3":"status-publish","4":"has-post-thumbnail","6":"product_brand-lacoste","7":"product_cat-accesorios-fem","8":"product_tag-nf2142aa-nvc","10":"first","11":"instock","12":"shipping-taxable","13":"purchasable","14":"product-type-simple"},"_links":{"self":[{"href":"https:\/\/brandss.com.py\/index\/wp-json\/wp\/v2\/product\/96419","targetHints":{"allow":["GET"]}}],"collection":[{"href":"https:\/\/brandss.com.py\/index\/wp-json\/wp\/v2\/product"}],"about":[{"href":"https:\/\/brandss.com.py\/index\/wp-json\/wp\/v2\/types\/product"}],"replies":[{"embeddable":true,"href":"https:\/\/brandss.com.py\/index\/wp-json\/wp\/v2\/comments?post=96419"}],"version-history":[{"count":1,"href":"https:\/\/brandss.com.py\/index\/wp-json\/wp\/v2\/product\/96419\/revisions"}],"predecessor-version":[{"id":96420,"href":"https:\/\/brandss.com.py\/index\/wp-json\/wp\/v2\/product\/96419\/revisions\/96420"}],"wp:featuredmedia":[{"embeddable":true,"href":"https:\/\/brandss.com.py\/index\/wp-json\/wp\/v2\/media\/96421"}],"wp:attachment":[{"href":"https:\/\/brandss.com.py\/index\/wp-json\/wp\/v2\/media?parent=96419"}],"wp:term":[{"taxonomy":"product_brand","embeddable":true,"href":"https:\/\/brandss.com.py\/index\/wp-json\/wp\/v2\/product_brand?post=96419"},{"taxonomy":"product_cat","embeddable":true,"href":"https:\/\/brandss.com.py\/index\/wp-json\/wp\/v2\/product_cat?post=96419"},{"taxonomy":"product_tag","embeddable":true,"href":"https:\/\/brandss.com.py\/index\/wp-json\/wp\/v2\/product_tag?post=96419"}],"curies":[{"name":"wp","href":"https:\/\/api.w.org\/{rel}","templated":true}]}}