{"id":96743,"date":"2026-01-24T12:34:01","date_gmt":"2026-01-24T12:34:01","guid":{"rendered":"https:\/\/brandss.com.py\/index\/?post_type=product&#038;p=96743"},"modified":"2026-01-24T12:34:26","modified_gmt":"2026-01-24T12:34:26","slug":"bolso-de-hombro-femenino-lacoste-l-12-12-concept-red","status":"publish","type":"product","link":"https:\/\/brandss.com.py\/index\/producto\/bolso-de-hombro-femenino-lacoste-l-12-12-concept-red\/","title":{"rendered":"BOLSO DE HOMBRO FEMENINO LACOSTE  L.12.12 CONCEPT RED"},"content":{"rendered":"<p><img loading=\"lazy\" decoding=\"async\" class=\"\" src=\"https:\/\/1000marcas.net\/wp-content\/uploads\/2020\/01\/logo-Lacoste.png\" alt=\"Lacoste Logo - s\u00edmbolo, significado logotipo, historia, PNG\" width=\"92\" height=\"52\" \/><\/p>\n<h1>L.12.12 CONCEPT<\/h1>\n<div class=\"font-small l-vmargin--large\"><span dir=\"auto\">Este bolso grande y ligero con cremallera tiene espacio suficiente para un port\u00e1til de 15&#8243;. Estrella de la colecci\u00f3n L.12.12 Concept, presenta un efecto piqu\u00e9 en relieve inspirado en el ic\u00f3nico polo Lacoste de 1933. Las asas anchas terminan en punta en un sutil gui\u00f1o a los tees de golf.<\/span><\/div>\n<div><\/div>\n<h3>Caracter\u00edsticas<\/h3>\n<ul class=\"bullet-list font-small\">\n<li style=\"list-style-type: none\">\n<ul class=\"bullet-list font-small\">\n<li class=\"flex l-vmargin--xsmall\"><span dir=\"auto\">Dimensiones: L13,8 x H11,8 x D5,5\u201d \/ L35 x H30 x D14 cm.<\/span><\/li>\n<li class=\"flex l-vmargin--xsmall\"><span dir=\"auto\">Bolsillo interior con cremallera.<\/span><\/li>\n<li class=\"flex l-vmargin--xsmall\"><span dir=\"auto\">Llavero en el interior.<\/span><\/li>\n<li class=\"flex l-vmargin--xsmall\"><span dir=\"auto\">Tirador de cremallera Lacoste.<\/span><\/li>\n<li>Cocodrilo verde bordado en la parte delantera.<\/li>\n<li>Composici\u00f3n: Exterior: PVC (100%).<\/li>\n<li>Modelo: NF1888PO-RD.<\/li>\n<li class=\"flex l-vmargin--medium\">Color: Red<\/li>\n<\/ul>\n<\/li>\n<\/ul>\n","protected":false},"excerpt":{"rendered":"<p>L.12.12 CONCEPT Este bolso grande y ligero con cremallera tiene espacio suficiente para un port\u00e1til de 15&#8243;. Estrella de la<\/p>\n","protected":false},"featured_media":96744,"comment_status":"open","ping_status":"closed","template":"","meta":{"nf_dc_page":""},"product_brand":[2549],"product_cat":[74],"product_tag":[2575],"class_list":{"0":"post-96743","1":"product","2":"type-product","3":"status-publish","4":"has-post-thumbnail","6":"product_brand-lacoste","7":"product_cat-accesorios-fem","8":"product_tag-nf1888po-rd","10":"first","11":"instock","12":"shipping-taxable","13":"purchasable","14":"product-type-simple"},"_links":{"self":[{"href":"https:\/\/brandss.com.py\/index\/wp-json\/wp\/v2\/product\/96743","targetHints":{"allow":["GET"]}}],"collection":[{"href":"https:\/\/brandss.com.py\/index\/wp-json\/wp\/v2\/product"}],"about":[{"href":"https:\/\/brandss.com.py\/index\/wp-json\/wp\/v2\/types\/product"}],"replies":[{"embeddable":true,"href":"https:\/\/brandss.com.py\/index\/wp-json\/wp\/v2\/comments?post=96743"}],"version-history":[{"count":1,"href":"https:\/\/brandss.com.py\/index\/wp-json\/wp\/v2\/product\/96743\/revisions"}],"predecessor-version":[{"id":96751,"href":"https:\/\/brandss.com.py\/index\/wp-json\/wp\/v2\/product\/96743\/revisions\/96751"}],"wp:featuredmedia":[{"embeddable":true,"href":"https:\/\/brandss.com.py\/index\/wp-json\/wp\/v2\/media\/96744"}],"wp:attachment":[{"href":"https:\/\/brandss.com.py\/index\/wp-json\/wp\/v2\/media?parent=96743"}],"wp:term":[{"taxonomy":"product_brand","embeddable":true,"href":"https:\/\/brandss.com.py\/index\/wp-json\/wp\/v2\/product_brand?post=96743"},{"taxonomy":"product_cat","embeddable":true,"href":"https:\/\/brandss.com.py\/index\/wp-json\/wp\/v2\/product_cat?post=96743"},{"taxonomy":"product_tag","embeddable":true,"href":"https:\/\/brandss.com.py\/index\/wp-json\/wp\/v2\/product_tag?post=96743"}],"curies":[{"name":"wp","href":"https:\/\/api.w.org\/{rel}","templated":true}]}}