{"id":96797,"date":"2026-01-24T17:05:10","date_gmt":"2026-01-24T17:05:10","guid":{"rendered":"https:\/\/brandss.com.py\/index\/?post_type=product&#038;p=96797"},"modified":"2026-01-24T17:05:58","modified_gmt":"2026-01-24T17:05:58","slug":"bolso-de-hombro-femenino-lacoste-l-12-12-concept-beige","status":"publish","type":"product","link":"https:\/\/brandss.com.py\/index\/producto\/bolso-de-hombro-femenino-lacoste-l-12-12-concept-beige\/","title":{"rendered":"BOLSO DE HOMBRO FEMENINO LACOSTE L.12.12 CONCEPT BEIGE"},"content":{"rendered":"<p><img loading=\"lazy\" decoding=\"async\" class=\"\" src=\"https:\/\/i0.wp.com\/1000marcas.net\/wp-content\/uploads\/2020\/01\/logo-Lacoste.png?resize=92%2C52&amp;ssl=1\" alt=\"Lacoste Logo - s\u00edmbolo, significado logotipo, historia, PNG\" width=\"92\" height=\"52\" data-recalc-dims=\"1\" \/><\/p>\n<h1>L.12.12 CONCEPT<\/h1>\n<div class=\"font-small l-vmargin--large\"><span dir=\"auto\">Este bolso grande y ligero con cremallera tiene espacio suficiente para un port\u00e1til de 15\u2033. Estrella de la colecci\u00f3n L.12.12 Concept, presenta un efecto piqu\u00e9 en relieve inspirado en el ic\u00f3nico polo Lacoste de 1933. Las asas anchas terminan en punta en un sutil gui\u00f1o a los tees de golf.<\/span><\/div>\n<div><\/div>\n<h3>Caracter\u00edsticas<\/h3>\n<p>&nbsp;<\/p>\n<ul>\n<li style=\"list-style-type: none\">\n<ul class=\"bullet-list font-small\">\n<li><span dir=\"auto\">Dimensiones: L13,8 x H11,8 x D5,5\u201d \/ L35 x H30 x D14 cm.<\/span><\/li>\n<li class=\"flex l-vmargin--xsmall\"><span dir=\"auto\">Bolsillo interior con cremallera.<\/span><\/li>\n<li class=\"flex l-vmargin--xsmall\"><span dir=\"auto\">Llavero en el interior.<\/span><\/li>\n<li class=\"flex l-vmargin--xsmall\"><span dir=\"auto\">Tirador de cremallera Lacoste.<\/span><\/li>\n<li>Cocodrilo verde bordado en la parte delantera.<\/li>\n<li>Composici\u00f3n: Exterior: PVC (100%).<\/li>\n<li>Modelo: NF1888PO-BG.<\/li>\n<li class=\"flex l-vmargin--medium\">Color: beige.<\/li>\n<\/ul>\n<\/li>\n<\/ul>\n","protected":false},"excerpt":{"rendered":"<p>L.12.12 CONCEPT Este bolso grande y ligero con cremallera tiene espacio suficiente para un port\u00e1til de 15\u2033. Estrella de la<\/p>\n","protected":false},"featured_media":96798,"comment_status":"open","ping_status":"closed","template":"","meta":{"nf_dc_page":""},"product_brand":[2549],"product_cat":[74],"product_tag":[2581],"class_list":{"0":"post-96797","1":"product","2":"type-product","3":"status-publish","4":"has-post-thumbnail","6":"product_brand-lacoste","7":"product_cat-accesorios-fem","8":"product_tag-nf1888po-bg","10":"first","11":"instock","12":"shipping-taxable","13":"purchasable","14":"product-type-simple"},"_links":{"self":[{"href":"https:\/\/brandss.com.py\/index\/wp-json\/wp\/v2\/product\/96797","targetHints":{"allow":["GET"]}}],"collection":[{"href":"https:\/\/brandss.com.py\/index\/wp-json\/wp\/v2\/product"}],"about":[{"href":"https:\/\/brandss.com.py\/index\/wp-json\/wp\/v2\/types\/product"}],"replies":[{"embeddable":true,"href":"https:\/\/brandss.com.py\/index\/wp-json\/wp\/v2\/comments?post=96797"}],"version-history":[{"count":1,"href":"https:\/\/brandss.com.py\/index\/wp-json\/wp\/v2\/product\/96797\/revisions"}],"predecessor-version":[{"id":96805,"href":"https:\/\/brandss.com.py\/index\/wp-json\/wp\/v2\/product\/96797\/revisions\/96805"}],"wp:featuredmedia":[{"embeddable":true,"href":"https:\/\/brandss.com.py\/index\/wp-json\/wp\/v2\/media\/96798"}],"wp:attachment":[{"href":"https:\/\/brandss.com.py\/index\/wp-json\/wp\/v2\/media?parent=96797"}],"wp:term":[{"taxonomy":"product_brand","embeddable":true,"href":"https:\/\/brandss.com.py\/index\/wp-json\/wp\/v2\/product_brand?post=96797"},{"taxonomy":"product_cat","embeddable":true,"href":"https:\/\/brandss.com.py\/index\/wp-json\/wp\/v2\/product_cat?post=96797"},{"taxonomy":"product_tag","embeddable":true,"href":"https:\/\/brandss.com.py\/index\/wp-json\/wp\/v2\/product_tag?post=96797"}],"curies":[{"name":"wp","href":"https:\/\/api.w.org\/{rel}","templated":true}]}}