{"id":96820,"date":"2026-01-24T18:05:33","date_gmt":"2026-01-24T18:05:33","guid":{"rendered":"https:\/\/brandss.com.py\/index\/?post_type=product&#038;p=96820"},"modified":"2026-04-16T17:02:25","modified_gmt":"2026-04-16T17:02:25","slug":"bolso-de-mano-femenino-longchamp-tote-le-pliage-green","status":"publish","type":"product","link":"https:\/\/brandss.com.py\/index\/producto\/bolso-de-mano-femenino-longchamp-tote-le-pliage-green\/","title":{"rendered":"BOLSO DE MANO FEMENINO LONGCHAMP TOTE LE PLIAGE GREEN"},"content":{"rendered":"<p><img loading=\"lazy\" decoding=\"async\" class=\"\" src=\"https:\/\/upload.wikimedia.org\/wikipedia\/commons\/thumb\/f\/fe\/Longchamp_logo.svg\/1280px-Longchamp_logo.svg.png\" alt=\"Archivo:Longchamp logo.svg - Wikipedia, la enciclopedia libre\" width=\"128\" height=\"34\" \/><\/p>\n<h1>LE PLIAGE<\/h1>\n<p class=\"description_long\"><span dir=\"auto\">Este bolso tote te cautivar\u00e1 con su silueta minimalista y amplio volumen, ideal para guardar f\u00e1cilmente todos tus documentos o un port\u00e1til. Sus largas asas te permiten llevarlo c\u00f3modamente al hombro, mientras que su cierre de cremallera garantiza la seguridad de todas tus pertenencias.<\/span><\/p>\n<p class=\"description_linetext\"><span dir=\"auto\">Longchamp se inspir\u00f3 en el origami para crear LE PLIAGE, un bolso ligero y plegable que se ha convertido en un objeto de culto en todo el mundo. La l\u00ednea Pliage Green presenta un estilo ecol\u00f3gico con lona de poliamida reciclada. Ofrece una segunda vida m\u00e1s noble a los materiales utilizados (certificaci\u00f3n GRS 4.0). El bolso sigue c\u00f3digos estrictos, como el bordado de caballos, y luce ribetes de cuero ruso tono sobre tono caracter\u00edsticos de Longchamp. El detalle definitivo: un borde verde en la orejera, indicativo del uso responsable de materiales, a la vez que evoca el color verde brillante caracter\u00edstico de la marca, s\u00edmbolo de su energ\u00eda, frescura y dinamismo. Una l\u00ednea socialmente responsable para un look diario que respeta los recursos naturales.<\/span><\/p>\n<div>\n<div class=\"summary__title\">\n<h3 class=\"h4 accordion__title inline-richtext\"><span dir=\"auto\">Detalles\u00a0<\/span><\/h3>\n<\/div>\n<\/div>\n<div id=\"ProductAccordion-collapsible_tab_KyegEN-template--19452869509164__main\" class=\"accordion__content rte\">\n<ul>\n<li><span dir=\"auto\">Modelo: L1899919M04.<\/span><\/li>\n<li><span dir=\"auto\">Dimensiones: 31 cm (largo &#8211; medido en la base de la bolsa) x 30 cm (alto) x 19 cm (ancho).<\/span><\/li>\n<li><span dir=\"auto\">Material: Tejido de poliamida con un m\u00ednimo de 70% de fibras recicladas, con revestimiento interior.<\/span><\/li>\n<li><span dir=\"auto\">Herrajes met\u00e1licos: color plata.<\/span><\/li>\n<li><span dir=\"auto\">Adorno: cuero ruso (piel de vaca).<\/span><\/li>\n<li><span dir=\"auto\">Peso: 316 g.<\/span><\/li>\n<li><span dir=\"auto\">Cierre: Cremallera y cierre a presi\u00f3n.<\/span><\/li>\n<li>Color: verde.<\/li>\n<\/ul>\n<h4><span dir=\"auto\">Detalles exteriores<\/span><\/h4>\n<ul>\n<li><span dir=\"auto\">Altura del mango: 23 cm<\/span><\/li>\n<\/ul>\n<h4><span dir=\"auto\">Detalles interiores<\/span><\/h4>\n<ul>\n<li><span dir=\"auto\">Bolsillo plano: 1<\/span><\/li>\n<\/ul>\n<div>\n<div class=\"summary__title\">\n<h3 class=\"h4 accordion__title inline-richtext\"><span dir=\"auto\">Cuidado del producto<\/span><\/h3>\n<\/div>\n<\/div>\n<div id=\"ProductAccordion-collapsible_tab_yUyhcj-template--19452869509164__main\" class=\"accordion__content rte\">\n<p><span dir=\"auto\">Todos los art\u00edculos Longchamp se elaboran con sumo cuidado en nuestros talleres. Le Pliage es un producto pr\u00e1ctico y duradero que permite un uso regular. Para garantizar su durabilidad, tr\u00e1telo con cuidado.<\/span><\/p>\n<p><span dir=\"auto\">Para el mantenimiento del producto, aplique regularmente la crema incolora Longchamp con un cepillo suave en las zonas de cuero. Para eliminar la suciedad, limpie todo el forro con un pa\u00f1o o un cepillo suave, agua y jab\u00f3n neutro.<\/span><\/p>\n<\/div>\n<\/div>\n","protected":false},"excerpt":{"rendered":"<p>LE PLIAGE Este bolso tote te cautivar\u00e1 con su silueta minimalista y amplio volumen, ideal para guardar f\u00e1cilmente todos tus<\/p>\n","protected":false},"featured_media":96821,"comment_status":"open","ping_status":"closed","template":"","meta":{"nf_dc_page":""},"product_brand":[2584],"product_cat":[74],"product_tag":[2585],"class_list":{"0":"post-96820","1":"product","2":"type-product","3":"status-publish","4":"has-post-thumbnail","6":"product_brand-longchamp","7":"product_cat-accesorios-fem","8":"product_tag-l1899919m04","10":"first","11":"outofstock","12":"shipping-taxable","13":"purchasable","14":"product-type-simple"},"_links":{"self":[{"href":"https:\/\/brandss.com.py\/index\/wp-json\/wp\/v2\/product\/96820","targetHints":{"allow":["GET"]}}],"collection":[{"href":"https:\/\/brandss.com.py\/index\/wp-json\/wp\/v2\/product"}],"about":[{"href":"https:\/\/brandss.com.py\/index\/wp-json\/wp\/v2\/types\/product"}],"replies":[{"embeddable":true,"href":"https:\/\/brandss.com.py\/index\/wp-json\/wp\/v2\/comments?post=96820"}],"version-history":[{"count":1,"href":"https:\/\/brandss.com.py\/index\/wp-json\/wp\/v2\/product\/96820\/revisions"}],"predecessor-version":[{"id":96827,"href":"https:\/\/brandss.com.py\/index\/wp-json\/wp\/v2\/product\/96820\/revisions\/96827"}],"wp:featuredmedia":[{"embeddable":true,"href":"https:\/\/brandss.com.py\/index\/wp-json\/wp\/v2\/media\/96821"}],"wp:attachment":[{"href":"https:\/\/brandss.com.py\/index\/wp-json\/wp\/v2\/media?parent=96820"}],"wp:term":[{"taxonomy":"product_brand","embeddable":true,"href":"https:\/\/brandss.com.py\/index\/wp-json\/wp\/v2\/product_brand?post=96820"},{"taxonomy":"product_cat","embeddable":true,"href":"https:\/\/brandss.com.py\/index\/wp-json\/wp\/v2\/product_cat?post=96820"},{"taxonomy":"product_tag","embeddable":true,"href":"https:\/\/brandss.com.py\/index\/wp-json\/wp\/v2\/product_tag?post=96820"}],"curies":[{"name":"wp","href":"https:\/\/api.w.org\/{rel}","templated":true}]}}