{"id":96828,"date":"2026-01-24T18:21:32","date_gmt":"2026-01-24T18:21:32","guid":{"rendered":"https:\/\/brandss.com.py\/index\/?post_type=product&#038;p=96828"},"modified":"2026-04-16T17:01:50","modified_gmt":"2026-04-16T17:01:50","slug":"bolso-de-mano-femenino-longchamp-le-pliage-original-acero","status":"publish","type":"product","link":"https:\/\/brandss.com.py\/index\/producto\/bolso-de-mano-femenino-longchamp-le-pliage-original-acero\/","title":{"rendered":"BOLSO DE MANO FEMENINO LONGCHAMP LE PLIAGE ORIGINAL ACERO"},"content":{"rendered":"<p><img loading=\"lazy\" decoding=\"async\" class=\"\" src=\"https:\/\/upload.wikimedia.org\/wikipedia\/commons\/thumb\/f\/fe\/Longchamp_logo.svg\/1280px-Longchamp_logo.svg.png\" alt=\"Archivo:Longchamp logo.svg - Wikipedia, la enciclopedia libre\" width=\"139\" height=\"37\" \/><\/p>\n<h1>LE PLIAGE ORIGINAL<\/h1>\n<p class=\"description__medium\"><span dir=\"auto\">Este bolso tote te cautivar\u00e1 con su silueta minimalista y su volumen compacto, e incluso se puede plegar al tama\u00f1o de un libro de bolsillo. Sus largas asas te permiten llevarlo c\u00f3modamente al hombro, mientras que su cierre de cremallera garantiza la seguridad de todas tus pertenencias.<\/span><\/p>\n<div class=\"content-text\">\n<p class=\"description__linetxt\"><span dir=\"auto\">Ic\u00f3nico y mundialmente famoso, Le PLIAGE se inspira en el origami. Plegable, f\u00e1cil de usar y ligero, su ingenio cautiva a todas las generaciones. Su solapa y asas de cuero ruso, sus asas y su cierre a presi\u00f3n lo hacen reconocible a simple vista.<\/span><\/p>\n<div class=\"accordion__content lon-overlay active\" data-overlay-product-info=\"overlay-product-details\">\n<div class=\"lon-overlay__body\">\n<div class=\"lon-overlay-titles\">\n<div class=\"lon-overlay-title\">\n<h2><span dir=\"auto\">Detalles\u00a0<\/span><\/h2>\n<\/div>\n<div class=\"lon-overlay-subtitle\"><\/div>\n<\/div>\n<ul class=\"list fs-s\">\n<li class=\"mt-05\"><span dir=\"auto\">Modelo: L2605089P80.<\/span><\/li>\n<li class=\"mt-05\"><span dir=\"auto\">Dimensiones: 28 cm (largo &#8211; medido en la base del bolso) x 26,5 cm (alto) x 15,5 cm (ancho).<\/span><\/li>\n<li class=\"mt-05\"><span dir=\"auto\">Material: Tejido de poliamida con un m\u00ednimo de 70% de fibras recicladas, con revestimiento interior.<\/span><\/li>\n<li class=\"mt-05 flex gots-grs\"><span dir=\"auto\">Herrajes met\u00e1licos: color dorado<\/span><\/li>\n<li class=\"mt-05\"><span dir=\"auto\">Adorno: cuero ruso (piel de vaca)<\/span><\/li>\n<li class=\"mt-05\"><span dir=\"auto\">Peso: 220 g<\/span><\/li>\n<li class=\"mt-05\"><span dir=\"auto\">Cierre: Cremallera y cierre a presi\u00f3n.<\/span><\/li>\n<li>Color: acero.<\/li>\n<\/ul>\n<h4 class=\"mb-0 \" role=\"heading\"><span dir=\"auto\">Detalles exteriores<\/span><\/h4>\n<ul class=\"list lon-list-info fs-s\">\n<li class=\"mt-05\"><span dir=\"auto\">Altura del mango: 21 cm.<\/span><\/li>\n<\/ul>\n<h4 class=\"mb-0 \" role=\"heading\"><span dir=\"auto\">Detalles interiores<\/span><\/h4>\n<ul class=\"list lon-list-info fs-s\">\n<li class=\"mt-05\"><span dir=\"auto\">Bolsillo plano: 2.<\/span><\/li>\n<li class=\"mt-05\"><span dir=\"auto\">Forro: Sin forro.<\/span><\/li>\n<li class=\"mt-05\"><span dir=\"auto\">Recubrimiento: nailon.<\/span><\/li>\n<\/ul>\n<\/div>\n<\/div>\n<p>&nbsp;<\/p>\n<div class=\"accordion__content lon-overlay active\" data-overlay-product-info=\"overlay-product-care\">\n<div class=\"lon-overlay__body\">\n<div class=\"lon-overlay-titles\">\n<div class=\"lon-overlay-title\">\n<h2><span dir=\"auto\">Cuidado del producto<\/span><\/h2>\n<\/div>\n<div class=\"lon-overlay-subtitle\"><\/div>\n<\/div>\n<ul class=\"list fs-s ff-light\">\n<li class=\"mt-05\"><span dir=\"auto\">Todos los art\u00edculos Longchamp se elaboran con sumo cuidado en nuestros talleres. Le Pliage es un producto pr\u00e1ctico y duradero que permite un uso regular. Para garantizar su durabilidad, tr\u00e1telo con cuidado.<\/span><\/li>\n<li class=\"mt-05\"><span dir=\"auto\">Para el mantenimiento del producto, aplique regularmente la crema incolora Longchamp con un cepillo suave en las zonas de cuero. Para eliminar la suciedad, limpie todo el forro con un pa\u00f1o o un cepillo suave, agua y jab\u00f3n neutro.<\/span><\/li>\n<\/ul>\n<\/div>\n<\/div>\n<\/div>\n","protected":false},"excerpt":{"rendered":"<p>LE PLIAGE ORIGINAL Este bolso tote te cautivar\u00e1 con su silueta minimalista y su volumen compacto, e incluso se puede<\/p>\n","protected":false},"featured_media":96829,"comment_status":"open","ping_status":"closed","template":"","meta":{"nf_dc_page":""},"product_brand":[2584],"product_cat":[74],"product_tag":[2586],"class_list":{"0":"post-96828","1":"product","2":"type-product","3":"status-publish","4":"has-post-thumbnail","6":"product_brand-longchamp","7":"product_cat-accesorios-fem","8":"product_tag-l2605089p80","10":"first","11":"outofstock","12":"shipping-taxable","13":"purchasable","14":"product-type-simple"},"_links":{"self":[{"href":"https:\/\/brandss.com.py\/index\/wp-json\/wp\/v2\/product\/96828","targetHints":{"allow":["GET"]}}],"collection":[{"href":"https:\/\/brandss.com.py\/index\/wp-json\/wp\/v2\/product"}],"about":[{"href":"https:\/\/brandss.com.py\/index\/wp-json\/wp\/v2\/types\/product"}],"replies":[{"embeddable":true,"href":"https:\/\/brandss.com.py\/index\/wp-json\/wp\/v2\/comments?post=96828"}],"version-history":[{"count":1,"href":"https:\/\/brandss.com.py\/index\/wp-json\/wp\/v2\/product\/96828\/revisions"}],"predecessor-version":[{"id":96836,"href":"https:\/\/brandss.com.py\/index\/wp-json\/wp\/v2\/product\/96828\/revisions\/96836"}],"wp:featuredmedia":[{"embeddable":true,"href":"https:\/\/brandss.com.py\/index\/wp-json\/wp\/v2\/media\/96829"}],"wp:attachment":[{"href":"https:\/\/brandss.com.py\/index\/wp-json\/wp\/v2\/media?parent=96828"}],"wp:term":[{"taxonomy":"product_brand","embeddable":true,"href":"https:\/\/brandss.com.py\/index\/wp-json\/wp\/v2\/product_brand?post=96828"},{"taxonomy":"product_cat","embeddable":true,"href":"https:\/\/brandss.com.py\/index\/wp-json\/wp\/v2\/product_cat?post=96828"},{"taxonomy":"product_tag","embeddable":true,"href":"https:\/\/brandss.com.py\/index\/wp-json\/wp\/v2\/product_tag?post=96828"}],"curies":[{"name":"wp","href":"https:\/\/api.w.org\/{rel}","templated":true}]}}