{"id":96846,"date":"2026-01-26T11:02:49","date_gmt":"2026-01-26T11:02:49","guid":{"rendered":"https:\/\/brandss.com.py\/index\/?post_type=product&#038;p=96846"},"modified":"2026-04-16T17:01:50","modified_gmt":"2026-04-16T17:01:50","slug":"bolso-de-mano-femenino-longchamp-le-pliage-original-ebano","status":"publish","type":"product","link":"https:\/\/brandss.com.py\/index\/producto\/bolso-de-mano-femenino-longchamp-le-pliage-original-ebano\/","title":{"rendered":"BOLSO DE MANO FEMENINO LONGCHAMP LE PLIAGE ORIGINAL EBANO"},"content":{"rendered":"<p><img loading=\"lazy\" decoding=\"async\" class=\"\" src=\"https:\/\/upload.wikimedia.org\/wikipedia\/commons\/thumb\/f\/fe\/Longchamp_logo.svg\/1280px-Longchamp_logo.svg.png\" alt=\"Archivo:Longchamp logo.svg - Wikipedia, la enciclopedia libre\" width=\"120\" height=\"32\" \/><\/p>\n<h1>LE PLIAGE ORIGINAL<\/h1>\n<p>D\u00e9jese cautivar por este bolso tote con una silueta minimalista y un volumen compacto; incluso se puede plegar para que adopte el tama\u00f1o de un libro de bolsillo. Sus largas asas hacen que pueda llevarse c\u00f3modamente al hombro, y el cierre con cremallera mantendr\u00e1 a salvo todas sus pertenencias.<\/p>\n<p>Longchamp se inspir\u00f3 en el origami al crear LE PLIAGE, un ligero bolso plegable que desde entonces se ha convertido en un objeto de culto en todo el mundo.LE PLIAGE est\u00e1 disponible en una multitud de formas y tama\u00f1os y en diferentes colores cada temporada. Ideal para un uso diario, LE PLIAGE es ligero como una pluma, se dobla hasta el tama\u00f1o de un libro de bolsillo y es lo suficientemente resistente como para tener a mano todo lo que necesite.<\/p>\n<h3>Caracter\u00edsticas<\/h3>\n<p>Genero: Femenino.<\/p>\n<p>Color: Ebano.<\/p>\n<p>Modelo: L2605089P81.<\/p>\n<p>Dimensiones: 26,5 x 28 x 15,5.<\/p>\n<p>Composici\u00f3n: Lona de poliamida con revestimiento interior.<\/p>\n<p>Herrajes met\u00e1licos: Color oro.<\/p>\n<p>Ribete: Piel rusa (piel de vaqueta).<\/p>\n<p>Cierre: Cierre de cremallera y a presi\u00f3n.<\/p>\n<p>Detalles interiores: Bolsillo sobrepuesto : 1.<\/p>\n<p>Bolsillo sobrepuesto: 2.<\/p>\n<p>&nbsp;<\/p>\n<h3>Cuidados generales<\/h3>\n<p>Todos los art\u00edculos Longchamp se elaboran con el mayor cuidado en nuestros talleres. Le Pliage es un producto pr\u00e1ctico y duradero que permite un uso regular. Para garantizar la longevidad del producto, tr\u00e1telo con cuidado.<\/p>\n<p>&nbsp;<\/p>\n<h3>Cuidados especiales<\/h3>\n<p>Para mantener el producto en buenas condiciones, aplique la crema incolora Longchamp con un cepillo suave en las zonas de piel con regularidad. Para eliminar la suciedad, limpie todo el forro usando un trapo o un cepillo suave con agua y jab\u00f3n neutro.<\/p>\n","protected":false},"excerpt":{"rendered":"<p>LE PLIAGE ORIGINAL D\u00e9jese cautivar por este bolso tote con una silueta minimalista y un volumen compacto; incluso se puede<\/p>\n","protected":false},"featured_media":96847,"comment_status":"open","ping_status":"closed","template":"","meta":{"nf_dc_page":""},"product_brand":[2584],"product_cat":[74],"product_tag":[2588],"class_list":{"0":"post-96846","1":"product","2":"type-product","3":"status-publish","4":"has-post-thumbnail","6":"product_brand-longchamp","7":"product_cat-accesorios-fem","8":"product_tag-l2605089p81","10":"first","11":"outofstock","12":"shipping-taxable","13":"purchasable","14":"product-type-simple"},"_links":{"self":[{"href":"https:\/\/brandss.com.py\/index\/wp-json\/wp\/v2\/product\/96846","targetHints":{"allow":["GET"]}}],"collection":[{"href":"https:\/\/brandss.com.py\/index\/wp-json\/wp\/v2\/product"}],"about":[{"href":"https:\/\/brandss.com.py\/index\/wp-json\/wp\/v2\/types\/product"}],"replies":[{"embeddable":true,"href":"https:\/\/brandss.com.py\/index\/wp-json\/wp\/v2\/comments?post=96846"}],"version-history":[{"count":1,"href":"https:\/\/brandss.com.py\/index\/wp-json\/wp\/v2\/product\/96846\/revisions"}],"predecessor-version":[{"id":96851,"href":"https:\/\/brandss.com.py\/index\/wp-json\/wp\/v2\/product\/96846\/revisions\/96851"}],"wp:featuredmedia":[{"embeddable":true,"href":"https:\/\/brandss.com.py\/index\/wp-json\/wp\/v2\/media\/96847"}],"wp:attachment":[{"href":"https:\/\/brandss.com.py\/index\/wp-json\/wp\/v2\/media?parent=96846"}],"wp:term":[{"taxonomy":"product_brand","embeddable":true,"href":"https:\/\/brandss.com.py\/index\/wp-json\/wp\/v2\/product_brand?post=96846"},{"taxonomy":"product_cat","embeddable":true,"href":"https:\/\/brandss.com.py\/index\/wp-json\/wp\/v2\/product_cat?post=96846"},{"taxonomy":"product_tag","embeddable":true,"href":"https:\/\/brandss.com.py\/index\/wp-json\/wp\/v2\/product_tag?post=96846"}],"curies":[{"name":"wp","href":"https:\/\/api.w.org\/{rel}","templated":true}]}}