{"id":96854,"date":"2026-01-26T13:08:37","date_gmt":"2026-01-26T13:08:37","guid":{"rendered":"https:\/\/brandss.com.py\/index\/?post_type=product&#038;p=96854"},"modified":"2026-04-16T17:01:50","modified_gmt":"2026-04-16T17:01:50","slug":"bolso-de-mano-femenino-longchamp-le-pliage-gray","status":"publish","type":"product","link":"https:\/\/brandss.com.py\/index\/producto\/bolso-de-mano-femenino-longchamp-le-pliage-gray\/","title":{"rendered":"BOLSO DE MANO FEMENINO LONGCHAMP LE PLIAGE GRAY"},"content":{"rendered":"<p><img loading=\"lazy\" decoding=\"async\" class=\"\" src=\"https:\/\/upload.wikimedia.org\/wikipedia\/commons\/thumb\/f\/fe\/Longchamp_logo.svg\/1280px-Longchamp_logo.svg.png\" alt=\"Archivo:Longchamp logo.svg - Wikipedia, la enciclopedia libre\" width=\"131\" height=\"35\" \/><\/p>\n<h1>LE PLIAGE<\/h1>\n<p class=\"description_long\"><span dir=\"auto\">Este bolso tote te cautivar\u00e1 con su silueta minimalista y su volumen compacto, e incluso se puede plegar al tama\u00f1o de un libro de bolsillo. Sus largas asas te permiten llevarlo c\u00f3modamente al hombro, mientras que su cierre de cremallera garantiza la seguridad de todas tus pertenencias.<\/span><\/p>\n<p class=\"description_linetext\"><span dir=\"auto\">Longchamp se inspir\u00f3 en el origami para crear LE PLIAGE, un bolso ligero y plegable que se ha convertido en un objeto de culto en todo el mundo. La l\u00ednea LE PLIAGE est\u00e1 disponible en multitud de formas y tama\u00f1os, y en numerosos colores cada temporada. Ideal para el d\u00eda a d\u00eda, LE PLIAGE es ligero como una pluma, se pliega al tama\u00f1o de un libro de bolsillo y es lo suficientemente resistente como para tener todos tus objetos esenciales a mano.<\/span><\/p>\n<div>\n<div class=\"summary__title\">\n<h3 class=\"h4 accordion__title inline-richtext\"><span dir=\"auto\">Detalles<\/span><\/h3>\n<\/div>\n<\/div>\n<div id=\"ProductAccordion-collapsible_tab_KyegEN-template--19452869509164__main\" class=\"accordion__content rte\">\n<ul>\n<li><span dir=\"auto\">Modelo: L2605089300.<\/span><\/li>\n<li><span dir=\"auto\">Dimensiones: Largo 28 x Ancho 14 x Alto 25 cm.<\/span><\/li>\n<li><span dir=\"auto\">Material: Lona de poliamida reciclada con revestimiento interior.<\/span><\/li>\n<li><span dir=\"auto\">Herrajes met\u00e1licos: color dorado.<\/span><\/li>\n<li><span dir=\"auto\">Adorno: cuero ruso (piel de vaca).<\/span><\/li>\n<li><span dir=\"auto\">Peso: 220 g.<\/span><\/li>\n<\/ul>\n<ul>\n<li>\n<h4><span dir=\"auto\">Detalles exteriores<\/span><\/h4>\n<\/li>\n<li><span dir=\"auto\">Altura del mango: 21 cm<\/span><\/li>\n<li><span dir=\"auto\">Cierre: Cremallera y cierre a presi\u00f3n.<\/span><\/li>\n<\/ul>\n<ul>\n<li>\n<h4><span dir=\"auto\">Detalles interiores<\/span><\/h4>\n<\/li>\n<li><span dir=\"auto\">Bolsillo plano: 2<\/span><\/li>\n<\/ul>\n<div>\n<div class=\"summary__title\">\n<h3 class=\"h4 accordion__title inline-richtext\"><span dir=\"auto\">CUIDADO DEL PRODUCTO<\/span><\/h3>\n<\/div>\n<\/div>\n<div id=\"ProductAccordion-collapsible_tab_yUyhcj-template--19452869509164__main\" class=\"accordion__content rte\">\n<p><span dir=\"auto\">Todos los art\u00edculos Longchamp se elaboran con sumo cuidado en nuestros talleres. Le Pliage es un producto pr\u00e1ctico y duradero que permite un uso regular. Para garantizar su durabilidad, tr\u00e1telo con cuidado.<\/span><\/p>\n<p><span dir=\"auto\">Para el mantenimiento del producto, aplique regularmente la crema incolora Longchamp con un cepillo suave en las zonas de cuero. Para eliminar la suciedad, limpie todo el forro con un pa\u00f1o o un cepillo suave, agua y jab\u00f3n neutro.<\/span><\/p>\n<\/div>\n<\/div>\n","protected":false},"excerpt":{"rendered":"<p>LE PLIAGE Este bolso tote te cautivar\u00e1 con su silueta minimalista y su volumen compacto, e incluso se puede plegar<\/p>\n","protected":false},"featured_media":96855,"comment_status":"open","ping_status":"closed","template":"","meta":{"nf_dc_page":""},"product_brand":[2584],"product_cat":[74],"product_tag":[2589],"class_list":{"0":"post-96854","1":"product","2":"type-product","3":"status-publish","4":"has-post-thumbnail","6":"product_brand-longchamp","7":"product_cat-accesorios-fem","8":"product_tag-l2605089300","10":"first","11":"outofstock","12":"shipping-taxable","13":"purchasable","14":"product-type-simple"},"_links":{"self":[{"href":"https:\/\/brandss.com.py\/index\/wp-json\/wp\/v2\/product\/96854","targetHints":{"allow":["GET"]}}],"collection":[{"href":"https:\/\/brandss.com.py\/index\/wp-json\/wp\/v2\/product"}],"about":[{"href":"https:\/\/brandss.com.py\/index\/wp-json\/wp\/v2\/types\/product"}],"replies":[{"embeddable":true,"href":"https:\/\/brandss.com.py\/index\/wp-json\/wp\/v2\/comments?post=96854"}],"version-history":[{"count":2,"href":"https:\/\/brandss.com.py\/index\/wp-json\/wp\/v2\/product\/96854\/revisions"}],"predecessor-version":[{"id":96885,"href":"https:\/\/brandss.com.py\/index\/wp-json\/wp\/v2\/product\/96854\/revisions\/96885"}],"wp:featuredmedia":[{"embeddable":true,"href":"https:\/\/brandss.com.py\/index\/wp-json\/wp\/v2\/media\/96855"}],"wp:attachment":[{"href":"https:\/\/brandss.com.py\/index\/wp-json\/wp\/v2\/media?parent=96854"}],"wp:term":[{"taxonomy":"product_brand","embeddable":true,"href":"https:\/\/brandss.com.py\/index\/wp-json\/wp\/v2\/product_brand?post=96854"},{"taxonomy":"product_cat","embeddable":true,"href":"https:\/\/brandss.com.py\/index\/wp-json\/wp\/v2\/product_cat?post=96854"},{"taxonomy":"product_tag","embeddable":true,"href":"https:\/\/brandss.com.py\/index\/wp-json\/wp\/v2\/product_tag?post=96854"}],"curies":[{"name":"wp","href":"https:\/\/api.w.org\/{rel}","templated":true}]}}