{"id":96873,"date":"2026-01-26T14:29:55","date_gmt":"2026-01-26T14:29:55","guid":{"rendered":"https:\/\/brandss.com.py\/index\/?post_type=product&#038;p=96873"},"modified":"2026-04-16T17:01:50","modified_gmt":"2026-04-16T17:01:50","slug":"bolso-bandolera-femenino-longchamp-le-pliage-energy-s-dusty-rose","status":"publish","type":"product","link":"https:\/\/brandss.com.py\/index\/producto\/bolso-bandolera-femenino-longchamp-le-pliage-energy-s-dusty-rose\/","title":{"rendered":"BOLSO BANDOLERA FEMENINO LONGCHAMP LE PLIAGE ENERGY S DUSTY ROSE"},"content":{"rendered":"<p><img loading=\"lazy\" decoding=\"async\" class=\"\" src=\"https:\/\/upload.wikimedia.org\/wikipedia\/commons\/thumb\/f\/fe\/Longchamp_logo.svg\/1280px-Longchamp_logo.svg.png\" alt=\"Archivo:Longchamp logo.svg - Wikipedia, la enciclopedia libre\" width=\"172\" height=\"46\" \/><\/p>\n<h1>LE PLIAGE ENERGY<\/h1>\n<div>\n<div><span dir=\"auto\">Suave y ligero, este peque\u00f1o bolso es ideal para llevar todo lo esencial. Combinando feminidad y l\u00edneas minimalistas, es un accesorio esencial para el d\u00eda a d\u00eda.<\/span><\/div>\n<div><span dir=\"auto\">Longchamp se inspir\u00f3 en el origami para crear LE PLIAGE, un bolso ligero que se ha convertido en un objeto de culto en todo el mundo. En esta versi\u00f3n urbana y resistente que respeta los recursos naturales, Le Pliage Energy, de nailon reciclado ECONYL, luce un estilo deportivo, moderno y pr\u00e1ctico. La lona lisa contrasta con los detalles de la l\u00ednea, como la cremallera con la firma, la cuerda reciclada en blanco y negro y la etiqueta de Longchamp. \u00a1Perfecto para el d\u00eda a d\u00eda!<\/span><\/div>\n<\/div>\n<p>&nbsp;<\/p>\n<h3>Detalles<\/h3>\n<p>&nbsp;<\/p>\n<ul>\n<li><span dir=\"auto\">Modelo: L1512HSR538.<\/span><\/li>\n<li><span dir=\"auto\">Dimensiones: 9,8 pulgadas (largo) x 9,1 pulgadas (alto) x 6,3 pulgadas (ancho).<\/span><\/li>\n<li><span dir=\"auto\">Material: Lona de poliamida reciclada Econyl.<\/span><\/li>\n<li><span dir=\"auto\">Herrajes met\u00e1licos: color plata.<\/span><\/li>\n<li><span dir=\"auto\">Adorno: Piel de vacuno.<\/span><\/li>\n<li><span dir=\"auto\">Forro: Textil reciclado.<\/span><\/li>\n<li><span dir=\"auto\">Peso: 0,71 libras.<\/span><\/li>\n<li>Color: dusty rose<\/li>\n<\/ul>\n<h3><span dir=\"auto\">Detalles exteriores<\/span><\/h3>\n<ul>\n<li><span dir=\"auto\">Altura de la correa: 55 cm \/ 21,7 pulgadas.<\/span><\/li>\n<li><span dir=\"auto\">Cierre: Cierre de cremallera.<\/span><\/li>\n<li><span dir=\"auto\">Correa: Correa de hombro fija ajustable.<\/span><\/li>\n<\/ul>\n<h3><span dir=\"auto\">Detalles interiores<\/span><\/h3>\n<ul>\n<li><span dir=\"auto\">Bolsillo plano: 2.<\/span><\/li>\n<\/ul>\n<ul class=\"lc_overlay-overlay lc_accordion-overlay\">\n<li>\n<div class=\"accordion__content lon-overlay active\" data-overlay-product-info=\"overlay-product-care\">\n<div class=\"lon-overlay__body\">\n<div class=\"lon-overlay-titles\">\n<div class=\"lon-overlay-title\">\n<h2><span dir=\"auto\">Cuidado del producto<\/span><\/h2>\n<\/div>\n<div class=\"lon-overlay-subtitle\"><\/div>\n<\/div>\n<ul class=\"list fs-s ff-light\">\n<li class=\"mt-05\"><span dir=\"auto\">Todos los art\u00edculos Longchamp se elaboran con sumo cuidado en nuestros talleres. Le Pliage es un producto pr\u00e1ctico y duradero que permite un uso regular. Para garantizar su durabilidad, tr\u00e1telo con cuidado.<\/span><\/li>\n<li class=\"mt-05\"><span dir=\"auto\">Este producto puede protegerse aplicando un impermeabilizante, siguiendo las recomendaciones dadas por el fabricante.<\/span><\/li>\n<\/ul>\n<\/div>\n<\/div>\n<\/li>\n<\/ul>\n","protected":false},"excerpt":{"rendered":"<p>LE PLIAGE ENERGY Suave y ligero, este peque\u00f1o bolso es ideal para llevar todo lo esencial. Combinando feminidad y l\u00edneas<\/p>\n","protected":false},"featured_media":96874,"comment_status":"open","ping_status":"closed","template":"","meta":{"nf_dc_page":""},"product_brand":[2584],"product_cat":[74],"product_tag":[2592],"class_list":{"0":"post-96873","1":"product","2":"type-product","3":"status-publish","4":"has-post-thumbnail","6":"product_brand-longchamp","7":"product_cat-accesorios-fem","8":"product_tag-l1512hsr538","10":"first","11":"outofstock","12":"shipping-taxable","13":"purchasable","14":"product-type-simple"},"_links":{"self":[{"href":"https:\/\/brandss.com.py\/index\/wp-json\/wp\/v2\/product\/96873","targetHints":{"allow":["GET"]}}],"collection":[{"href":"https:\/\/brandss.com.py\/index\/wp-json\/wp\/v2\/product"}],"about":[{"href":"https:\/\/brandss.com.py\/index\/wp-json\/wp\/v2\/types\/product"}],"replies":[{"embeddable":true,"href":"https:\/\/brandss.com.py\/index\/wp-json\/wp\/v2\/comments?post=96873"}],"version-history":[{"count":1,"href":"https:\/\/brandss.com.py\/index\/wp-json\/wp\/v2\/product\/96873\/revisions"}],"predecessor-version":[{"id":96877,"href":"https:\/\/brandss.com.py\/index\/wp-json\/wp\/v2\/product\/96873\/revisions\/96877"}],"wp:featuredmedia":[{"embeddable":true,"href":"https:\/\/brandss.com.py\/index\/wp-json\/wp\/v2\/media\/96874"}],"wp:attachment":[{"href":"https:\/\/brandss.com.py\/index\/wp-json\/wp\/v2\/media?parent=96873"}],"wp:term":[{"taxonomy":"product_brand","embeddable":true,"href":"https:\/\/brandss.com.py\/index\/wp-json\/wp\/v2\/product_brand?post=96873"},{"taxonomy":"product_cat","embeddable":true,"href":"https:\/\/brandss.com.py\/index\/wp-json\/wp\/v2\/product_cat?post=96873"},{"taxonomy":"product_tag","embeddable":true,"href":"https:\/\/brandss.com.py\/index\/wp-json\/wp\/v2\/product_tag?post=96873"}],"curies":[{"name":"wp","href":"https:\/\/api.w.org\/{rel}","templated":true}]}}