{"id":96878,"date":"2026-01-26T14:48:26","date_gmt":"2026-01-26T14:48:26","guid":{"rendered":"https:\/\/brandss.com.py\/index\/?post_type=product&#038;p=96878"},"modified":"2026-04-16T17:01:50","modified_gmt":"2026-04-16T17:01:50","slug":"bolso-bandolera-femenino-longchamp-le-pliage-energy-xs-espino","status":"publish","type":"product","link":"https:\/\/brandss.com.py\/index\/producto\/bolso-bandolera-femenino-longchamp-le-pliage-energy-xs-espino\/","title":{"rendered":"BOLSO BANDOLERA FEMENINO LONGCHAMP LE PLIAGE ENERGY XS ESPINO"},"content":{"rendered":"<p><img loading=\"lazy\" decoding=\"async\" class=\"\" src=\"https:\/\/upload.wikimedia.org\/wikipedia\/commons\/thumb\/f\/fe\/Longchamp_logo.svg\/1280px-Longchamp_logo.svg.png\" alt=\"Archivo:Longchamp logo.svg - Wikipedia, la enciclopedia libre\" width=\"135\" height=\"36\" \/><\/p>\n<h1>LE PLIAGE ENERGY XS<\/h1>\n<p class=\"description__medium\"><span dir=\"auto\">Una versi\u00f3n en miniatura de nuestro ic\u00f3nico bolso de mano, este peque\u00f1o bolso es el accesorio glamuroso ideal para acompa\u00f1arte en todas tus veladas. Equipado con una correa corta y ajustable para el hombro, puede llevarse en la mano o como bolso de mano.<\/span><\/p>\n<div class=\"content-text\">\n<p class=\"description__linetxt\"><span dir=\"auto\">Fiel a la filosof\u00eda PLIAGE, la l\u00ednea se reinventa a trav\u00e9s de las colecciones y temporadas para abrazar la vida con un estilo de vida creativo pero din\u00e1mico.<\/span><\/p>\n<div class=\"accordion__content lon-overlay active\" data-overlay-product-info=\"overlay-product-details\">\n<div class=\"lon-overlay__body\">\n<div class=\"lon-overlay-titles\">\n<div class=\"lon-overlay-title\">\n<h2><span dir=\"auto\">Detalles del producto<\/span><\/h2>\n<\/div>\n<div class=\"lon-overlay-subtitle\"><\/div>\n<\/div>\n<ul class=\"list fs-s\">\n<li class=\"mt-05\"><span dir=\"auto\">Referencia: L1500HSR538.<\/span><\/li>\n<li class=\"mt-05\"><span dir=\"auto\">Dimensiones: 17 cm (largo &#8211; medido en la base de la bolsa) x 14 cm (alto) x 10 cm (ancho).<\/span><\/li>\n<li class=\"mt-05\"><span dir=\"auto\">Material: Lona 100% poliamida elaborada con fibras 100% recicladas.<\/span><\/li>\n<li class=\"mt-05\"><span dir=\"auto\">Herrajes met\u00e1licos: color plata.<\/span><\/li>\n<li class=\"mt-05\"><span dir=\"auto\">Adorno: Piel de vacuno.<\/span><\/li>\n<li class=\"mt-05\"><span dir=\"auto\">Peso: 206 g.<\/span><\/li>\n<li class=\"mt-05\"><span dir=\"auto\">Cierre: Cierre de cremallera.<\/span><\/li>\n<li>Color: espino.<\/li>\n<\/ul>\n<h4 class=\"mb-0 \" role=\"heading\"><span dir=\"auto\">Detalles exteriores<\/span><\/h4>\n<ul class=\"list lon-list-info fs-s\">\n<li class=\"mt-05\"><span dir=\"auto\">Correa: ajustable y extra\u00edble.<\/span><\/li>\n<\/ul>\n<h4 class=\"mb-0 \" role=\"heading\"><span dir=\"auto\">Detalles interiores<\/span><\/h4>\n<ul class=\"list lon-list-info fs-s\">\n<li class=\"mt-05\"><span dir=\"auto\">Bolsillo plano: 2.<\/span>\n<div class=\"lon-overlay__body\">\n<div class=\"lon-overlay-titles\">\n<div class=\"lon-overlay-title\">\n<h2><span dir=\"auto\">Cuidado del producto<\/span><\/h2>\n<\/div>\n<div class=\"lon-overlay-subtitle\"><\/div>\n<\/div>\n<ul class=\"list fs-s ff-light\">\n<li class=\"mt-05\"><span dir=\"auto\">Todos los art\u00edculos Longchamp se elaboran con sumo cuidado en nuestros talleres. Le Pliage es un producto pr\u00e1ctico y duradero que permite un uso regular. Para garantizar su durabilidad, tr\u00e1telo con cuidado.<\/span><\/li>\n<li class=\"mt-05\"><span dir=\"auto\">Este producto puede protegerse aplicando un impermeabilizante, siguiendo las recomendaciones dadas por el fabricante.<\/span><\/li>\n<\/ul>\n<\/div>\n<\/li>\n<\/ul>\n<\/div>\n<\/div>\n<\/div>\n","protected":false},"excerpt":{"rendered":"<p>LE PLIAGE ENERGY XS Una versi\u00f3n en miniatura de nuestro ic\u00f3nico bolso de mano, este peque\u00f1o bolso es el accesorio<\/p>\n","protected":false},"featured_media":96879,"comment_status":"open","ping_status":"closed","template":"","meta":{"nf_dc_page":""},"product_brand":[2584],"product_cat":[74],"product_tag":[2593],"class_list":{"0":"post-96878","1":"product","2":"type-product","3":"status-publish","4":"has-post-thumbnail","6":"product_brand-longchamp","7":"product_cat-accesorios-fem","8":"product_tag-l1500hsr538","10":"first","11":"outofstock","12":"shipping-taxable","13":"purchasable","14":"product-type-simple"},"_links":{"self":[{"href":"https:\/\/brandss.com.py\/index\/wp-json\/wp\/v2\/product\/96878","targetHints":{"allow":["GET"]}}],"collection":[{"href":"https:\/\/brandss.com.py\/index\/wp-json\/wp\/v2\/product"}],"about":[{"href":"https:\/\/brandss.com.py\/index\/wp-json\/wp\/v2\/types\/product"}],"replies":[{"embeddable":true,"href":"https:\/\/brandss.com.py\/index\/wp-json\/wp\/v2\/comments?post=96878"}],"version-history":[{"count":1,"href":"https:\/\/brandss.com.py\/index\/wp-json\/wp\/v2\/product\/96878\/revisions"}],"predecessor-version":[{"id":96884,"href":"https:\/\/brandss.com.py\/index\/wp-json\/wp\/v2\/product\/96878\/revisions\/96884"}],"wp:featuredmedia":[{"embeddable":true,"href":"https:\/\/brandss.com.py\/index\/wp-json\/wp\/v2\/media\/96879"}],"wp:attachment":[{"href":"https:\/\/brandss.com.py\/index\/wp-json\/wp\/v2\/media?parent=96878"}],"wp:term":[{"taxonomy":"product_brand","embeddable":true,"href":"https:\/\/brandss.com.py\/index\/wp-json\/wp\/v2\/product_brand?post=96878"},{"taxonomy":"product_cat","embeddable":true,"href":"https:\/\/brandss.com.py\/index\/wp-json\/wp\/v2\/product_cat?post=96878"},{"taxonomy":"product_tag","embeddable":true,"href":"https:\/\/brandss.com.py\/index\/wp-json\/wp\/v2\/product_tag?post=96878"}],"curies":[{"name":"wp","href":"https:\/\/api.w.org\/{rel}","templated":true}]}}