{"id":96886,"date":"2026-01-26T16:49:12","date_gmt":"2026-01-26T16:49:12","guid":{"rendered":"https:\/\/brandss.com.py\/index\/?post_type=product&#038;p=96886"},"modified":"2026-04-16T17:01:50","modified_gmt":"2026-04-16T17:01:50","slug":"bolso-bandolera-unisex-longchamp-le-pliage-energy-s-black","status":"publish","type":"product","link":"https:\/\/brandss.com.py\/index\/producto\/bolso-bandolera-unisex-longchamp-le-pliage-energy-s-black\/","title":{"rendered":"BOLSO BANDOLERA UNISEX LONGCHAMP LE PLIAGE ENERGY S BLACK"},"content":{"rendered":"<p><img loading=\"lazy\" decoding=\"async\" class=\"\" src=\"https:\/\/upload.wikimedia.org\/wikipedia\/commons\/thumb\/f\/fe\/Longchamp_logo.svg\/1280px-Longchamp_logo.svg.png\" alt=\"Archivo:Longchamp logo.svg - Wikipedia, la enciclopedia libre\" width=\"142\" height=\"38\" \/><\/p>\n<h1>LE PLIAGE ENERGY<\/h1>\n<p>Suave y ligero, este peque\u00f1o bolso es ideal para llevar todo lo esencial. Combinando feminidad y l\u00edneas minimalistas, es un accesorio esencial para el d\u00eda a d\u00eda. En esta versi\u00f3n urbana y resistente que respeta los recursos naturales, Le Pliage Energy, en nailon reciclado ECONYL, luce un estilo deportivo, moderno y pr\u00e1ctico. La lona lisa contrasta con los detalles de la l\u00ednea, como la cremallera con la firma, la cuerda reciclada en blanco y negro y la etiqueta Longchamp. \u00a1Perfecto para el d\u00eda a d\u00eda!<\/p>\n<div>\n<div class=\"summary__title\">\n<h2 class=\"h4 accordion__title inline-richtext\"><span dir=\"auto\">DETALLES\u00a0<\/span><\/h2>\n<\/div>\n<\/div>\n<div id=\"ProductAccordion-collapsible_tab_KyegEN-template--19452869509164__main\" class=\"accordion__content rte\">\n<ul>\n<li><span dir=\"auto\">Modelo: L1512HSR001.<\/span><\/li>\n<li><span dir=\"auto\">Dimensiones: 25 cm (largo) x 23 cm (alto) x 16 cm (ancho).<\/span><\/li>\n<li><span dir=\"auto\">Material: Lona de poliamida reciclada Econyl.<\/span><\/li>\n<li><span dir=\"auto\">Herrajes met\u00e1licos: color plata.<\/span><\/li>\n<li><span dir=\"auto\">Recorte: Piel de vaca.<\/span><\/li>\n<li><span dir=\"auto\">Forro: Poliamida reciclada &#8211; Cintas Longchamp estampadas.<\/span><\/li>\n<li><span dir=\"auto\">Peso: 323 g.<\/span><\/li>\n<li>Color: black<\/li>\n<\/ul>\n<h4><span dir=\"auto\">DETALLES EXTERIORES<\/span><\/h4>\n<ul>\n<li><span dir=\"auto\">Altura de la correa: 55 cm<\/span><\/li>\n<li><span dir=\"auto\">Ajustable: S\u00ed<\/span><\/li>\n<\/ul>\n<h4><span dir=\"auto\">DETALLES INTERIORES<\/span><\/h4>\n<ul>\n<li><span dir=\"auto\">Bolsillo plano: 2<\/span><\/li>\n<\/ul>\n<div>\n<div class=\"summary__title\">\n<h2 class=\"h4 accordion__title inline-richtext\"><span dir=\"auto\">CUIDADO DEL PRODUCTO<\/span><\/h2>\n<\/div>\n<\/div>\n<div id=\"ProductAccordion-collapsible_tab_yUyhcj-template--19452869509164__main\" class=\"accordion__content rte\">\n<ul>\n<li><span dir=\"auto\">Todos los art\u00edculos Longchamp se elaboran con sumo cuidado en nuestros talleres. Le Pliage es un producto pr\u00e1ctico y duradero que permite un uso regular. Para garantizar su durabilidad, tr\u00e1telo con cuidado.<\/span><\/li>\n<li><span dir=\"auto\">Este producto puede protegerse aplicando un impermeabilizante, siguiendo las recomendaciones dadas por el fabricante.<\/span><\/li>\n<\/ul>\n<\/div>\n<\/div>\n","protected":false},"excerpt":{"rendered":"<p>LE PLIAGE ENERGY Suave y ligero, este peque\u00f1o bolso es ideal para llevar todo lo esencial. Combinando feminidad y l\u00edneas<\/p>\n","protected":false},"featured_media":96887,"comment_status":"open","ping_status":"closed","template":"","meta":{"nf_dc_page":""},"product_brand":[2584],"product_cat":[74,77],"product_tag":[2594],"class_list":{"0":"post-96886","1":"product","2":"type-product","3":"status-publish","4":"has-post-thumbnail","6":"product_brand-longchamp","7":"product_cat-accesorios-fem","8":"product_cat-accesorios-masc","9":"product_tag-l1512hsr001","11":"first","12":"outofstock","13":"shipping-taxable","14":"purchasable","15":"product-type-simple"},"_links":{"self":[{"href":"https:\/\/brandss.com.py\/index\/wp-json\/wp\/v2\/product\/96886","targetHints":{"allow":["GET"]}}],"collection":[{"href":"https:\/\/brandss.com.py\/index\/wp-json\/wp\/v2\/product"}],"about":[{"href":"https:\/\/brandss.com.py\/index\/wp-json\/wp\/v2\/types\/product"}],"replies":[{"embeddable":true,"href":"https:\/\/brandss.com.py\/index\/wp-json\/wp\/v2\/comments?post=96886"}],"version-history":[{"count":1,"href":"https:\/\/brandss.com.py\/index\/wp-json\/wp\/v2\/product\/96886\/revisions"}],"predecessor-version":[{"id":96893,"href":"https:\/\/brandss.com.py\/index\/wp-json\/wp\/v2\/product\/96886\/revisions\/96893"}],"wp:featuredmedia":[{"embeddable":true,"href":"https:\/\/brandss.com.py\/index\/wp-json\/wp\/v2\/media\/96887"}],"wp:attachment":[{"href":"https:\/\/brandss.com.py\/index\/wp-json\/wp\/v2\/media?parent=96886"}],"wp:term":[{"taxonomy":"product_brand","embeddable":true,"href":"https:\/\/brandss.com.py\/index\/wp-json\/wp\/v2\/product_brand?post=96886"},{"taxonomy":"product_cat","embeddable":true,"href":"https:\/\/brandss.com.py\/index\/wp-json\/wp\/v2\/product_cat?post=96886"},{"taxonomy":"product_tag","embeddable":true,"href":"https:\/\/brandss.com.py\/index\/wp-json\/wp\/v2\/product_tag?post=96886"}],"curies":[{"name":"wp","href":"https:\/\/api.w.org\/{rel}","templated":true}]}}