{"id":96908,"date":"2026-01-26T18:50:30","date_gmt":"2026-01-26T18:50:30","guid":{"rendered":"https:\/\/brandss.com.py\/index\/?post_type=product&#038;p=96908"},"modified":"2026-04-16T17:01:49","modified_gmt":"2026-04-16T17:01:49","slug":"bolso-bandolera-unisex-longchamp-le-pliage-energy-xs-burdeos","status":"publish","type":"product","link":"https:\/\/brandss.com.py\/index\/producto\/bolso-bandolera-unisex-longchamp-le-pliage-energy-xs-burdeos\/","title":{"rendered":"BOLSO BANDOLERA UNISEX LONGCHAMP LE PLIAGE ENERGY XS BURDEOS"},"content":{"rendered":"<div class=\"wd-nav-wrapper wd-nav-tabs-wrapper text-center\">\n<p><img loading=\"lazy\" decoding=\"async\" class=\"\" src=\"https:\/\/upload.wikimedia.org\/wikipedia\/commons\/thumb\/f\/fe\/Longchamp_logo.svg\/1280px-Longchamp_logo.svg.png\" alt=\"Archivo:Longchamp logo.svg - Wikipedia, la enciclopedia libre\" width=\"135\" height=\"36\" \/><\/p>\n<\/div>\n<div class=\"wd-accordion-item\">\n<div id=\"tab-description\" class=\"entry-content woocommerce-Tabs-panel woocommerce-Tabs-panel--description wd-active panel wc-tab\" role=\"tabpanel\" aria-labelledby=\"tab-title-description\" data-accordion-index=\"description\">\n<div class=\"wc-tab-inner wd-entry-content\">\n<h1>LE PLIAGE ENERGY XS<\/h1>\n<p class=\"description__medium\"><span dir=\"auto\">Una versi\u00f3n en miniatura de nuestro ic\u00f3nico bolso de mano, este peque\u00f1o bolso es el accesorio glamuroso ideal para acompa\u00f1arte en todas tus veladas. Equipado con una correa corta y ajustable para el hombro, puede llevarse en la mano o como bolso de mano.<\/span><\/p>\n<div class=\"content-text\">\n<p class=\"description__linetxt\"><span dir=\"auto\">Fiel a la filosof\u00eda PLIAGE, la l\u00ednea se reinventa a trav\u00e9s de las colecciones y temporadas para abrazar la vida con un estilo de vida creativo pero din\u00e1mico.<\/span><\/p>\n<p><span dir=\"auto\">Este elegante bolso de mano extra peque\u00f1o Le Pliage Energy de Longchamp en color burdeos es ecol\u00f3gico y elegante, est\u00e1 hecho con lona de poliamida reciclada Econyl, herrajes met\u00e1licos de color plateado y detalles de piel de vaca.<\/span><\/p>\n<p><span dir=\"auto\">La correa de hombro ajustable, el cierre de cremallera y los dos bolsillos planos lo hacen pr\u00e1ctico para la vida diaria, mientras que el peso ligero de 206 g garantiza un transporte c\u00f3modo.<\/span><\/p>\n<h3><strong><span dir=\"auto\">Detalles:<\/span><\/strong><\/h3>\n<ul>\n<li>Modelo: <span dir=\"auto\">L1500HSR009.<\/span><\/li>\n<li><span dir=\"auto\">Material: Lona de poliamida reciclada Econyl.<\/span><\/li>\n<li><span dir=\"auto\">Herrajes met\u00e1licos: color plata.<\/span><\/li>\n<li><span dir=\"auto\">Adorno: Piel de vacuno.<\/span><\/li>\n<li><span dir=\"auto\">Forro: Textil reciclado.<\/span><\/li>\n<li><span dir=\"auto\">Altura de la correa: 55 cm.<\/span><\/li>\n<li><span dir=\"auto\">Bolsillo plano: 2.<\/span><\/li>\n<li><span dir=\"auto\">Cierre: Cierre de cremallera.<\/span><\/li>\n<li><span dir=\"auto\">Correa: Correa de hombro fija ajustable.<\/span><\/li>\n<li><span dir=\"auto\">Peso: 206 g.<\/span><\/li>\n<li><strong><span dir=\"auto\">Tama\u00f1o:<\/span><\/strong><span dir=\"auto\"> 17 cm (largo) x 10 cm (ancho) x 14 cm (alto).<\/span><\/li>\n<li><strong><span dir=\"auto\">Color:<\/span><\/strong><span dir=\"auto\"> burdeos.<\/span><\/li>\n<\/ul>\n<\/div>\n<div class=\"see-collection-div\">\n<div class=\"accordion__content lon-overlay active\" data-overlay-product-info=\"overlay-product-details\">\n<div class=\"lon-overlay__body\">\n<h4 class=\"mb-0 \" role=\"heading\"><span dir=\"auto\">Detalles exteriores<\/span><\/h4>\n<ul class=\"list lon-list-info fs-s\">\n<li class=\"mt-05\"><span dir=\"auto\">Correa: ajustable y extra\u00edble.<\/span><\/li>\n<\/ul>\n<h4 class=\"mb-0 \" role=\"heading\"><span dir=\"auto\">detalles interiores<\/span><\/h4>\n<ul class=\"list lon-list-info fs-s\">\n<li class=\"mt-05\"><span dir=\"auto\">Bolsillo plano: 2.<\/span>\n<div class=\"lon-overlay-titles\">\n<div class=\"lon-overlay-title\">\n<h2><span dir=\"auto\">Cuidado del producto<\/span><\/h2>\n<\/div>\n<div class=\"lon-overlay-subtitle\"><\/div>\n<\/div>\n<ul class=\"list fs-s ff-light\">\n<li class=\"mt-05\"><span dir=\"auto\">Todos los art\u00edculos Longchamp se elaboran con sumo cuidado en nuestros talleres. Le Pliage es un producto pr\u00e1ctico y duradero que permite un uso regular. Para garantizar su durabilidad, tr\u00e1telo con cuidado.<\/span><\/li>\n<li class=\"mt-05\"><span dir=\"auto\">Este producto puede protegerse aplicando un impermeabilizante, siguiendo las recomendaciones dadas por el fabricante.<\/span><\/li>\n<\/ul>\n<\/li>\n<\/ul>\n<\/div>\n<\/div>\n<\/div>\n<\/div>\n<\/div>\n<\/div>\n","protected":false},"excerpt":{"rendered":"<p>LE PLIAGE ENERGY XS Una versi\u00f3n en miniatura de nuestro ic\u00f3nico bolso de mano, este peque\u00f1o bolso es el accesorio<\/p>\n","protected":false},"featured_media":96909,"comment_status":"open","ping_status":"closed","template":"","meta":{"nf_dc_page":""},"product_brand":[2584],"product_cat":[74,77],"product_tag":[2597],"class_list":{"0":"post-96908","1":"product","2":"type-product","3":"status-publish","4":"has-post-thumbnail","6":"product_brand-longchamp","7":"product_cat-accesorios-fem","8":"product_cat-accesorios-masc","9":"product_tag-l1500hsr009","11":"first","12":"outofstock","13":"shipping-taxable","14":"purchasable","15":"product-type-simple"},"_links":{"self":[{"href":"https:\/\/brandss.com.py\/index\/wp-json\/wp\/v2\/product\/96908","targetHints":{"allow":["GET"]}}],"collection":[{"href":"https:\/\/brandss.com.py\/index\/wp-json\/wp\/v2\/product"}],"about":[{"href":"https:\/\/brandss.com.py\/index\/wp-json\/wp\/v2\/types\/product"}],"replies":[{"embeddable":true,"href":"https:\/\/brandss.com.py\/index\/wp-json\/wp\/v2\/comments?post=96908"}],"version-history":[{"count":3,"href":"https:\/\/brandss.com.py\/index\/wp-json\/wp\/v2\/product\/96908\/revisions"}],"predecessor-version":[{"id":96915,"href":"https:\/\/brandss.com.py\/index\/wp-json\/wp\/v2\/product\/96908\/revisions\/96915"}],"wp:featuredmedia":[{"embeddable":true,"href":"https:\/\/brandss.com.py\/index\/wp-json\/wp\/v2\/media\/96909"}],"wp:attachment":[{"href":"https:\/\/brandss.com.py\/index\/wp-json\/wp\/v2\/media?parent=96908"}],"wp:term":[{"taxonomy":"product_brand","embeddable":true,"href":"https:\/\/brandss.com.py\/index\/wp-json\/wp\/v2\/product_brand?post=96908"},{"taxonomy":"product_cat","embeddable":true,"href":"https:\/\/brandss.com.py\/index\/wp-json\/wp\/v2\/product_cat?post=96908"},{"taxonomy":"product_tag","embeddable":true,"href":"https:\/\/brandss.com.py\/index\/wp-json\/wp\/v2\/product_tag?post=96908"}],"curies":[{"name":"wp","href":"https:\/\/api.w.org\/{rel}","templated":true}]}}