{"id":96962,"date":"2026-01-27T17:14:53","date_gmt":"2026-01-27T17:14:53","guid":{"rendered":"https:\/\/brandss.com.py\/index\/?post_type=product&#038;p=96962"},"modified":"2026-04-16T17:01:49","modified_gmt":"2026-04-16T17:01:49","slug":"bolso-bandolera-unisex-longchamp-le-pliage-original-small-forest","status":"publish","type":"product","link":"https:\/\/brandss.com.py\/index\/producto\/bolso-bandolera-unisex-longchamp-le-pliage-original-small-forest\/","title":{"rendered":"BOLSO BANDOLERA UNISEX LONGCHAMP LE PLIAGE ORIGINAL SMALL FOREST"},"content":{"rendered":"<p><img loading=\"lazy\" decoding=\"async\" class=\"\" src=\"https:\/\/upload.wikimedia.org\/wikipedia\/commons\/thumb\/f\/fe\/Longchamp_logo.svg\/1280px-Longchamp_logo.svg.png\" alt=\"Archivo:Longchamp logo.svg - Wikipedia, la enciclopedia libre\" width=\"161\" height=\"43\" \/><\/p>\n<h1>LE PLIAGE ORIGINAL<\/h1>\n<p>Ideal para organizar su bolso, este neceser con cremallera y asa puede contener todos sus objetos de belleza con facilidad. Longchamp se inspir\u00f3 en el origami al crear LE PLIAGE, un ligero bolso plegable que desde entonces se ha convertido en un objeto de culto en todo el mundo.LE PLIAGE est\u00e1 disponible en una multitud de formas y tama\u00f1os y en diferentes colores cada temporada. Ideal para un uso diario, LE PLIAGE es ligero como una pluma, se dobla hasta el tama\u00f1o de un libro de bolsillo y es lo suficientemente resistente como para tener a mano todo lo que necesite.<\/p>\n<h3>Caracter\u00edsticas<\/h3>\n<p>Genero: Unisex.<\/p>\n<p>Color: Forest.<\/p>\n<p>Modelo: 34175089549.<\/p>\n<p>Dimensiones: 11 x 17 x 5,5.<\/p>\n<p>Composici\u00f3n: Lona de poliamida con revestimiento interior.<\/p>\n<p>Herrajes met\u00e1licos: Color oro.<\/p>\n<p>Ribete: Piel rusa (piel de vaqueta).<\/p>\n<p>Cierre: Solapa con cierre a presi\u00f3n.<\/p>\n<h3>Cuidados<\/h3>\n<p>Todos los art\u00edculos Longchamp se elaboran con el mayor cuidado en nuestros talleres. Le Pliage es un producto pr\u00e1ctico y duradero que permite un uso regular. Para garantizar la longevidad del producto, tr\u00e1telo con cuidado.<\/p>\n<p>Para mantener el producto en buenas condiciones, aplique la crema incolora Longchamp con un cepillo suave en las zonas de piel con regularidad. Para eliminar la suciedad, limpie todo el forro usando un trapo o un cepillo suave con agua y jab\u00f3n neutro.<\/p>\n","protected":false},"excerpt":{"rendered":"<p>LE PLIAGE ORIGINAL Ideal para organizar su bolso, este neceser con cremallera y asa puede contener todos sus objetos de<\/p>\n","protected":false},"featured_media":96963,"comment_status":"open","ping_status":"closed","template":"","meta":{"nf_dc_page":""},"product_brand":[2584],"product_cat":[74,77],"product_tag":[2604],"class_list":{"0":"post-96962","1":"product","2":"type-product","3":"status-publish","4":"has-post-thumbnail","6":"product_brand-longchamp","7":"product_cat-accesorios-fem","8":"product_cat-accesorios-masc","9":"product_tag-2604","11":"first","12":"outofstock","13":"shipping-taxable","14":"purchasable","15":"product-type-simple"},"_links":{"self":[{"href":"https:\/\/brandss.com.py\/index\/wp-json\/wp\/v2\/product\/96962","targetHints":{"allow":["GET"]}}],"collection":[{"href":"https:\/\/brandss.com.py\/index\/wp-json\/wp\/v2\/product"}],"about":[{"href":"https:\/\/brandss.com.py\/index\/wp-json\/wp\/v2\/types\/product"}],"replies":[{"embeddable":true,"href":"https:\/\/brandss.com.py\/index\/wp-json\/wp\/v2\/comments?post=96962"}],"version-history":[{"count":1,"href":"https:\/\/brandss.com.py\/index\/wp-json\/wp\/v2\/product\/96962\/revisions"}],"predecessor-version":[{"id":96969,"href":"https:\/\/brandss.com.py\/index\/wp-json\/wp\/v2\/product\/96962\/revisions\/96969"}],"wp:featuredmedia":[{"embeddable":true,"href":"https:\/\/brandss.com.py\/index\/wp-json\/wp\/v2\/media\/96963"}],"wp:attachment":[{"href":"https:\/\/brandss.com.py\/index\/wp-json\/wp\/v2\/media?parent=96962"}],"wp:term":[{"taxonomy":"product_brand","embeddable":true,"href":"https:\/\/brandss.com.py\/index\/wp-json\/wp\/v2\/product_brand?post=96962"},{"taxonomy":"product_cat","embeddable":true,"href":"https:\/\/brandss.com.py\/index\/wp-json\/wp\/v2\/product_cat?post=96962"},{"taxonomy":"product_tag","embeddable":true,"href":"https:\/\/brandss.com.py\/index\/wp-json\/wp\/v2\/product_tag?post=96962"}],"curies":[{"name":"wp","href":"https:\/\/api.w.org\/{rel}","templated":true}]}}