{"id":96978,"date":"2026-01-27T18:29:57","date_gmt":"2026-01-27T18:29:57","guid":{"rendered":"https:\/\/brandss.com.py\/index\/?post_type=product&#038;p=96978"},"modified":"2026-01-27T18:36:48","modified_gmt":"2026-01-27T18:36:48","slug":"bolso-de-mano-femenino-marc-jacobs-tote-the-puffy-nylon-m-black","status":"publish","type":"product","link":"https:\/\/brandss.com.py\/index\/producto\/bolso-de-mano-femenino-marc-jacobs-tote-the-puffy-nylon-m-black\/","title":{"rendered":"BOLSO DE MANO FEMENINO MARC JACOBS TOTE THE PUFFY NYLON M BLACK"},"content":{"rendered":"<p><img loading=\"lazy\" decoding=\"async\" class=\"\" src=\"https:\/\/1000logos.net\/wp-content\/uploads\/2021\/05\/Marc-Jacobs-logo.png\" alt=\"Marc Jacobs Logo and symbol, meaning, history, PNG, brand\" width=\"135\" height=\"81\" \/><\/p>\n<h1>THE PUFFY NYLON<\/h1>\n<p>Nuestra ic\u00f3nica silueta de Tote Bag mediano reimaginado en nailon esponjoso. Este bolso de mano de inspiraci\u00f3n deportiva y funcional cuenta con una refinada asa superior para un c\u00f3modo estilo sobre el hombro, una versi\u00f3n bordada de nuestra marca hom\u00f3nima y un cierre de cremallera superior. Con dos bolsillos laterales exteriores, dos bolsillos interiores abiertos y un bolsillo interior con cremallera, esta silueta ultrac\u00f3moda incluye un forro pop con una inscripci\u00f3n interior que reza: &#8220;CAUTION EXTREMELY LIGHTWEIGHT BECAUSE LIFE&#8217;S TOO SHORT FOR HEAVY BAGGAGE&#8221; (&#8220;PRECAUCI\u00d3N EXTREMADAMENTE LIGERA PORQUE LA VIDA ES DEMASIADO CORTA PARA EQUIPAJES PESADOS&#8221;).<\/p>\n<h3><span class=\"gtm-data\" data-gtm-value=\"Features\"><span dir=\"auto\">Caracter\u00edsticas<\/span><\/span><\/h3>\n<ul>\n<li style=\"list-style-type: none\">\n<ul class=\"accordion-sub-menu productDescription-item-body expanded\" aria-expanded=\"true\">\n<li><span dir=\"auto\">Nylon.<\/span><\/li>\n<li>Cierre de cremallera superior.<\/li>\n<li><span dir=\"auto\">Tan superior.<\/span><\/li>\n<li>2 bolsillos laterales exteriores, 1 bolsillo interior, 1 bolsillo interior con cremallera.<\/li>\n<li><span dir=\"auto\">Forro de poli\u00e9ster.<\/span><\/li>\n<li>Bolsa no incluida.<\/li>\n<li>Modelo: <span dir=\"auto\">2R4HTT016H03-001.<\/span><\/li>\n<li>Color: Black.<\/li>\n<li>Dimensiones:\u00a0<span dir=\"auto\"><span dir=\"auto\">33 cm de largo x 15 cm de ancho x 26 cm de alto.<\/span><\/span><\/li>\n<\/ul>\n<\/li>\n<\/ul>\n","protected":false},"excerpt":{"rendered":"<p>THE PUFFY NYLON Nuestra ic\u00f3nica silueta de Tote Bag mediano reimaginado en nailon esponjoso. Este bolso de mano de inspiraci\u00f3n<\/p>\n","protected":false},"featured_media":96979,"comment_status":"open","ping_status":"closed","template":"","meta":{"nf_dc_page":""},"product_brand":[2606],"product_cat":[74],"product_tag":[2607],"class_list":{"0":"post-96978","1":"product","2":"type-product","3":"status-publish","4":"has-post-thumbnail","6":"product_brand-marc-jacobs","7":"product_cat-accesorios-fem","8":"product_tag-2r4htt016h03-001","10":"first","11":"instock","12":"shipping-taxable","13":"purchasable","14":"product-type-simple"},"_links":{"self":[{"href":"https:\/\/brandss.com.py\/index\/wp-json\/wp\/v2\/product\/96978","targetHints":{"allow":["GET"]}}],"collection":[{"href":"https:\/\/brandss.com.py\/index\/wp-json\/wp\/v2\/product"}],"about":[{"href":"https:\/\/brandss.com.py\/index\/wp-json\/wp\/v2\/types\/product"}],"replies":[{"embeddable":true,"href":"https:\/\/brandss.com.py\/index\/wp-json\/wp\/v2\/comments?post=96978"}],"version-history":[{"count":2,"href":"https:\/\/brandss.com.py\/index\/wp-json\/wp\/v2\/product\/96978\/revisions"}],"predecessor-version":[{"id":96989,"href":"https:\/\/brandss.com.py\/index\/wp-json\/wp\/v2\/product\/96978\/revisions\/96989"}],"wp:featuredmedia":[{"embeddable":true,"href":"https:\/\/brandss.com.py\/index\/wp-json\/wp\/v2\/media\/96979"}],"wp:attachment":[{"href":"https:\/\/brandss.com.py\/index\/wp-json\/wp\/v2\/media?parent=96978"}],"wp:term":[{"taxonomy":"product_brand","embeddable":true,"href":"https:\/\/brandss.com.py\/index\/wp-json\/wp\/v2\/product_brand?post=96978"},{"taxonomy":"product_cat","embeddable":true,"href":"https:\/\/brandss.com.py\/index\/wp-json\/wp\/v2\/product_cat?post=96978"},{"taxonomy":"product_tag","embeddable":true,"href":"https:\/\/brandss.com.py\/index\/wp-json\/wp\/v2\/product_tag?post=96978"}],"curies":[{"name":"wp","href":"https:\/\/api.w.org\/{rel}","templated":true}]}}