{"id":97002,"date":"2026-01-28T17:52:37","date_gmt":"2026-01-28T17:52:37","guid":{"rendered":"https:\/\/brandss.com.py\/index\/?post_type=product&#038;p=97002"},"modified":"2026-01-28T17:53:04","modified_gmt":"2026-01-28T17:53:04","slug":"bolso-de-mano-femenino-marc-jacobs-tote-the-jacquard-s-camo-multi","status":"publish","type":"product","link":"https:\/\/brandss.com.py\/index\/producto\/bolso-de-mano-femenino-marc-jacobs-tote-the-jacquard-s-camo-multi\/","title":{"rendered":"BOLSO DE MANO FEMENINO MARC JACOBS TOTE THE JACQUARD S CAMO MULTI"},"content":{"rendered":"<p><img loading=\"lazy\" decoding=\"async\" class=\"\" src=\"https:\/\/1000logos.net\/wp-content\/uploads\/2021\/05\/Marc-Jacobs-logo.png\" alt=\"Marc Jacobs Logo and symbol, meaning, history, PNG, brand\" width=\"94\" height=\"57\" \/><\/p>\n<h1>THE JACQUARD<\/h1>\n<p><span dir=\"auto\">Peque\u00f1o pero imponente, este modelo de nuestro Small Tote est\u00e1 confeccionado en un jacquard de camuflaje especialmente dise\u00f1ado y forrado con un toque de color. Este bolso compacto luce la marca hom\u00f3nima bordada y un cierre de cremallera superior grueso. Ll\u00e9valo por las asas superiores o aj\u00fastalo a la correa cruzada ajustable y extra\u00edble para un estilo con las manos libres.<\/span><\/p>\n<h3><span class=\"gtm-data\" data-gtm-value=\"Features\"><span dir=\"auto\">Caracter\u00edsticas<\/span><\/span><\/h3>\n<ul>\n<li style=\"list-style-type: none\">\n<ul class=\"accordion-sub-menu productDescription-item-body expanded\" aria-expanded=\"true\">\n<li><span dir=\"auto\">Jacquard tejido.<\/span><\/li>\n<li><span dir=\"auto\">Cierre con cremallera superior.<\/span><\/li>\n<li><span dir=\"auto\">Asa superior, correa de cincha ajustable y extra\u00edble.<\/span><\/li>\n<li><span dir=\"auto\">Forro de sarga.<\/span><\/li>\n<li><span dir=\"auto\">Bolsa para el polvo incluida.<\/span><\/li>\n<li>Modelo: <span dir=\"auto\">2S4HTT003H03-304.<\/span><\/li>\n<li>Color: Camo multi.<\/li>\n<li>Dimensiones:\u00a0<span dir=\"auto\"><span dir=\"auto\">26 cm de largo x 12,5 cm de profundidad x 21 cm de alto.<\/span><\/span><\/li>\n<li><span dir=\"auto\"><span dir=\"auto\">Correa de 57 pulgadas de largo x 2 pulgadas de profundidad (144 cm de largo x 4 cm de profundidad).<\/span><\/span><\/li>\n<li><span dir=\"auto\"><span dir=\"auto\">Ca\u00edda de la correa 27 pulgadas (69 cm).<\/span><\/span><\/li>\n<li><span dir=\"auto\"><span dir=\"auto\">Ca\u00edda del mango 4 pulgadas (11 cm).<\/span><\/span><\/li>\n<\/ul>\n<\/li>\n<\/ul>\n","protected":false},"excerpt":{"rendered":"<p>THE JACQUARD Peque\u00f1o pero imponente, este modelo de nuestro Small Tote est\u00e1 confeccionado en un jacquard de camuflaje especialmente dise\u00f1ado<\/p>\n","protected":false},"featured_media":97003,"comment_status":"open","ping_status":"closed","template":"","meta":{"nf_dc_page":""},"product_brand":[2606],"product_cat":[74],"product_tag":[2610],"class_list":{"0":"post-97002","1":"product","2":"type-product","3":"status-publish","4":"has-post-thumbnail","6":"product_brand-marc-jacobs","7":"product_cat-accesorios-fem","8":"product_tag-2s4htt003h03-304","10":"first","11":"instock","12":"shipping-taxable","13":"purchasable","14":"product-type-simple"},"_links":{"self":[{"href":"https:\/\/brandss.com.py\/index\/wp-json\/wp\/v2\/product\/97002","targetHints":{"allow":["GET"]}}],"collection":[{"href":"https:\/\/brandss.com.py\/index\/wp-json\/wp\/v2\/product"}],"about":[{"href":"https:\/\/brandss.com.py\/index\/wp-json\/wp\/v2\/types\/product"}],"replies":[{"embeddable":true,"href":"https:\/\/brandss.com.py\/index\/wp-json\/wp\/v2\/comments?post=97002"}],"version-history":[{"count":1,"href":"https:\/\/brandss.com.py\/index\/wp-json\/wp\/v2\/product\/97002\/revisions"}],"predecessor-version":[{"id":97011,"href":"https:\/\/brandss.com.py\/index\/wp-json\/wp\/v2\/product\/97002\/revisions\/97011"}],"wp:featuredmedia":[{"embeddable":true,"href":"https:\/\/brandss.com.py\/index\/wp-json\/wp\/v2\/media\/97003"}],"wp:attachment":[{"href":"https:\/\/brandss.com.py\/index\/wp-json\/wp\/v2\/media?parent=97002"}],"wp:term":[{"taxonomy":"product_brand","embeddable":true,"href":"https:\/\/brandss.com.py\/index\/wp-json\/wp\/v2\/product_brand?post=97002"},{"taxonomy":"product_cat","embeddable":true,"href":"https:\/\/brandss.com.py\/index\/wp-json\/wp\/v2\/product_cat?post=97002"},{"taxonomy":"product_tag","embeddable":true,"href":"https:\/\/brandss.com.py\/index\/wp-json\/wp\/v2\/product_tag?post=97002"}],"curies":[{"name":"wp","href":"https:\/\/api.w.org\/{rel}","templated":true}]}}