{"id":97018,"date":"2026-01-28T18:51:23","date_gmt":"2026-01-28T18:51:23","guid":{"rendered":"https:\/\/brandss.com.py\/index\/?post_type=product&#038;p=97018"},"modified":"2026-04-23T17:08:12","modified_gmt":"2026-04-23T17:08:12","slug":"tonico-facial-gabaon-ricer-toner-200ml","status":"publish","type":"product","link":"https:\/\/brandss.com.py\/index\/producto\/tonico-facial-gabaon-ricer-toner-200ml\/","title":{"rendered":"T\u00d3NICO FACIAL GABA\u00d3N RICER TONER 200ML"},"content":{"rendered":"<p><strong><img loading=\"lazy\" decoding=\"async\" class=\"\" src=\"https:\/\/gabaonbrasil.com.br\/wp-content\/uploads\/2024\/12\/Logotipo-Gabaon-Brasil.webp\" alt=\"Gaba\u00f3n Cosm\u00e9ticos K-Beauty - Skincare Corena no Brasil\" width=\"94\" height=\"94\" \/><\/strong><\/p>\n<h1>RICER TONER<\/h1>\n<p>Nuestro t\u00f3nico de agua de arroz, es un producto con gran cantidad de antioxidantes que funciona como un poderoso blanqueador de parches, causadas por la hiperpigmentaci\u00f3n que son provocadas por la exposici\u00f3n al sol, pa\u00f1os e incluso parches hormonales. Adem\u00e1s de dicha principal funci\u00f3n de blanquear las parches, nuestro producto incluso disminuye los poros, alivia la irritaci\u00f3n de la piel e hidrata instant\u00e1neamente el rostro. El t\u00f3nico posee en su composici\u00f3n diversas vitaminas, como: vitamina B1, vitamina C y vitamina E \u2013 que influencian en la hidrataci\u00f3n y suavidad de la piel. Un gran aliado del producto es el Inositol, un compuesto que estimula el crecimiento de las c\u00e9lulas y el flujo sangu\u00edneo, mejorando la apariencia de los poros.<\/p>\n<h3>Beneficios<\/h3>\n<p>Aclara las manchas; Disminuye los poros; Reduce la oleosidad del rostro; Acci\u00f3n antienvejecimiento; removedor natural; hipoalerg\u00e9nico; ideal para todo tipo de piel.<\/p>\n<h3><strong>Modos de uso<\/strong><\/h3>\n<p><strong><br \/>\n<\/strong>Despu\u00e9s a la limpieza del rostro y con las manos higienizadas, aplique directamente en las \u00e1reas del rostro con palpadas hasta la completa absorci\u00f3n del producto. No es necesario enjuagar o humedecer las manos.<\/p>\n<p><strong>Contiene:<\/strong>\u00a0200ml<\/p>\n","protected":false},"excerpt":{"rendered":"<p>RICER TONER Nuestro t\u00f3nico de agua de arroz, es un producto con gran cantidad de antioxidantes que funciona como un<\/p>\n","protected":false},"featured_media":97019,"comment_status":"open","ping_status":"closed","template":"","meta":{"nf_dc_page":""},"product_brand":[2611],"product_cat":[104],"product_tag":[2613],"class_list":{"0":"post-97018","1":"product","2":"type-product","3":"status-publish","4":"has-post-thumbnail","6":"product_brand-gabaon","7":"product_cat-skin-care","8":"product_tag-2613","10":"first","11":"outofstock","12":"shipping-taxable","13":"purchasable","14":"product-type-simple"},"_links":{"self":[{"href":"https:\/\/brandss.com.py\/index\/wp-json\/wp\/v2\/product\/97018","targetHints":{"allow":["GET"]}}],"collection":[{"href":"https:\/\/brandss.com.py\/index\/wp-json\/wp\/v2\/product"}],"about":[{"href":"https:\/\/brandss.com.py\/index\/wp-json\/wp\/v2\/types\/product"}],"replies":[{"embeddable":true,"href":"https:\/\/brandss.com.py\/index\/wp-json\/wp\/v2\/comments?post=97018"}],"version-history":[{"count":2,"href":"https:\/\/brandss.com.py\/index\/wp-json\/wp\/v2\/product\/97018\/revisions"}],"predecessor-version":[{"id":97046,"href":"https:\/\/brandss.com.py\/index\/wp-json\/wp\/v2\/product\/97018\/revisions\/97046"}],"wp:featuredmedia":[{"embeddable":true,"href":"https:\/\/brandss.com.py\/index\/wp-json\/wp\/v2\/media\/97019"}],"wp:attachment":[{"href":"https:\/\/brandss.com.py\/index\/wp-json\/wp\/v2\/media?parent=97018"}],"wp:term":[{"taxonomy":"product_brand","embeddable":true,"href":"https:\/\/brandss.com.py\/index\/wp-json\/wp\/v2\/product_brand?post=97018"},{"taxonomy":"product_cat","embeddable":true,"href":"https:\/\/brandss.com.py\/index\/wp-json\/wp\/v2\/product_cat?post=97018"},{"taxonomy":"product_tag","embeddable":true,"href":"https:\/\/brandss.com.py\/index\/wp-json\/wp\/v2\/product_tag?post=97018"}],"curies":[{"name":"wp","href":"https:\/\/api.w.org\/{rel}","templated":true}]}}