{"id":97025,"date":"2026-01-28T19:04:38","date_gmt":"2026-01-28T19:04:38","guid":{"rendered":"https:\/\/brandss.com.py\/index\/?post_type=product&#038;p=97025"},"modified":"2026-01-28T19:05:05","modified_gmt":"2026-01-28T19:05:05","slug":"mascarilla-facial-gabaon-hyaluronic-acid-3unidades","status":"publish","type":"product","link":"https:\/\/brandss.com.py\/index\/producto\/mascarilla-facial-gabaon-hyaluronic-acid-3unidades\/","title":{"rendered":"MASCARILLA FACIAL GABA\u00d3N HYALURONIC ACID 3UNIDADES"},"content":{"rendered":"<p><img loading=\"lazy\" decoding=\"async\" class=\"\" src=\"https:\/\/gabaonbrasil.com.br\/wp-content\/uploads\/2024\/12\/Logotipo-Gabaon-Brasil.webp\" alt=\"Gaba\u00f3n Cosm\u00e9ticos K-Beauty - Skincare Corena no Brasil\" width=\"111\" height=\"111\" \/><\/p>\n<h1>HYALURONIC ACID<\/h1>\n<p>La Mascarilla de Extracto de \u00c1cido Hialur\u00f3nico tiene como su principal funci\u00f3n la hidrataci\u00f3n de la piel. El \u00e1cido hialur\u00f3nico es un antioxidante, de esa forma act\u00faa suavizando y previniendo la hiperpigmentaci\u00f3n en la cara. Trata tambi\u00e9n la piel seca, ayudando a mantenerla hidratada, evitando la flacidez y las l\u00edneas de expresi\u00f3n.<img loading=\"lazy\" decoding=\"async\" class=\"alignleft\" src=\"https:\/\/gabaonbrasil.com.br\/wp-content\/uploads\/2024\/12\/Mascara-de-Acido-Hialuronico.webp\" width=\"623\" height=\"623\" \/><\/p>\n<p>Es un gran aliado contra las arrugas y acn\u00e9. Contiene extractos de 7 propiedades naturales: Extracto de \u00c1cido Hialur\u00f3nico (hidrata profundamente la piel); Extracto de Corteza de Sauce Blanco (elimina las c\u00e9lulas muertas y hace que otras nuevas las sustituyan); Extracto de Hoja de Cipr\u00e9s (puede ayudar a mejorar la apariencia de la piel grasa) Extracto de Hoja de Or\u00e9gano (antiinflamatorio, gran antioxidante); Extracto de Corteza de Cinnamomum cassia (antiinflamatorio, antibacteriano y antif\u00fangico); Extracto de Ra\u00edz de Suctellaria Baixalensis (exfoliante, antioxidante, despigmentante); Extracto de Portulaca oleracea (anti-acn\u00e9).<\/p>\n<h3><strong>Beneficios<\/strong><\/h3>\n<p>Es antinflamatorio, antis\u00e9ptico y antibacteriano. Ayuda a la buena hidrataci\u00f3n del rostro, a rellenar las finas l\u00edneas de expresi\u00f3n, alisando al mismo tiempo. Aporta volumen y revitaliza las capas superiores de la piel. Cuidado e hidrataci\u00f3n para la dermis.<\/p>\n<h3><strong>Modo de uso:<\/strong><\/h3>\n<p>Saque la mascarilla del embalaje y con la cara limpia y seca la aplique en todo el rostro , ajustando los espacios para los ojos, boca y nariz.<br \/>\nEspere de 10 a 20 minutos. Remueva la mascarilla y extienda suavemente lo restante del producto que se qued\u00f3 en el embalaje hasta su completa absorci\u00f3n. No es necesario la limpieza de la cara despu\u00e9s del uso.<\/p>\n<p><strong>Contiene:<\/strong>\u00a01 unidad de 30g<\/p>\n<p>&nbsp;<\/p>\n","protected":false},"excerpt":{"rendered":"<p>HYALURONIC ACID La Mascarilla de Extracto de \u00c1cido Hialur\u00f3nico tiene como su principal funci\u00f3n la hidrataci\u00f3n de la piel. El<\/p>\n","protected":false},"featured_media":97026,"comment_status":"open","ping_status":"closed","template":"","meta":{"nf_dc_page":""},"product_brand":[2611],"product_cat":[104],"product_tag":[2614],"class_list":{"0":"post-97025","1":"product","2":"type-product","3":"status-publish","4":"has-post-thumbnail","6":"product_brand-gabaon","7":"product_cat-skin-care","8":"product_tag-2614","10":"first","11":"instock","12":"shipping-taxable","13":"purchasable","14":"product-type-simple"},"_links":{"self":[{"href":"https:\/\/brandss.com.py\/index\/wp-json\/wp\/v2\/product\/97025","targetHints":{"allow":["GET"]}}],"collection":[{"href":"https:\/\/brandss.com.py\/index\/wp-json\/wp\/v2\/product"}],"about":[{"href":"https:\/\/brandss.com.py\/index\/wp-json\/wp\/v2\/types\/product"}],"replies":[{"embeddable":true,"href":"https:\/\/brandss.com.py\/index\/wp-json\/wp\/v2\/comments?post=97025"}],"version-history":[{"count":1,"href":"https:\/\/brandss.com.py\/index\/wp-json\/wp\/v2\/product\/97025\/revisions"}],"predecessor-version":[{"id":97031,"href":"https:\/\/brandss.com.py\/index\/wp-json\/wp\/v2\/product\/97025\/revisions\/97031"}],"wp:featuredmedia":[{"embeddable":true,"href":"https:\/\/brandss.com.py\/index\/wp-json\/wp\/v2\/media\/97026"}],"wp:attachment":[{"href":"https:\/\/brandss.com.py\/index\/wp-json\/wp\/v2\/media?parent=97025"}],"wp:term":[{"taxonomy":"product_brand","embeddable":true,"href":"https:\/\/brandss.com.py\/index\/wp-json\/wp\/v2\/product_brand?post=97025"},{"taxonomy":"product_cat","embeddable":true,"href":"https:\/\/brandss.com.py\/index\/wp-json\/wp\/v2\/product_cat?post=97025"},{"taxonomy":"product_tag","embeddable":true,"href":"https:\/\/brandss.com.py\/index\/wp-json\/wp\/v2\/product_tag?post=97025"}],"curies":[{"name":"wp","href":"https:\/\/api.w.org\/{rel}","templated":true}]}}