{"id":97072,"date":"2026-01-29T18:02:32","date_gmt":"2026-01-29T18:02:32","guid":{"rendered":"https:\/\/brandss.com.py\/index\/?post_type=product&#038;p=97072"},"modified":"2026-01-29T18:05:40","modified_gmt":"2026-01-29T18:05:40","slug":"protector-solar-facial-gabaon-vegan-tone-up-sun-bb-fps-50-50ml","status":"publish","type":"product","link":"https:\/\/brandss.com.py\/index\/producto\/protector-solar-facial-gabaon-vegan-tone-up-sun-bb-fps-50-50ml\/","title":{"rendered":"PROTECTOR SOLAR FACIAL GABA\u00d3N VEGAN TONE-UP SUN BB FPS 50+ 50ML"},"content":{"rendered":"<p><img loading=\"lazy\" decoding=\"async\" class=\"\" src=\"https:\/\/gabaonbrasil.com.br\/wp-content\/uploads\/2024\/12\/Logotipo-Gabaon-Brasil.webp\" alt=\"Gaba\u00f3n Cosm\u00e9ticos K-Beauty - Skincare Corena no Brasil\" width=\"80\" height=\"80\" \/><\/p>\n<h1>VEGAN TONE-UP SUN BB<\/h1>\n<p>Descubre el Vegan Tone-Up Sun BB, un protector solar multifuncional que no solo protege tu piel, sino que tambi\u00e9n la tonifica y unifica su tono. Con un\u00a0factor de protecci\u00f3n solar FPS 50+ PA++++, este producto es ideal para quienes buscan una defensa elevada contra los da\u00f1inos rayos UV.<\/p>\n<h3>Beneficios Clave:<\/h3>\n<ul>\n<li><strong>Tonificaci\u00f3n Instant\u00e1nea:<\/strong>\u00a0Su f\u00f3rmula innovadora crea un efecto tonificante inmediato, dejando tu piel con un aspecto radiante y uniforme.<\/li>\n<li><strong>Textura Ligera:<\/strong>\u00a0Este BB solar se absorbe r\u00e1pidamente, sin dejar residuos grasos ni oleosos. Es perfecto para todos los tipos de piel, garantizando una sensaci\u00f3n fresca y c\u00f3moda.<\/li>\n<li><strong>Acalma y Unifica:<\/strong>\u00a0Adem\u00e1s de proteger, calma y unifica el rostro, iluminando la piel de forma natural.<\/li>\n<\/ul>\n<h3>Ingredientes Destacados:<\/h3>\n<ul>\n<li><strong>F\u00f3rmula 100% Vegana:<\/strong>\u00a0Comprometido con la sostenibilidad, este producto no incluye ingredientes de origen animal, siendo una opci\u00f3n \u00e9tica y responsable.<\/li>\n<li><strong>Testado Dermatol\u00f3gicamente:<\/strong>\u00a0Asegurado para ser seguro y efectivo en todo tipo de piel, brindando una soluci\u00f3n confiable para el cuidado diario.<\/li>\n<\/ul>\n<h3>Modo de Uso:<\/h3>\n<ol>\n<li>Despu\u00e9s de tu rutina de cuidados con la piel, aplica generosamente el Vegan Tone-Up Sun BB en el rostro, cuello y \u00e1reas expuestas al sol.<\/li>\n<li>Aseg\u00farate de que tus manos est\u00e9n limpias antes de la aplicaci\u00f3n.<\/li>\n<li>Repite la aplicaci\u00f3n cada vez que sea necesario, especialmente despu\u00e9s de nadar o sudar.<\/li>\n<\/ol>\n<p>Con\u00a050ml de pura efectividad, el\u00a0GABA\u00d3N Vegan Tone-Up Sun BB\u00a0es el aliado perfecto para mantener tu piel protegida, tonificada e iluminada todos los d\u00edas. \u00a1No dejes que el sol sea un enemigo, convi\u00e9rtelo en tu aliado con GABA\u00d3N!<\/p>\n","protected":false},"excerpt":{"rendered":"<p>VEGAN TONE-UP SUN BB Descubre el Vegan Tone-Up Sun BB, un protector solar multifuncional que no solo protege tu piel,<\/p>\n","protected":false},"featured_media":97073,"comment_status":"open","ping_status":"closed","template":"","meta":{"nf_dc_page":""},"product_brand":[2611],"product_cat":[104],"product_tag":[2622],"class_list":{"0":"post-97072","1":"product","2":"type-product","3":"status-publish","4":"has-post-thumbnail","6":"product_brand-gabaon","7":"product_cat-skin-care","8":"product_tag-2622","10":"first","11":"instock","12":"shipping-taxable","13":"purchasable","14":"product-type-simple"},"_links":{"self":[{"href":"https:\/\/brandss.com.py\/index\/wp-json\/wp\/v2\/product\/97072","targetHints":{"allow":["GET"]}}],"collection":[{"href":"https:\/\/brandss.com.py\/index\/wp-json\/wp\/v2\/product"}],"about":[{"href":"https:\/\/brandss.com.py\/index\/wp-json\/wp\/v2\/types\/product"}],"replies":[{"embeddable":true,"href":"https:\/\/brandss.com.py\/index\/wp-json\/wp\/v2\/comments?post=97072"}],"version-history":[{"count":2,"href":"https:\/\/brandss.com.py\/index\/wp-json\/wp\/v2\/product\/97072\/revisions"}],"predecessor-version":[{"id":97082,"href":"https:\/\/brandss.com.py\/index\/wp-json\/wp\/v2\/product\/97072\/revisions\/97082"}],"wp:featuredmedia":[{"embeddable":true,"href":"https:\/\/brandss.com.py\/index\/wp-json\/wp\/v2\/media\/97073"}],"wp:attachment":[{"href":"https:\/\/brandss.com.py\/index\/wp-json\/wp\/v2\/media?parent=97072"}],"wp:term":[{"taxonomy":"product_brand","embeddable":true,"href":"https:\/\/brandss.com.py\/index\/wp-json\/wp\/v2\/product_brand?post=97072"},{"taxonomy":"product_cat","embeddable":true,"href":"https:\/\/brandss.com.py\/index\/wp-json\/wp\/v2\/product_cat?post=97072"},{"taxonomy":"product_tag","embeddable":true,"href":"https:\/\/brandss.com.py\/index\/wp-json\/wp\/v2\/product_tag?post=97072"}],"curies":[{"name":"wp","href":"https:\/\/api.w.org\/{rel}","templated":true}]}}