{"id":97090,"date":"2026-01-29T19:14:00","date_gmt":"2026-01-29T19:14:00","guid":{"rendered":"https:\/\/brandss.com.py\/index\/?post_type=product&#038;p=97090"},"modified":"2026-04-23T17:08:39","modified_gmt":"2026-04-23T17:08:39","slug":"base-facial-gabaon-perfection-cushion-03-25gr","status":"publish","type":"product","link":"https:\/\/brandss.com.py\/index\/producto\/base-facial-gabaon-perfection-cushion-03-25gr\/","title":{"rendered":"BASE FACIAL GABA\u00d3N PERFECTION CUSHION #03 25GR"},"content":{"rendered":"<p><img loading=\"lazy\" decoding=\"async\" class=\"\" src=\"https:\/\/i0.wp.com\/gabaonbrasil.com.br\/wp-content\/uploads\/2024\/12\/Logotipo-Gabaon-Brasil.webp?resize=106%2C106&amp;ssl=1\" alt=\"Gaba\u00f3n Cosm\u00e9ticos K-Beauty - Skincare Corena no Brasil\" width=\"106\" height=\"106\" data-recalc-dims=\"1\" \/><\/p>\n<h1>PERFECTION CUSHION<\/h1>\n<p>La Crema Facial Cushion es un producto que une la tecnolog\u00eda, cuidados de la piel y maquillaje: micropigmentaci\u00f3n inteligente, s\u00e9rum anti-age (antiedad), protecci\u00f3n solar, hidrataci\u00f3n, brillo, naturalidad, y el espejo portatil son caracter\u00edsticas marcantes de esa crema. El producto lleva esponja Ruby Cell Puff que funciona como un a almohada (Cushion en ingl\u00e9s) \u2013 por eso el nombre \u2013 y su textura porosa permite empaparse a la cantidad correcta de basis que, cuando puesta en el rostro, propicia una sensaci\u00f3n de esplendor y ligereza, debido a su fina capa. El gran diferencial es la micropigmentaci\u00f3n inteligente, o sea, la tonalidad va se adecuando igual que la piel y as\u00ed se obtiene la coloraci\u00f3n perfecta. La base ideal para quien busca practicidad \u2013 usar d\u00f3nde y cu\u00e1ndo quiera \u2013 belleza y salud.<\/p>\n<h3>Beneficios<\/h3>\n<div class=\"ui-pdp-container__col col-3 ui-pdp-container--column-center pb-40\">\n<div class=\"ui-pdp-container__row\">\n<div class=\"ui-pdp-container__col col-1 pl-24 pr-24\">\n<div class=\"ui-pdp-collapsable mt-24 ui-pdp-description-collapse\">\n<div class=\"ui-pdp-collapsable__container\">\n<div id=\"description\" class=\"ui-pdp-description\">\n<ul>\n<li class=\"ui-pdp-description__content\" data-testid=\"content\">Contiene 25 g.<\/li>\n<li class=\"ui-pdp-description__content\" data-testid=\"content\">Tiene funci\u00f3n de protecci\u00f3n solar SPF 50+.<\/li>\n<li class=\"ui-pdp-description__content\" data-testid=\"content\">Composici\u00f3n: aceite de lim\u00f3n e hidr\u00f3xido de aluminio.<\/li>\n<li class=\"ui-pdp-description__content\" data-testid=\"content\">No existen contraindicaciones para el uso de este producto, solo para personas al\u00e9rgicas a alg\u00fan componente.<\/li>\n<\/ul>\n<p class=\"ui-pdp-description__content\" data-testid=\"content\">\u00a1Las bases est\u00e1n disponibles en 3 tonos! \u2013 01: Piel m\u00e1s clara. \u2013 02: Piel cercana al beige (media). \u2013 03: Piel m\u00e1s oscura.<\/p>\n<\/div>\n<\/div>\n<\/div>\n<\/div>\n<\/div>\n<div class=\"ui-pdp-container__row\">\n<div class=\"ui-pdp-container__col col-1\"><\/div>\n<\/div>\n<div class=\"ui-pdp-container__row ui-pdp-recommendations-row\">\n<div class=\"ui-pdp-container__col col-1\">\n<div class=\"ui-pdp-spot-middle\"><\/div>\n<\/div>\n<\/div>\n<\/div>\n<div class=\"ui-pdp-container__col col-1 ui-pdp-container--column-right mt-24 mr-8 pr-16\">\n<div class=\"ui-pdp-container__row\"><\/div>\n<\/div>\n<p><strong>Modo de uso:<\/strong>\u00a0Saque el sello del producto que se ubica en la parte interna del embalaje principal. Para aplicar utilice la espuma aplicadora y presione contra el coj\u00edn donde se encuentra el producto. Despu\u00e9s aplicar con leves golpes uniformes por todo el rostro y cuello, repetir el proceso conforme la cobertura deseada.<\/p>\n<p><strong>Contiene:<\/strong>\u00a025g<\/p>\n","protected":false},"excerpt":{"rendered":"<p>PERFECTION CUSHION La Crema Facial Cushion es un producto que une la tecnolog\u00eda, cuidados de la piel y maquillaje: micropigmentaci\u00f3n<\/p>\n","protected":false},"featured_media":97091,"comment_status":"open","ping_status":"closed","template":"","meta":{"nf_dc_page":""},"product_brand":[2611],"product_cat":[95],"product_tag":[2624],"class_list":{"0":"post-97090","1":"product","2":"type-product","3":"status-publish","4":"has-post-thumbnail","6":"product_brand-gabaon","7":"product_cat-maquillaje","8":"product_tag-2624","10":"first","11":"instock","12":"shipping-taxable","13":"purchasable","14":"product-type-simple"},"_links":{"self":[{"href":"https:\/\/brandss.com.py\/index\/wp-json\/wp\/v2\/product\/97090","targetHints":{"allow":["GET"]}}],"collection":[{"href":"https:\/\/brandss.com.py\/index\/wp-json\/wp\/v2\/product"}],"about":[{"href":"https:\/\/brandss.com.py\/index\/wp-json\/wp\/v2\/types\/product"}],"replies":[{"embeddable":true,"href":"https:\/\/brandss.com.py\/index\/wp-json\/wp\/v2\/comments?post=97090"}],"version-history":[{"count":1,"href":"https:\/\/brandss.com.py\/index\/wp-json\/wp\/v2\/product\/97090\/revisions"}],"predecessor-version":[{"id":97096,"href":"https:\/\/brandss.com.py\/index\/wp-json\/wp\/v2\/product\/97090\/revisions\/97096"}],"wp:featuredmedia":[{"embeddable":true,"href":"https:\/\/brandss.com.py\/index\/wp-json\/wp\/v2\/media\/97091"}],"wp:attachment":[{"href":"https:\/\/brandss.com.py\/index\/wp-json\/wp\/v2\/media?parent=97090"}],"wp:term":[{"taxonomy":"product_brand","embeddable":true,"href":"https:\/\/brandss.com.py\/index\/wp-json\/wp\/v2\/product_brand?post=97090"},{"taxonomy":"product_cat","embeddable":true,"href":"https:\/\/brandss.com.py\/index\/wp-json\/wp\/v2\/product_cat?post=97090"},{"taxonomy":"product_tag","embeddable":true,"href":"https:\/\/brandss.com.py\/index\/wp-json\/wp\/v2\/product_tag?post=97090"}],"curies":[{"name":"wp","href":"https:\/\/api.w.org\/{rel}","templated":true}]}}