{"id":97097,"date":"2026-01-30T11:40:23","date_gmt":"2026-01-30T11:40:23","guid":{"rendered":"https:\/\/brandss.com.py\/index\/?post_type=product&#038;p=97097"},"modified":"2026-01-30T12:17:06","modified_gmt":"2026-01-30T12:17:06","slug":"perfume-unisex-reyane-tradition-albane-noble-red-solar-edp-100ml","status":"publish","type":"product","link":"https:\/\/brandss.com.py\/index\/producto\/perfume-unisex-reyane-tradition-albane-noble-red-solar-edp-100ml\/","title":{"rendered":"PERFUME UNISEX REYANE TRADITION ALBANE NOBLE RED SOLAR EDP 100ML"},"content":{"rendered":"<p><img loading=\"lazy\" decoding=\"async\" class=\"\" src=\"https:\/\/elsolperfumado.com\/wp-content\/uploads\/2025\/03\/Reyane-Tradition-.png\" alt=\"Reyane Tradition One Day Savage Love - 100ml - arabe - Nuevo\" width=\"102\" height=\"102\" \/><\/p>\n<h3>ALBANE NOBLE RED SOLAR<\/h3>\n<p><span dir=\"auto\">Es<\/span><span dir=\"auto\">\u00a0una\u00a0aut\u00e9ntica obra maestra de la alta perfumer\u00eda. Su excepcional composici\u00f3n a\u00fana refinamiento, sensualidad y profundidad. Desde la primera aplicaci\u00f3n, se percibe que no se trata de un simple perfume, sino de una declaraci\u00f3n de personalidad y estilo. La combinaci\u00f3n de ingredientes de alta calidad, un equilibrio ingenioso y una intensidad duradera lo convierten en un compa\u00f1ero indispensable para quienes no solo visten lujo, sino que lo viven.<img loading=\"lazy\" decoding=\"async\" class=\"alignleft\" src=\"https:\/\/scontent.fagt2-1.fna.fbcdn.net\/v\/t39.30808-6\/473273961_510790372012734_2265982244601517599_n.jpg?_nc_cat=105&amp;ccb=1-7&amp;_nc_sid=127cfc&amp;_nc_ohc=2yqBuYsA4TsQ7kNvwHAmKA4&amp;_nc_oc=Adke8E9FbHGCLGvMqgcGn5e9y6XN693LSQHLXptT99Fml97PceXVCE3l8lJJlr2-Q_I&amp;_nc_zt=23&amp;_nc_ht=scontent.fagt2-1.fna&amp;_nc_gid=68XuObtdOWNOrHDuZRDASw&amp;oh=00_AfpqFva7MlRECCyJWFLDhvINi1gnWoVmEmlquTvpBYkP0g&amp;oe=69825824\" width=\"596\" height=\"596\" \/><\/span><\/p>\n<p><span dir=\"auto\">Albane Noble Red Solar <\/span><span dir=\"auto\">fue creado para redefinir los l\u00edmites de la perfumer\u00eda cl\u00e1sica. Ofrece una\u00a0<\/span><em><span dir=\"auto\">interpretaci\u00f3n moderna<\/span><\/em><span dir=\"auto\">\u00a0de las tradiciones atemporales de las fragancias, inspirada en las grandes obras maestras que han marcado la historia. No se queda anclado en el pasado, sino que traslada el arte de la composici\u00f3n al presente. Este enfoque convierte la fragancia en una experiencia innovadora y un homenaje a los cl\u00e1sicos\u00a0<\/span><em><span dir=\"auto\">ic\u00f3nicos<\/span><\/em><span dir=\"auto\">\u00a0que permanecen inolvidables en el mundo de la perfumer\u00eda.<\/span><\/p>\n<p><span dir=\"auto\">Desde las primeras notas, queda claro que <\/span><span dir=\"auto\">Albane Noble Red Solar<\/span><span dir=\"auto\">\u00a0es m\u00e1s que una simple impresi\u00f3n fugaz. Es una fragancia que se despliega, revel\u00e1ndose capa a capa y revelando gradualmente toda su profundidad. El arte reside no solo en la selecci\u00f3n de exquisitas materias primas, sino tambi\u00e9n en la capacidad de combinarlas armoniosamente. Cada faceta de la fragancia contribuye a una experiencia completa, emocional, sensual y sublime a la vez.<\/span><\/p>\n<p>&nbsp;<\/p>\n<h3>Notas Olfativas<\/h3>\n<p>&nbsp;<\/p>\n<p><span dir=\"auto\">Albane Noble Red Solar <\/span><span dir=\"auto\">se abre con un acorde fresco y vibrante que capta la atenci\u00f3n de inmediato. Las notas c\u00edtricas transmiten claridad y ligereza, mientras que la pimienta rosa aporta un sutil toque especiado, lo que le da a la fragancia una salida emocionante y llena de car\u00e1cter.<\/span><\/p>\n<p><span dir=\"auto\">En el coraz\u00f3n reside la verdadera personalidad de la fragancia. La combinaci\u00f3n de jazm\u00edn, rosa y azahar despliega una sofisticaci\u00f3n floral que transporta a quien la lleva a un mundo de elegancia y sensualidad. Esta composici\u00f3n rinde homenaje a los grandes cl\u00e1sicos\u00a0<\/span><em><span dir=\"auto\">ic\u00f3nicos<\/span><\/em><span dir=\"auto\">\u00a0de la perfumer\u00eda, pero reinventados: una acertada\u00a0<\/span><em><span dir=\"auto\">interpretaci\u00f3n moderna<\/span><\/em><span dir=\"auto\">\u00a0de la tradici\u00f3n y el esp\u00edritu contempor\u00e1neo.<\/span><\/p>\n<p><span dir=\"auto\">La base aporta profundidad y longevidad al perfume. El pachul\u00ed aporta una calidez terrosa, la vainilla una delicada dulzura y el almizcle una intensidad sensual. Esta capa final le da a la fragancia su car\u00e1cter distintivo y garantiza que su efecto perdure durante horas. Es una experiencia olfativa que realza la vida cotidiana y convierte los momentos especiales en inolvidables.<\/span><\/p>\n<p><strong><span dir=\"auto\">Notas de salida:<\/span><\/strong><span dir=\"auto\">\u00a0bergamota, mandarina, pimienta rosa.<\/span><br \/>\n<strong><span dir=\"auto\">Notas de coraz\u00f3n:<\/span><\/strong><span dir=\"auto\"> jazm\u00edn, rosa, flor de azahar.<\/span><br \/>\n<strong><span dir=\"auto\">Notas de fondo:<\/span><\/strong><span dir=\"auto\"> pachul\u00ed, vainilla, almizcle.<\/span><\/p>\n","protected":false},"excerpt":{"rendered":"<p>ALBANE NOBLE RED SOLAR Es\u00a0una\u00a0aut\u00e9ntica obra maestra de la alta perfumer\u00eda. Su excepcional composici\u00f3n a\u00fana refinamiento, sensualidad y profundidad. Desde<\/p>\n","protected":false},"featured_media":97098,"comment_status":"open","ping_status":"closed","template":"","meta":{"nf_dc_page":""},"product_brand":[2625],"product_cat":[84],"product_tag":[2626],"class_list":{"0":"post-97097","1":"product","2":"type-product","3":"status-publish","4":"has-post-thumbnail","6":"product_brand-reyane-tradition","7":"product_cat-perfumeria","8":"product_tag-2626","10":"first","11":"instock","12":"shipping-taxable","13":"purchasable","14":"product-type-simple"},"_links":{"self":[{"href":"https:\/\/brandss.com.py\/index\/wp-json\/wp\/v2\/product\/97097","targetHints":{"allow":["GET"]}}],"collection":[{"href":"https:\/\/brandss.com.py\/index\/wp-json\/wp\/v2\/product"}],"about":[{"href":"https:\/\/brandss.com.py\/index\/wp-json\/wp\/v2\/types\/product"}],"replies":[{"embeddable":true,"href":"https:\/\/brandss.com.py\/index\/wp-json\/wp\/v2\/comments?post=97097"}],"version-history":[{"count":1,"href":"https:\/\/brandss.com.py\/index\/wp-json\/wp\/v2\/product\/97097\/revisions"}],"predecessor-version":[{"id":97102,"href":"https:\/\/brandss.com.py\/index\/wp-json\/wp\/v2\/product\/97097\/revisions\/97102"}],"wp:featuredmedia":[{"embeddable":true,"href":"https:\/\/brandss.com.py\/index\/wp-json\/wp\/v2\/media\/97098"}],"wp:attachment":[{"href":"https:\/\/brandss.com.py\/index\/wp-json\/wp\/v2\/media?parent=97097"}],"wp:term":[{"taxonomy":"product_brand","embeddable":true,"href":"https:\/\/brandss.com.py\/index\/wp-json\/wp\/v2\/product_brand?post=97097"},{"taxonomy":"product_cat","embeddable":true,"href":"https:\/\/brandss.com.py\/index\/wp-json\/wp\/v2\/product_cat?post=97097"},{"taxonomy":"product_tag","embeddable":true,"href":"https:\/\/brandss.com.py\/index\/wp-json\/wp\/v2\/product_tag?post=97097"}],"curies":[{"name":"wp","href":"https:\/\/api.w.org\/{rel}","templated":true}]}}