{"id":97105,"date":"2026-01-30T14:51:35","date_gmt":"2026-01-30T14:51:35","guid":{"rendered":"https:\/\/brandss.com.py\/index\/?post_type=product&#038;p=97105"},"modified":"2026-01-31T11:33:45","modified_gmt":"2026-01-31T11:33:45","slug":"perfume-unisex-reyane-tradition-888-extrait-de-parfum-100ml","status":"publish","type":"product","link":"https:\/\/brandss.com.py\/index\/producto\/perfume-unisex-reyane-tradition-888-extrait-de-parfum-100ml\/","title":{"rendered":"PERFUME UNISEX REYANE TRADITION 888 EXTRAIT DE PARFUM 100ML"},"content":{"rendered":"<p><img loading=\"lazy\" decoding=\"async\" class=\"\" src=\"https:\/\/elsolperfumado.com\/wp-content\/uploads\/2025\/03\/Reyane-Tradition-.png\" alt=\"Reyane Tradition One Day Savage Love - 100ml - arabe - Nuevo\" width=\"109\" height=\"109\" \/><\/p>\n<h1>888<\/h1>\n<h5><em>Una fragancia lujosa y distintiva que refleja lujo y elegancia en cada momento<\/em><\/h5>\n<p>Experimente la elegancia y la sofisticaci\u00f3n con Exclusive 888 de Reyane Tradition, un extracto de perfume unisex en aerosol que captura la esencia del lujo. Elaborado por la reconocida casa de fragancias nicho francesa, este perfume de 95 ml es una audaz declaraci\u00f3n de individualidad y encanto atemporal. Con su aroma rico y duradero, Exclusive 888 est\u00e1 dise\u00f1ado para quienes aprecian la calidad refinada y los aromas expresivos que dejan una huella imborrable.<img loading=\"lazy\" decoding=\"async\" class=\"alignleft\" src=\"https:\/\/m.media-amazon.com\/images\/I\/71fqM9bw6oL._AC_SY879_.jpg\" width=\"520\" height=\"737\" \/><\/p>\n<h3>Notas Olfativas<\/h3>\n<p data-start=\"200\" data-end=\"520\">Reyane Tradition 888 es una fragancia unisex intensa y sofisticada que combina el refinamiento floral con una profundidad amaderada y gourmand irresistible. Su alta concentraci\u00f3n Extrait de Parfum ofrece una estela envolvente y una duraci\u00f3n excepcional, ideal para quienes buscan un perfume con car\u00e1cter y presencia.<\/p>\n<p data-start=\"522\" data-end=\"723\">La apertura revela un bouquet elegante y luminoso de jazm\u00edn, rosa, flor de azahar e iris, creando una primera impresi\u00f3n floral, suave y ligeramente empolvada que transmite distinci\u00f3n y sensualidad.<\/p>\n<p data-start=\"725\" data-end=\"969\">En el coraz\u00f3n, la fragancia evoluciona hacia notas c\u00e1lidas y profundas de s\u00e1ndalo y cedro, fusionadas con acordes intensos de ron, caf\u00e9 y oud, aportando un car\u00e1cter adictivo, misterioso y moderno que equilibra lo dulce con lo amaderado.<\/p>\n<p data-start=\"971\" data-end=\"1171\">El fondo es envolvente y seductor, donde la vainilla cremosa se mezcla con patchouli, haba tonka y vetiver, dejando una estela c\u00e1lida, elegante y duradera que se fija delicadamente en la piel.<\/p>\n<p data-start=\"1173\" data-end=\"1355\">Reyane 888 es ideal para uso nocturno o climas frescos, perfecto para quienes disfrutan de fragancias intensas, sofisticadas y con una personalidad marcada, sin distinci\u00f3n de g\u00e9nero.<\/p>\n<h3 data-start=\"1362\" data-end=\"1385\"><\/h3>\n<ul data-start=\"1386\" data-end=\"1540\">\n<li data-start=\"1386\" data-end=\"1436\">\n<p data-start=\"1388\" data-end=\"1436\"><strong data-start=\"1388\" data-end=\"1399\">Notas de salida:<\/strong> jazm\u00edn, rosa, flor de azahar, iris.<\/p>\n<\/li>\n<li data-start=\"1437\" data-end=\"1484\">\n<p data-start=\"1439\" data-end=\"1484\"><strong data-start=\"1439\" data-end=\"1451\">Notas de coraz\u00f3n:<\/strong> s\u00e1ndalo, cedro, ron, caf\u00e9, oud.<\/p>\n<\/li>\n<li data-start=\"1485\" data-end=\"1540\">\n<p data-start=\"1487\" data-end=\"1540\"><strong data-start=\"1487\" data-end=\"1497\">Notas de fondo:<\/strong> vainilla, patchouli, haba tonka, vetiver.<\/p>\n<\/li>\n<\/ul>\n","protected":false},"excerpt":{"rendered":"<p>888 Una fragancia lujosa y distintiva que refleja lujo y elegancia en cada momento Experimente la elegancia y la sofisticaci\u00f3n<\/p>\n","protected":false},"featured_media":97131,"comment_status":"open","ping_status":"closed","template":"","meta":{"nf_dc_page":""},"product_brand":[2625],"product_cat":[84],"product_tag":[2629],"class_list":{"0":"post-97105","1":"product","2":"type-product","3":"status-publish","4":"has-post-thumbnail","6":"product_brand-reyane-tradition","7":"product_cat-perfumeria","8":"product_tag-2629","10":"first","11":"instock","12":"shipping-taxable","13":"purchasable","14":"product-type-simple"},"_links":{"self":[{"href":"https:\/\/brandss.com.py\/index\/wp-json\/wp\/v2\/product\/97105","targetHints":{"allow":["GET"]}}],"collection":[{"href":"https:\/\/brandss.com.py\/index\/wp-json\/wp\/v2\/product"}],"about":[{"href":"https:\/\/brandss.com.py\/index\/wp-json\/wp\/v2\/types\/product"}],"replies":[{"embeddable":true,"href":"https:\/\/brandss.com.py\/index\/wp-json\/wp\/v2\/comments?post=97105"}],"version-history":[{"count":1,"href":"https:\/\/brandss.com.py\/index\/wp-json\/wp\/v2\/product\/97105\/revisions"}],"predecessor-version":[{"id":97106,"href":"https:\/\/brandss.com.py\/index\/wp-json\/wp\/v2\/product\/97105\/revisions\/97106"}],"wp:featuredmedia":[{"embeddable":true,"href":"https:\/\/brandss.com.py\/index\/wp-json\/wp\/v2\/media\/97131"}],"wp:attachment":[{"href":"https:\/\/brandss.com.py\/index\/wp-json\/wp\/v2\/media?parent=97105"}],"wp:term":[{"taxonomy":"product_brand","embeddable":true,"href":"https:\/\/brandss.com.py\/index\/wp-json\/wp\/v2\/product_brand?post=97105"},{"taxonomy":"product_cat","embeddable":true,"href":"https:\/\/brandss.com.py\/index\/wp-json\/wp\/v2\/product_cat?post=97105"},{"taxonomy":"product_tag","embeddable":true,"href":"https:\/\/brandss.com.py\/index\/wp-json\/wp\/v2\/product_tag?post=97105"}],"curies":[{"name":"wp","href":"https:\/\/api.w.org\/{rel}","templated":true}]}}