{"id":97109,"date":"2026-01-30T17:07:41","date_gmt":"2026-01-30T17:07:41","guid":{"rendered":"https:\/\/brandss.com.py\/index\/?post_type=product&#038;p=97109"},"modified":"2026-02-03T14:23:19","modified_gmt":"2026-02-03T14:23:19","slug":"perfume-masculino-prestigious-merazur-energy-edp-100ml","status":"publish","type":"product","link":"https:\/\/brandss.com.py\/index\/producto\/perfume-masculino-prestigious-merazur-energy-edp-100ml\/","title":{"rendered":"PERFUME MASCULINO PRESTIGIOUS MERAZUR ENERGY EDP 100ML"},"content":{"rendered":"<p><img loading=\"lazy\" decoding=\"async\" class=\"\" src=\"https:\/\/www.fragrantica.es\/mdimg\/dizajneri\/o.3677.jpg\" width=\"91\" height=\"91\" \/><\/p>\n<h1>MERAZUR ENERGY<\/h1>\n<p>Esta fragancia fresca y en\u00e9rgica est\u00e1 dedicada al hombre atl\u00e9tico, acostumbrado a alcanzar sus metas, dotado de coraje, voluntad y encanto. Es un soplo de incre\u00edble frescura y una carga de energ\u00eda que despierta el deseo de arriesgarse y conquistar nuevas alturas en busca de sensaciones extremas.<img loading=\"lazy\" decoding=\"async\" class=\"alignleft\" src=\"https:\/\/images.uzum.uz\/d2s3kn7iub35i07ja8bg\/original.jpg\" width=\"416\" height=\"554\" \/><\/p>\n<p>Esta fragancia masculina simboliza horizontes infinitos, caminos abiertos y nuevas oportunidades, llena de velocidad y adrenalina.<\/p>\n<p>&nbsp;<\/p>\n<h3>Notas Olfativas<\/h3>\n<p>&nbsp;<\/p>\n<p><span dir=\"auto\">Merazur Energy<\/span><span dir=\"auto\"> es una fragancia que proporciona una relajaci\u00f3n deportiva y elegante instant\u00e1nea. <\/span><span dir=\"auto\">La combinaci\u00f3n de bergamota, pomelo y pimienta rosa crea una impresi\u00f3n fuerte e inesperada. <\/span><span dir=\"auto\">Salvia, geranio e ylang-ylang llenan la fragancia de poder arom\u00e1tico. <\/span><span dir=\"auto\">La sensaci\u00f3n profunda y radiante de la madera de cachemira se complementa perfectamente con la sensualidad del vetiver y el musgo. <\/span><span dir=\"auto\">Merazur Energy<\/span><span dir=\"auto\"> es la encarnaci\u00f3n de la fuerza, el encanto y la confianza en uno mismo.<\/span><\/p>\n<div dir=\"auto\">Una fragancia de la familia C\u00edtrica para hombres.<\/div>\n<div dir=\"auto\">\n<p><strong>Notas de salida:<\/strong> bergamota, pomelo, pimienta rosa.<\/p>\n<p><strong>Notas de coraz\u00f3n:<\/strong> salvia\u00a0esclarea, geranio, ylang.<\/p>\n<p><strong>Notas de fondo:<\/strong> vetiver, musgo, madera de cachemira.<\/p>\n<\/div>\n","protected":false},"excerpt":{"rendered":"<p>MERAZUR ENERGY Esta fragancia fresca y en\u00e9rgica est\u00e1 dedicada al hombre atl\u00e9tico, acostumbrado a alcanzar sus metas, dotado de coraje,<\/p>\n","protected":false},"featured_media":97215,"comment_status":"open","ping_status":"closed","template":"","meta":{"nf_dc_page":""},"product_brand":[2627],"product_cat":[84],"product_tag":[2630],"class_list":{"0":"post-97109","1":"product","2":"type-product","3":"status-publish","4":"has-post-thumbnail","6":"product_brand-prestigious","7":"product_cat-perfumeria","8":"product_tag-2630","10":"first","11":"instock","12":"shipping-taxable","13":"purchasable","14":"product-type-simple"},"_links":{"self":[{"href":"https:\/\/brandss.com.py\/index\/wp-json\/wp\/v2\/product\/97109","targetHints":{"allow":["GET"]}}],"collection":[{"href":"https:\/\/brandss.com.py\/index\/wp-json\/wp\/v2\/product"}],"about":[{"href":"https:\/\/brandss.com.py\/index\/wp-json\/wp\/v2\/types\/product"}],"replies":[{"embeddable":true,"href":"https:\/\/brandss.com.py\/index\/wp-json\/wp\/v2\/comments?post=97109"}],"version-history":[{"count":1,"href":"https:\/\/brandss.com.py\/index\/wp-json\/wp\/v2\/product\/97109\/revisions"}],"predecessor-version":[{"id":97110,"href":"https:\/\/brandss.com.py\/index\/wp-json\/wp\/v2\/product\/97109\/revisions\/97110"}],"wp:featuredmedia":[{"embeddable":true,"href":"https:\/\/brandss.com.py\/index\/wp-json\/wp\/v2\/media\/97215"}],"wp:attachment":[{"href":"https:\/\/brandss.com.py\/index\/wp-json\/wp\/v2\/media?parent=97109"}],"wp:term":[{"taxonomy":"product_brand","embeddable":true,"href":"https:\/\/brandss.com.py\/index\/wp-json\/wp\/v2\/product_brand?post=97109"},{"taxonomy":"product_cat","embeddable":true,"href":"https:\/\/brandss.com.py\/index\/wp-json\/wp\/v2\/product_cat?post=97109"},{"taxonomy":"product_tag","embeddable":true,"href":"https:\/\/brandss.com.py\/index\/wp-json\/wp\/v2\/product_tag?post=97109"}],"curies":[{"name":"wp","href":"https:\/\/api.w.org\/{rel}","templated":true}]}}