{"id":97111,"date":"2026-01-30T18:15:11","date_gmt":"2026-01-30T18:15:11","guid":{"rendered":"https:\/\/brandss.com.py\/index\/?post_type=product&#038;p=97111"},"modified":"2026-02-03T14:24:44","modified_gmt":"2026-02-03T14:24:44","slug":"perfume-masculino-parisis-parfum-h-h-fabuloso-extrait-de-parfum-100ml","status":"publish","type":"product","link":"https:\/\/brandss.com.py\/index\/producto\/perfume-masculino-parisis-parfum-h-h-fabuloso-extrait-de-parfum-100ml\/","title":{"rendered":"PERFUME MASCULINO PARISIS PARFUM H &amp; H FABULOSO EXTRAIT DE PARFUM 100ML"},"content":{"rendered":"<p><img loading=\"lazy\" decoding=\"async\" class=\"\" src=\"https:\/\/parisis-parfums.com\/wp-content\/uploads\/2023\/12\/Logo-Parisis.png\" alt=\"Parisis Parfums\" width=\"65\" height=\"90\" \/><\/p>\n<h1>H &amp; H FABULOSO<\/h1>\n<p data-start=\"274\" data-end=\"557\">Es una fragancia masculina intensa y sofisticada que refleja elegancia moderna y car\u00e1cter decidido. Su presentaci\u00f3n en Extrait de Parfum garantiza una alta concentraci\u00f3n arom\u00e1tica, ofreciendo una duraci\u00f3n prolongada y una estela envolvente que no pasa desapercibida.<\/p>\n<p data-start=\"559\" data-end=\"814\">Desde el primer contacto, este perfume transmite una sensaci\u00f3n fresca y refinada que evoluciona hacia acordes profundos y seductores. Su composici\u00f3n est\u00e1 pensada para el hombre seguro de s\u00ed mismo, que busca un aroma distintivo, limpio y a la vez poderoso.<\/p>\n<p data-start=\"816\" data-end=\"971\">El frasco de l\u00edneas rectas y tonalidad azul transmite frescura y masculinidad, acompa\u00f1ado de un estuche sobrio y elegante que refuerza su car\u00e1cter premium.<\/p>\n<p data-start=\"973\" data-end=\"1137\">H&amp;H Fabuloso es ideal para uso diario o nocturno, perfecto tanto para ocasiones formales como para momentos especiales donde se desea dejar una impresi\u00f3n memorable.<\/p>\n<h3 data-start=\"973\" data-end=\"1137\">Notas Olfativas<\/h3>\n<p data-start=\"973\" data-end=\"1137\">Un perfume masculino, moderno y lujoso, con un perfil arom\u00e1tico\u2013gourmand\u2013amaderado, ideal para la noche, eventos especiales o climas frescos. Proyecta seguridad, elegancia y presencia. La fragancia inicia con una apertura arom\u00e1tica, limpia y elegante, con un toque herbal refinado. Aqu\u00ed aparece un coraz\u00f3n con su car\u00e1cter m\u00e1s cremoso, masculino y sofisticado, con un equilibrio entre lo dulce y lo intenso. El fondo es c\u00e1lido, sensual y envolvente, dejando una estela elegante y duradera.<\/p>\n<p data-start=\"497\" data-end=\"523\"><strong data-start=\"504\" data-end=\"523\">Notas de salida: <\/strong>lavanda, salvia.<\/p>\n<p data-start=\"634\" data-end=\"661\"><strong data-start=\"641\" data-end=\"661\">Notas de coraz\u00f3n: <\/strong>almendra amarga, cuero, vainilla suave.<\/p>\n<p data-start=\"827\" data-end=\"852\"><strong data-start=\"834\" data-end=\"852\">Notas de fondo: <\/strong>haba tonka, maderas ambaradas, cashmeran.<\/p>\n","protected":false},"excerpt":{"rendered":"<p>H &amp; H FABULOSO Es una fragancia masculina intensa y sofisticada que refleja elegancia moderna y car\u00e1cter decidido. Su presentaci\u00f3n<\/p>\n","protected":false},"featured_media":97219,"comment_status":"open","ping_status":"closed","template":"","meta":{"nf_dc_page":""},"product_brand":[2631],"product_cat":[84],"product_tag":[2632],"class_list":{"0":"post-97111","1":"product","2":"type-product","3":"status-publish","4":"has-post-thumbnail","6":"product_brand-parisis-parfum","7":"product_cat-perfumeria","8":"product_tag-2632","10":"first","11":"instock","12":"shipping-taxable","13":"purchasable","14":"product-type-simple"},"_links":{"self":[{"href":"https:\/\/brandss.com.py\/index\/wp-json\/wp\/v2\/product\/97111","targetHints":{"allow":["GET"]}}],"collection":[{"href":"https:\/\/brandss.com.py\/index\/wp-json\/wp\/v2\/product"}],"about":[{"href":"https:\/\/brandss.com.py\/index\/wp-json\/wp\/v2\/types\/product"}],"replies":[{"embeddable":true,"href":"https:\/\/brandss.com.py\/index\/wp-json\/wp\/v2\/comments?post=97111"}],"version-history":[{"count":1,"href":"https:\/\/brandss.com.py\/index\/wp-json\/wp\/v2\/product\/97111\/revisions"}],"predecessor-version":[{"id":97112,"href":"https:\/\/brandss.com.py\/index\/wp-json\/wp\/v2\/product\/97111\/revisions\/97112"}],"wp:featuredmedia":[{"embeddable":true,"href":"https:\/\/brandss.com.py\/index\/wp-json\/wp\/v2\/media\/97219"}],"wp:attachment":[{"href":"https:\/\/brandss.com.py\/index\/wp-json\/wp\/v2\/media?parent=97111"}],"wp:term":[{"taxonomy":"product_brand","embeddable":true,"href":"https:\/\/brandss.com.py\/index\/wp-json\/wp\/v2\/product_brand?post=97111"},{"taxonomy":"product_cat","embeddable":true,"href":"https:\/\/brandss.com.py\/index\/wp-json\/wp\/v2\/product_cat?post=97111"},{"taxonomy":"product_tag","embeddable":true,"href":"https:\/\/brandss.com.py\/index\/wp-json\/wp\/v2\/product_tag?post=97111"}],"curies":[{"name":"wp","href":"https:\/\/api.w.org\/{rel}","templated":true}]}}