{"id":97136,"date":"2026-01-31T12:37:26","date_gmt":"2026-01-31T12:37:26","guid":{"rendered":"https:\/\/brandss.com.py\/index\/?post_type=product&#038;p=97136"},"modified":"2026-02-03T14:30:06","modified_gmt":"2026-02-03T14:30:06","slug":"perfume-femenino-lovali-love-more-edp-100ml","status":"publish","type":"product","link":"https:\/\/brandss.com.py\/index\/producto\/perfume-femenino-lovali-love-more-edp-100ml\/","title":{"rendered":"PERFUME FEMENINO LOVALI LOVE MORE EDP 100ML"},"content":{"rendered":"<p><img loading=\"lazy\" decoding=\"async\" class=\"\" src=\"https:\/\/www.cosmeticcapital.com.au\/cdn\/shop\/collections\/brand_logo_lovali.jpg?crop=center&amp;height=150&amp;v=1741043991&amp;width=300\" alt=\"Lovali Cream Cloud Eau De Parfum 35ml \u2013 Cosmetic Capital\" width=\"144\" height=\"72\" \/><\/p>\n<h1>LOVE MORE<\/h1>\n<p><span dir=\"auto\">Rom\u00e1ntico, alegre e irresistiblemente femenino, <\/span><span dir=\"auto\">Love More <\/span><span dir=\"auto\">es una fragancia que celebra el amor, la alegr\u00eda y la elegancia atemporal. Presentado en un elegante frasco, es el aroma perfecto para mujeres que buscan sentirse radiantes y seguras de s\u00ed mismas de d\u00eda y de noche.<\/span><\/p>\n<p><span dir=\"auto\">Perfecta para el uso diario, para brunchs o veladas rom\u00e1nticas,\u00a0<\/span><span dir=\"auto\">Love More<\/span><span dir=\"auto\">\u00a0es una fragancia vers\u00e1til que encarna la confianza, el encanto y la feminidad moderna.<\/span><\/p>\n<h3>Notas Olfativas<\/h3>\n<p>La fragancia se abre con una explosi\u00f3n chispeante de c\u00edtricos y jugosos frutos rojos, creando una primera impresi\u00f3n vivaz y estimulante. Su coraz\u00f3n revela un rom\u00e1ntico bouquet de jazm\u00edn, rosa y delicadas flores que destilan gracia y encanto. Finalmente, la c\u00e1lida vainilla, \u00e1mbar y almizcle perduran con una hermosa persistencia, dejando una estela sensual y duradera.<\/p>\n<p><strong>Notas de salida:<\/strong> grosella negra, naranja, mandarina, pomelo, casia, bergamota.<\/p>\n<p><strong>Notas de coraz\u00f3n:<\/strong> rosa, albaricoque, jazm\u00edn, lirio, lirio de los valles.<\/p>\n<p><strong>Notas de fondo:<\/strong> vainilla, haba tonka, almizcle, \u00e1mbar, cedro de Virginia.<\/p>\n","protected":false},"excerpt":{"rendered":"<p>LOVE MORE Rom\u00e1ntico, alegre e irresistiblemente femenino, Love More es una fragancia que celebra el amor, la alegr\u00eda y la<\/p>\n","protected":false},"featured_media":97227,"comment_status":"open","ping_status":"closed","template":"","meta":{"nf_dc_page":""},"product_brand":[2635],"product_cat":[84],"product_tag":[2639],"class_list":{"0":"post-97136","1":"product","2":"type-product","3":"status-publish","4":"has-post-thumbnail","6":"product_brand-lovali","7":"product_cat-perfumeria","8":"product_tag-2639","10":"first","11":"instock","12":"shipping-taxable","13":"purchasable","14":"product-type-simple"},"_links":{"self":[{"href":"https:\/\/brandss.com.py\/index\/wp-json\/wp\/v2\/product\/97136","targetHints":{"allow":["GET"]}}],"collection":[{"href":"https:\/\/brandss.com.py\/index\/wp-json\/wp\/v2\/product"}],"about":[{"href":"https:\/\/brandss.com.py\/index\/wp-json\/wp\/v2\/types\/product"}],"replies":[{"embeddable":true,"href":"https:\/\/brandss.com.py\/index\/wp-json\/wp\/v2\/comments?post=97136"}],"version-history":[{"count":1,"href":"https:\/\/brandss.com.py\/index\/wp-json\/wp\/v2\/product\/97136\/revisions"}],"predecessor-version":[{"id":97137,"href":"https:\/\/brandss.com.py\/index\/wp-json\/wp\/v2\/product\/97136\/revisions\/97137"}],"wp:featuredmedia":[{"embeddable":true,"href":"https:\/\/brandss.com.py\/index\/wp-json\/wp\/v2\/media\/97227"}],"wp:attachment":[{"href":"https:\/\/brandss.com.py\/index\/wp-json\/wp\/v2\/media?parent=97136"}],"wp:term":[{"taxonomy":"product_brand","embeddable":true,"href":"https:\/\/brandss.com.py\/index\/wp-json\/wp\/v2\/product_brand?post=97136"},{"taxonomy":"product_cat","embeddable":true,"href":"https:\/\/brandss.com.py\/index\/wp-json\/wp\/v2\/product_cat?post=97136"},{"taxonomy":"product_tag","embeddable":true,"href":"https:\/\/brandss.com.py\/index\/wp-json\/wp\/v2\/product_tag?post=97136"}],"curies":[{"name":"wp","href":"https:\/\/api.w.org\/{rel}","templated":true}]}}