{"id":97138,"date":"2026-01-31T13:15:55","date_gmt":"2026-01-31T13:15:55","guid":{"rendered":"https:\/\/brandss.com.py\/index\/?post_type=product&#038;p=97138"},"modified":"2026-02-03T14:34:17","modified_gmt":"2026-02-03T14:34:17","slug":"perfume-femenino-lovali-joane-de-amor-edp-100ml","status":"publish","type":"product","link":"https:\/\/brandss.com.py\/index\/producto\/perfume-femenino-lovali-joane-de-amor-edp-100ml\/","title":{"rendered":"PERFUME FEMENINO LOVALI JOANE DE AMOR EDP 100ML"},"content":{"rendered":"<p><img loading=\"lazy\" decoding=\"async\" class=\"\" src=\"https:\/\/www.cosmeticcapital.com.au\/cdn\/shop\/collections\/brand_logo_lovali.jpg?crop=center&amp;height=150&amp;v=1741043991&amp;width=300\" alt=\"Lovali Cream Cloud Eau De Parfum 35ml \u2013 Cosmetic Capital\" width=\"88\" height=\"44\" \/><\/p>\n<h1>JOANE DE AMOR<\/h1>\n<p>Descubre el encantador Joane De Amor, una fragancia floral y rom\u00e1ntica que te envolver\u00e1 en su esencia. Este eau de parfum, dise\u00f1ado especialmente para mujeres, se presenta en un elegante frasco de 100ml, ideal para llevar contigo en cualquier ocasi\u00f3n. Joane De Amor es la elecci\u00f3n perfecta para quienes desean expresar su personalidad a trav\u00e9s de una fragancia cautivadora y sofisticada.<\/p>\n<div class=\"ui-pdp-container__col col-3 ui-pdp-container--column-center pb-40\">\n<div class=\"ui-pdp-container__row\">\n<h3 class=\"ui-pdp-container__col col-1\">Notas Olfativas<\/h3>\n<div><\/div>\n<div>El perfume femenino Joane De Amor cautiva con una fragancia floral frutal envolvente, que combina notas c\u00edtricas y dulces frutos rojos con el encanto del jazm\u00edn, la rosa y la flor de azahar. Su base cremosa de vainilla, almizcle y s\u00e1ndalo aporta un toque sensual y sofisticado. Ideal para mujeres rom\u00e1nticas que desean irradiar feminidad y elegancia en cada momento.<\/div>\n<\/div>\n<div class=\"ui-pdp-container__row ui-pdp-recommendations-row\">\n<div class=\"ui-pdp-container__col col-1\">\n<div class=\"ui-pdp-spot-middle\"><\/div>\n<\/div>\n<\/div>\n<\/div>\n<div class=\"ui-pdp-container__col col-1 ui-pdp-container--column-right mt-24 mr-8 pr-16\">\n<div class=\"ui-pdp-container__row\">\n<div class=\"specification-item\">\n<div class=\"spec-label\"><strong>Notas de salida:<\/strong> c\u00edtricos, frutos rojos.<\/div>\n<\/div>\n<div class=\"specification-item\">\n<div class=\"spec-label\"><strong>Notas de coraz\u00f3n:<\/strong> jazm\u00edn, rosa, flor de azahar.<\/div>\n<\/div>\n<div class=\"specification-item\">\n<div class=\"spec-label\"><strong>Notas de fondo:<\/strong> vainilla, almizcle, s\u00e1ndalo.<\/div>\n<\/div>\n<\/div>\n<\/div>\n","protected":false},"excerpt":{"rendered":"<p>JOANE DE AMOR Descubre el encantador Joane De Amor, una fragancia floral y rom\u00e1ntica que te envolver\u00e1 en su esencia.<\/p>\n","protected":false},"featured_media":97231,"comment_status":"open","ping_status":"closed","template":"","meta":{"nf_dc_page":""},"product_brand":[2635],"product_cat":[84],"product_tag":[2640],"class_list":{"0":"post-97138","1":"product","2":"type-product","3":"status-publish","4":"has-post-thumbnail","6":"product_brand-lovali","7":"product_cat-perfumeria","8":"product_tag-2640","10":"first","11":"instock","12":"shipping-taxable","13":"purchasable","14":"product-type-simple"},"_links":{"self":[{"href":"https:\/\/brandss.com.py\/index\/wp-json\/wp\/v2\/product\/97138","targetHints":{"allow":["GET"]}}],"collection":[{"href":"https:\/\/brandss.com.py\/index\/wp-json\/wp\/v2\/product"}],"about":[{"href":"https:\/\/brandss.com.py\/index\/wp-json\/wp\/v2\/types\/product"}],"replies":[{"embeddable":true,"href":"https:\/\/brandss.com.py\/index\/wp-json\/wp\/v2\/comments?post=97138"}],"version-history":[{"count":1,"href":"https:\/\/brandss.com.py\/index\/wp-json\/wp\/v2\/product\/97138\/revisions"}],"predecessor-version":[{"id":97139,"href":"https:\/\/brandss.com.py\/index\/wp-json\/wp\/v2\/product\/97138\/revisions\/97139"}],"wp:featuredmedia":[{"embeddable":true,"href":"https:\/\/brandss.com.py\/index\/wp-json\/wp\/v2\/media\/97231"}],"wp:attachment":[{"href":"https:\/\/brandss.com.py\/index\/wp-json\/wp\/v2\/media?parent=97138"}],"wp:term":[{"taxonomy":"product_brand","embeddable":true,"href":"https:\/\/brandss.com.py\/index\/wp-json\/wp\/v2\/product_brand?post=97138"},{"taxonomy":"product_cat","embeddable":true,"href":"https:\/\/brandss.com.py\/index\/wp-json\/wp\/v2\/product_cat?post=97138"},{"taxonomy":"product_tag","embeddable":true,"href":"https:\/\/brandss.com.py\/index\/wp-json\/wp\/v2\/product_tag?post=97138"}],"curies":[{"name":"wp","href":"https:\/\/api.w.org\/{rel}","templated":true}]}}