{"id":97149,"date":"2026-01-31T18:04:56","date_gmt":"2026-01-31T18:04:56","guid":{"rendered":"https:\/\/brandss.com.py\/index\/?post_type=product&#038;p=97149"},"modified":"2026-02-03T14:48:13","modified_gmt":"2026-02-03T14:48:13","slug":"perfume-masculino-lovali-cosmos-silver-bund-land-edp-100ml","status":"publish","type":"product","link":"https:\/\/brandss.com.py\/index\/producto\/perfume-masculino-lovali-cosmos-silver-bund-land-edp-100ml\/","title":{"rendered":"PERFUME MASCULINO LOVALI COSMOS SILVER BUND LAND EDP 100ML"},"content":{"rendered":"<p><img loading=\"lazy\" decoding=\"async\" class=\"\" src=\"https:\/\/www.cosmeticcapital.com.au\/cdn\/shop\/collections\/brand_logo_lovali.jpg?crop=center&amp;height=150&amp;v=1741043991&amp;width=300\" alt=\"Lovali Cream Cloud Eau De Parfum 35ml \u2013 Cosmetic Capital\" width=\"116\" height=\"58\" \/><\/p>\n<h1>COSMOS SILVER BUND LAND<\/h1>\n<p><span dir=\"auto\">Refinado, audaz e irresistiblemente atemporal, <\/span><span dir=\"auto\">Cosmos Silver Bund Land <\/span><span dir=\"auto\">est\u00e1 dise\u00f1ado para el hombre que valora la elegancia y la fuerza a partes iguales. Este Eau de Parfum es perfecto para viajes, el trabajo o el d\u00eda a d\u00eda, ofreciendo sofisticaci\u00f3n en cada aplicaci\u00f3n.<\/span><\/p>\n<p><span dir=\"auto\">Ideal para usar tanto de d\u00eda como de noche,\u00a0<\/span><span dir=\"auto\">Cosmos Silver Bund Land<\/span><span dir=\"auto\">\u00a0es vers\u00e1til y moderno: un aroma exclusivo que encarna poder, carisma y sofisticaci\u00f3n.<\/span><\/p>\n<h3>Notas Olfativas<\/h3>\n<p>El perfume masculino Cosmos Silver Bund Land ofrece una fragancia c\u00edtrica amaderada que transmite frescura y elegancia. Sus notas de salida de naranja, neroli y hojas c\u00edtricas abren con vitalidad, seguidas por un coraz\u00f3n de lavanda, maderas blancas y \u00e1mbar que aporta sofisticaci\u00f3n. El fondo de almizcle blanco, pachul\u00ed y vetiver brinda profundidad y car\u00e1cter. Perfecto para hombres modernos y seguros de s\u00ed mismos.<\/p>\n<div class=\"specification-item\">\n<div class=\"spec-label\"><strong>Notas de salida:<\/strong> naranja, neroli, hojas de c\u00edtricos.<\/div>\n<\/div>\n<div class=\"specification-item\">\n<div class=\"spec-label\"><strong>Notas de coraz\u00f3n:<\/strong> lavanda, madera blanca, \u00e1mbar.<\/div>\n<\/div>\n<div class=\"specification-item\">\n<div class=\"spec-label\"><strong>Notas de fondo:<\/strong> almizcle blanco, pachul\u00ed, vetiver.<\/div>\n<\/div>\n","protected":false},"excerpt":{"rendered":"<p>COSMOS SILVER BUND LAND Refinado, audaz e irresistiblemente atemporal, Cosmos Silver Bund Land est\u00e1 dise\u00f1ado para el hombre que valora<\/p>\n","protected":false},"featured_media":97259,"comment_status":"open","ping_status":"closed","template":"","meta":{"nf_dc_page":""},"product_brand":[2635],"product_cat":[84],"product_tag":[2646],"class_list":{"0":"post-97149","1":"product","2":"type-product","3":"status-publish","4":"has-post-thumbnail","6":"product_brand-lovali","7":"product_cat-perfumeria","8":"product_tag-2646","10":"first","11":"instock","12":"shipping-taxable","13":"purchasable","14":"product-type-simple"},"_links":{"self":[{"href":"https:\/\/brandss.com.py\/index\/wp-json\/wp\/v2\/product\/97149","targetHints":{"allow":["GET"]}}],"collection":[{"href":"https:\/\/brandss.com.py\/index\/wp-json\/wp\/v2\/product"}],"about":[{"href":"https:\/\/brandss.com.py\/index\/wp-json\/wp\/v2\/types\/product"}],"replies":[{"embeddable":true,"href":"https:\/\/brandss.com.py\/index\/wp-json\/wp\/v2\/comments?post=97149"}],"version-history":[{"count":1,"href":"https:\/\/brandss.com.py\/index\/wp-json\/wp\/v2\/product\/97149\/revisions"}],"predecessor-version":[{"id":97150,"href":"https:\/\/brandss.com.py\/index\/wp-json\/wp\/v2\/product\/97149\/revisions\/97150"}],"wp:featuredmedia":[{"embeddable":true,"href":"https:\/\/brandss.com.py\/index\/wp-json\/wp\/v2\/media\/97259"}],"wp:attachment":[{"href":"https:\/\/brandss.com.py\/index\/wp-json\/wp\/v2\/media?parent=97149"}],"wp:term":[{"taxonomy":"product_brand","embeddable":true,"href":"https:\/\/brandss.com.py\/index\/wp-json\/wp\/v2\/product_brand?post=97149"},{"taxonomy":"product_cat","embeddable":true,"href":"https:\/\/brandss.com.py\/index\/wp-json\/wp\/v2\/product_cat?post=97149"},{"taxonomy":"product_tag","embeddable":true,"href":"https:\/\/brandss.com.py\/index\/wp-json\/wp\/v2\/product_tag?post=97149"}],"curies":[{"name":"wp","href":"https:\/\/api.w.org\/{rel}","templated":true}]}}