{"id":97158,"date":"2026-02-02T12:13:38","date_gmt":"2026-02-02T12:13:38","guid":{"rendered":"https:\/\/brandss.com.py\/index\/?post_type=product&#038;p=97158"},"modified":"2026-02-03T16:34:08","modified_gmt":"2026-02-03T16:34:08","slug":"acondicionador-capilar-loreal-serie-expert-absolut-repair-gold-750ml","status":"publish","type":"product","link":"https:\/\/brandss.com.py\/index\/producto\/acondicionador-capilar-loreal-serie-expert-absolut-repair-gold-750ml\/","title":{"rendered":"ACONDICIONADOR CAPILAR L&#8217;OR\u00c9AL SERIE EXPERT ABSOLUT REPAIR GOLD 750ML"},"content":{"rendered":"<p><img loading=\"lazy\" decoding=\"async\" class=\"\" src=\"https:\/\/1000marcas.net\/wp-content\/uploads\/2020\/01\/LOr%C3%A9al-Logo.png\" alt=\"LOreal Logo - s\u00edmbolo, significado logotipo, historia, PNG\" width=\"126\" height=\"71\" \/><\/p>\n<h1>ABSOLUT REPAIR GOLD<\/h1>\n<h5><em>Reconstruye y protege inmediatamente el cabello da\u00f1ado.<\/em><\/h5>\n<p>El acondicionador Absolut Repair ofrece la mejor experiencia de reparaci\u00f3n profesional para el cabello da\u00f1ado y seco. El acondicionador repara visiblemente el cabello da\u00f1ado con un tacto muy ligero y suave, trata y desenreda sin da\u00f1ar el cabello. Con Omega 9 + PROTE\u00cdNA, la f\u00f3rmula profesional del acondicionador reconstructor instant\u00e1neo Absolut Repair es el tratamiento perfecto para reestructurar inmediatamente el cabello da\u00f1ado. \u00a0Su f\u00f3rmula cremosa nutre la fibra y la deja con un aspecto ligero.<\/p>\n<p>Despu\u00e9s de usar el champ\u00fa y acondicionador Absolut Repair, el cabello est\u00e1 m\u00e1s brillante, suave y resistente, y la superficie del cabello est\u00e1 menos da\u00f1ada.<\/p>\n<div>\n<h2>Tipo de cabello<\/h2>\n<\/div>\n<div class=\"accordion__content richtext\" aria-labelledby=\"pdp-panel-3\">\n<ul>\n<li>Cabello da\u00f1ado.<\/li>\n<\/ul>\n<div>\n<h2>Resultados<\/h2>\n<\/div>\n<div class=\"accordion__content richtext\" aria-labelledby=\"pdp-panel-4\">\n<ul>\n<li>Cabello m\u00e1s brillante y suave.<\/li>\n<li>Textura ligera.<\/li>\n<li>Cabello reparado y menos da\u00f1ado.<\/li>\n<\/ul>\n<\/div>\n<\/div>\n","protected":false},"excerpt":{"rendered":"<p>ABSOLUT REPAIR GOLD Reconstruye y protege inmediatamente el cabello da\u00f1ado. El acondicionador Absolut Repair ofrece la mejor experiencia de reparaci\u00f3n<\/p>\n","protected":false},"featured_media":97281,"comment_status":"open","ping_status":"closed","template":"","meta":{"nf_dc_page":""},"product_brand":[349],"product_cat":[85],"product_tag":[2650],"class_list":{"0":"post-97158","1":"product","2":"type-product","3":"status-publish","4":"has-post-thumbnail","6":"product_brand-loreal","7":"product_cat-cosmeticos","8":"product_tag-2650","10":"first","11":"instock","12":"shipping-taxable","13":"purchasable","14":"product-type-simple"},"_links":{"self":[{"href":"https:\/\/brandss.com.py\/index\/wp-json\/wp\/v2\/product\/97158","targetHints":{"allow":["GET"]}}],"collection":[{"href":"https:\/\/brandss.com.py\/index\/wp-json\/wp\/v2\/product"}],"about":[{"href":"https:\/\/brandss.com.py\/index\/wp-json\/wp\/v2\/types\/product"}],"replies":[{"embeddable":true,"href":"https:\/\/brandss.com.py\/index\/wp-json\/wp\/v2\/comments?post=97158"}],"version-history":[{"count":1,"href":"https:\/\/brandss.com.py\/index\/wp-json\/wp\/v2\/product\/97158\/revisions"}],"predecessor-version":[{"id":97159,"href":"https:\/\/brandss.com.py\/index\/wp-json\/wp\/v2\/product\/97158\/revisions\/97159"}],"wp:featuredmedia":[{"embeddable":true,"href":"https:\/\/brandss.com.py\/index\/wp-json\/wp\/v2\/media\/97281"}],"wp:attachment":[{"href":"https:\/\/brandss.com.py\/index\/wp-json\/wp\/v2\/media?parent=97158"}],"wp:term":[{"taxonomy":"product_brand","embeddable":true,"href":"https:\/\/brandss.com.py\/index\/wp-json\/wp\/v2\/product_brand?post=97158"},{"taxonomy":"product_cat","embeddable":true,"href":"https:\/\/brandss.com.py\/index\/wp-json\/wp\/v2\/product_cat?post=97158"},{"taxonomy":"product_tag","embeddable":true,"href":"https:\/\/brandss.com.py\/index\/wp-json\/wp\/v2\/product_tag?post=97158"}],"curies":[{"name":"wp","href":"https:\/\/api.w.org\/{rel}","templated":true}]}}