{"id":97160,"date":"2026-02-02T12:44:53","date_gmt":"2026-02-02T12:44:53","guid":{"rendered":"https:\/\/brandss.com.py\/index\/?post_type=product&#038;p=97160"},"modified":"2026-02-03T16:35:47","modified_gmt":"2026-02-03T16:35:47","slug":"acondicionador-capilar-loreal-serie-expert-absolut-repair-gold-200ml","status":"publish","type":"product","link":"https:\/\/brandss.com.py\/index\/producto\/acondicionador-capilar-loreal-serie-expert-absolut-repair-gold-200ml\/","title":{"rendered":"ACONDICIONADOR CAPILAR L\u2019OR\u00c9AL SERIE EXPERT ABSOLUT REPAIR GOLD 200ML"},"content":{"rendered":"<p><img loading=\"lazy\" decoding=\"async\" class=\"\" src=\"https:\/\/1000marcas.net\/wp-content\/uploads\/2020\/01\/LOr%C3%A9al-Logo.png\" alt=\"LOreal Logo - s\u00edmbolo, significado logotipo, historia, PNG\" width=\"128\" height=\"72\" \/><\/p>\n<h1>ABSOLUT REPAIR GOLD<\/h1>\n<p>El Acondicionador Absolut Repair ofrece la experiencia profesional definitiva de renovaci\u00f3n capilar para cabello da\u00f1ado y seco. Este acondicionador revitaliza visiblemente el cabello da\u00f1ado con una textura muy ligera y suave, trata y desenreda sin apelmazarlo. El cabello queda manejable y m\u00e1s brillante despu\u00e9s de la rutina de tratamiento, que incluye el champ\u00fa revitalizante Absolut Repair.<\/p>\n<p>Nutrido por QUINOA DE ORO + PROTE\u00cdNA, la f\u00f3rmula profesional del Acondicionador Reestructurante Instant\u00e1neo es el tratamiento perfecto para reestructurar inmediatamente el cabello da\u00f1ado. Su f\u00f3rmula cremosa nutre la fibra mientras la deja con un toque ligero.<\/p>\n<p>Despu\u00e9s de utilizar el Champ\u00fa y el Acondicionador Absolut Repair, el cabello est\u00e1 m\u00e1s brillante, m\u00e1s suave, m\u00e1s resistente y la superficie del cabello est\u00e1 menos da\u00f1ada<\/p>\n<p>&nbsp;<\/p>\n<div>\n<h2>Tipo de cabello<\/h2>\n<\/div>\n<div class=\"accordion__content richtext\" aria-labelledby=\"pdp-panel-3\">\n<ul>\n<li>Cabello da\u00f1ado<\/li>\n<\/ul>\n<div>\n<h2>Resultados<\/h2>\n<\/div>\n<div class=\"accordion__content richtext\" aria-labelledby=\"pdp-panel-4\">\n<ul>\n<li>Cabello m\u00e1s brillante y suave<\/li>\n<li>Textura ligera<\/li>\n<li>Cabello reparado y menos da\u00f1ado<\/li>\n<\/ul>\n<p>&nbsp;<\/p>\n<h3><b>Beneficios<\/b><\/h3>\n<ul>\n<li>Trata y desenreda sin da\u00f1ar el cabello.<\/li>\n<li>Cabello m\u00e1s brillante y manejable.<\/li>\n<li>Restaura y fortalece la fibra del cabello.<\/li>\n<li>Tacto ligero y suave.<\/li>\n<li>Cabello rejuvenecido.<\/li>\n<li>F\u00f3rmula enriquecida con quinoa dorada y prote\u00edna de trigo.<\/li>\n<\/ul>\n<\/div>\n<\/div>\n","protected":false},"excerpt":{"rendered":"<p>ABSOLUT REPAIR GOLD El Acondicionador Absolut Repair ofrece la experiencia profesional definitiva de renovaci\u00f3n capilar para cabello da\u00f1ado y seco.<\/p>\n","protected":false},"featured_media":97161,"comment_status":"open","ping_status":"closed","template":"","meta":{"nf_dc_page":""},"product_brand":[349],"product_cat":[85],"product_tag":[2651],"class_list":{"0":"post-97160","1":"product","2":"type-product","3":"status-publish","4":"has-post-thumbnail","6":"product_brand-loreal","7":"product_cat-cosmeticos","8":"product_tag-2651","10":"first","11":"instock","12":"shipping-taxable","13":"purchasable","14":"product-type-simple"},"_links":{"self":[{"href":"https:\/\/brandss.com.py\/index\/wp-json\/wp\/v2\/product\/97160","targetHints":{"allow":["GET"]}}],"collection":[{"href":"https:\/\/brandss.com.py\/index\/wp-json\/wp\/v2\/product"}],"about":[{"href":"https:\/\/brandss.com.py\/index\/wp-json\/wp\/v2\/types\/product"}],"replies":[{"embeddable":true,"href":"https:\/\/brandss.com.py\/index\/wp-json\/wp\/v2\/comments?post=97160"}],"version-history":[{"count":1,"href":"https:\/\/brandss.com.py\/index\/wp-json\/wp\/v2\/product\/97160\/revisions"}],"predecessor-version":[{"id":97167,"href":"https:\/\/brandss.com.py\/index\/wp-json\/wp\/v2\/product\/97160\/revisions\/97167"}],"wp:featuredmedia":[{"embeddable":true,"href":"https:\/\/brandss.com.py\/index\/wp-json\/wp\/v2\/media\/97161"}],"wp:attachment":[{"href":"https:\/\/brandss.com.py\/index\/wp-json\/wp\/v2\/media?parent=97160"}],"wp:term":[{"taxonomy":"product_brand","embeddable":true,"href":"https:\/\/brandss.com.py\/index\/wp-json\/wp\/v2\/product_brand?post=97160"},{"taxonomy":"product_cat","embeddable":true,"href":"https:\/\/brandss.com.py\/index\/wp-json\/wp\/v2\/product_cat?post=97160"},{"taxonomy":"product_tag","embeddable":true,"href":"https:\/\/brandss.com.py\/index\/wp-json\/wp\/v2\/product_tag?post=97160"}],"curies":[{"name":"wp","href":"https:\/\/api.w.org\/{rel}","templated":true}]}}