{"id":97172,"date":"2026-02-02T17:22:17","date_gmt":"2026-02-02T17:22:17","guid":{"rendered":"https:\/\/brandss.com.py\/index\/?post_type=product&#038;p=97172"},"modified":"2026-02-03T16:41:29","modified_gmt":"2026-02-03T16:41:29","slug":"mascara-capilar-loreal-serie-expert-absolut-reapair-gold-500ml","status":"publish","type":"product","link":"https:\/\/brandss.com.py\/index\/producto\/mascara-capilar-loreal-serie-expert-absolut-reapair-gold-500ml\/","title":{"rendered":"M\u00c1SCARA CAPILAR L&#8217;OR\u00c9AL SERIE EXPERT ABSOLUT REAPAIR GOLD 500ML"},"content":{"rendered":"<p><img loading=\"lazy\" decoding=\"async\" class=\"\" src=\"https:\/\/1000marcas.net\/wp-content\/uploads\/2020\/01\/LOr%C3%A9al-Logo.png\" alt=\"LOreal Logo - s\u00edmbolo, significado logotipo, historia, PNG\" width=\"108\" height=\"61\" \/><\/p>\n<h1>ABSOLUT REAPAIR GOLD<\/h1>\n<p>&nbsp;<\/p>\n<h5><em>Fortalece, repara y reconstruye el cabello da\u00f1ado.<\/em><\/h5>\n<div>\n<p><span dir=\"auto\">Mascarilla de tratamiento de la l\u00ednea Absolut Repair Gold Quinoa+Protein. Su rica textura repara y recubre al instante el cabello de grosor medio a grueso con da\u00f1o extremo que necesita control y manejabilidad. Todo esto a la vez que proporciona manejabilidad, suavidad y brillo, sin apelmazarlo ni dejarlo r\u00edgido.<\/span><\/p>\n<p><span dir=\"auto\">Esta nueva f\u00f3rmula contiene una tecnolog\u00eda exclusiva de L&#8217;Or\u00e9al: la coemulsi\u00f3n. Act\u00faa en las zonas m\u00e1s da\u00f1adas, hasta la superficie de la fibra capilar, gracias a sus mol\u00e9culas m\u00e1s peque\u00f1as que las tradicionales, reponiendo las prote\u00ednas y protegiendo contra da\u00f1os mayores.<\/span><\/p>\n<h3><strong><span dir=\"auto\">Ingredientes<\/span><\/strong><\/h3>\n<p><strong><span dir=\"auto\">Quinoa + Prote\u00edna:<\/span><\/strong><br \/>\n<span dir=\"auto\">Adem\u00e1s de vitaminas E y complejo B, su composici\u00f3n incluye prote\u00edna completa, que ayuda en la reestructuraci\u00f3n profunda de las fibras da\u00f1adas mientras crea una pel\u00edcula que proporciona fuerza y \u200b\u200bprotecci\u00f3n al cabello, previniendo da\u00f1os futuros.<\/span><\/p>\n<p><strong><span dir=\"auto\">Prote\u00edna de trigo hidrolizada.<\/span><\/strong><br \/>\n<span dir=\"auto\">Su funci\u00f3n es ayudar a controlar la p\u00e9rdida de hidrataci\u00f3n del cabello, proporcionando una gran suavidad y una sensaci\u00f3n sedosa, adem\u00e1s de crear una pel\u00edcula protectora que mantiene las cut\u00edculas selladas, conservando as\u00ed las propiedades restauradoras de la fibra capilar.<\/span><\/p>\n<h3><strong><span dir=\"auto\">Tipos de cabello:<\/span><\/strong><\/h3>\n<ul>\n<li><span dir=\"auto\">Cabello extremadamente da\u00f1ado.<\/span><\/li>\n<li><span dir=\"auto\">Cabello debilitado.<\/span><\/li>\n<\/ul>\n<\/div>\n<div>\n<div class=\"accordion__content richtext\" aria-labelledby=\"pdp-panel-3\">\n<div>\n<h2>Resultados<\/h2>\n<\/div>\n<div class=\"accordion__content richtext\" aria-labelledby=\"pdp-panel-4\">\n<ul>\n<li>Cabello m\u00e1s brillante y suave.<\/li>\n<li>Textura ligera.<\/li>\n<li>Cabello reparado y menos da\u00f1ado.<\/li>\n<\/ul>\n<\/div>\n<\/div>\n<\/div>\n","protected":false},"excerpt":{"rendered":"<p>ABSOLUT REAPAIR GOLD &nbsp; Fortalece, repara y reconstruye el cabello da\u00f1ado. Mascarilla de tratamiento de la l\u00ednea Absolut Repair Gold<\/p>\n","protected":false},"featured_media":97302,"comment_status":"open","ping_status":"closed","template":"","meta":{"nf_dc_page":""},"product_brand":[349],"product_cat":[85],"product_tag":[2654],"class_list":{"0":"post-97172","1":"product","2":"type-product","3":"status-publish","4":"has-post-thumbnail","6":"product_brand-loreal","7":"product_cat-cosmeticos","8":"product_tag-2654","10":"first","11":"instock","12":"shipping-taxable","13":"purchasable","14":"product-type-simple"},"_links":{"self":[{"href":"https:\/\/brandss.com.py\/index\/wp-json\/wp\/v2\/product\/97172","targetHints":{"allow":["GET"]}}],"collection":[{"href":"https:\/\/brandss.com.py\/index\/wp-json\/wp\/v2\/product"}],"about":[{"href":"https:\/\/brandss.com.py\/index\/wp-json\/wp\/v2\/types\/product"}],"replies":[{"embeddable":true,"href":"https:\/\/brandss.com.py\/index\/wp-json\/wp\/v2\/comments?post=97172"}],"version-history":[{"count":4,"href":"https:\/\/brandss.com.py\/index\/wp-json\/wp\/v2\/product\/97172\/revisions"}],"predecessor-version":[{"id":97176,"href":"https:\/\/brandss.com.py\/index\/wp-json\/wp\/v2\/product\/97172\/revisions\/97176"}],"wp:featuredmedia":[{"embeddable":true,"href":"https:\/\/brandss.com.py\/index\/wp-json\/wp\/v2\/media\/97302"}],"wp:attachment":[{"href":"https:\/\/brandss.com.py\/index\/wp-json\/wp\/v2\/media?parent=97172"}],"wp:term":[{"taxonomy":"product_brand","embeddable":true,"href":"https:\/\/brandss.com.py\/index\/wp-json\/wp\/v2\/product_brand?post=97172"},{"taxonomy":"product_cat","embeddable":true,"href":"https:\/\/brandss.com.py\/index\/wp-json\/wp\/v2\/product_cat?post=97172"},{"taxonomy":"product_tag","embeddable":true,"href":"https:\/\/brandss.com.py\/index\/wp-json\/wp\/v2\/product_tag?post=97172"}],"curies":[{"name":"wp","href":"https:\/\/api.w.org\/{rel}","templated":true}]}}