{"id":97182,"date":"2026-02-02T18:38:11","date_gmt":"2026-02-02T18:38:11","guid":{"rendered":"https:\/\/brandss.com.py\/index\/?post_type=product&#038;p=97182"},"modified":"2026-02-03T16:47:33","modified_gmt":"2026-02-03T16:47:33","slug":"shampoo-capilar-loreal-serie-expert-vitamino-color-1500ml","status":"publish","type":"product","link":"https:\/\/brandss.com.py\/index\/producto\/shampoo-capilar-loreal-serie-expert-vitamino-color-1500ml\/","title":{"rendered":"SHAMPOO CAPILAR L&#8217;OR\u00c9AL SERIE EXPERT VITAMINO COLOR 1500ML"},"content":{"rendered":"<p><img loading=\"lazy\" decoding=\"async\" class=\"\" src=\"https:\/\/1000marcas.net\/wp-content\/uploads\/2020\/01\/LOr%C3%A9al-Logo.png\" alt=\"LOreal Logo - s\u00edmbolo, significado logotipo, historia, PNG\" width=\"156\" height=\"88\" \/><\/p>\n<h1>VITAMINO COLOR<\/h1>\n<h5><em>Protege el color de la decoloraci\u00f3n y la fibra de da\u00f1os.<\/em><\/h5>\n<p><span dir=\"auto\">El champ\u00fa elimina los residuos y protege el aspecto radiante de tu color a la vez que realza el brillo. El cabello luce instant\u00e1neamente m\u00e1s suave y brillante.<\/span><\/p>\n<p>F\u00d3RMULA PROFESIONAL con resveratrol, polifenol potente, que protege el color de la decoloraci\u00f3n, hasta 8 semanas<sup>1<\/sup>, y la fibra de los da\u00f1os para un cabello te\u00f1ido perfecto.<\/p>\n<p>Elimina suavemente las impurezas, el cabello queda suave y protegido al instante.<\/p>\n<div>\n<h2>Tipo de cabello<\/h2>\n<\/div>\n<div class=\"accordion__content richtext\" aria-labelledby=\"pdp-panel-3\">\n<ul>\n<li>Cabello te\u00f1ido.<\/li>\n<\/ul>\n<div>\n<h2>Resultados<\/h2>\n<\/div>\n<div class=\"accordion__content richtext\" aria-labelledby=\"pdp-panel-4\">\n<ul>\n<li>Protecci\u00f3n del color frente a la decoloraci\u00f3n x6 m\u00e1s brillo.<\/li>\n<li>8 semanas contra la decoloraci\u00f3n.<\/li>\n<\/ul>\n<h3>Beneficios<\/h3>\n<ul>\n<li>Protege y preserva el color del cabello.<\/li>\n<li>Previene el da\u00f1o.<\/li>\n<li>Aporta vitalidad y realza el brillo.<\/li>\n<li>Para cabello te\u00f1ido.<\/li>\n<\/ul>\n<\/div>\n<\/div>\n","protected":false},"excerpt":{"rendered":"<p>VITAMINO COLOR Protege el color de la decoloraci\u00f3n y la fibra de da\u00f1os. El champ\u00fa elimina los residuos y protege<\/p>\n","protected":false},"featured_media":97328,"comment_status":"open","ping_status":"closed","template":"","meta":{"nf_dc_page":""},"product_brand":[349],"product_cat":[85],"product_tag":[2657],"class_list":{"0":"post-97182","1":"product","2":"type-product","3":"status-publish","4":"has-post-thumbnail","6":"product_brand-loreal","7":"product_cat-cosmeticos","8":"product_tag-2657","10":"first","11":"instock","12":"shipping-taxable","13":"purchasable","14":"product-type-simple"},"_links":{"self":[{"href":"https:\/\/brandss.com.py\/index\/wp-json\/wp\/v2\/product\/97182","targetHints":{"allow":["GET"]}}],"collection":[{"href":"https:\/\/brandss.com.py\/index\/wp-json\/wp\/v2\/product"}],"about":[{"href":"https:\/\/brandss.com.py\/index\/wp-json\/wp\/v2\/types\/product"}],"replies":[{"embeddable":true,"href":"https:\/\/brandss.com.py\/index\/wp-json\/wp\/v2\/comments?post=97182"}],"version-history":[{"count":3,"href":"https:\/\/brandss.com.py\/index\/wp-json\/wp\/v2\/product\/97182\/revisions"}],"predecessor-version":[{"id":97185,"href":"https:\/\/brandss.com.py\/index\/wp-json\/wp\/v2\/product\/97182\/revisions\/97185"}],"wp:featuredmedia":[{"embeddable":true,"href":"https:\/\/brandss.com.py\/index\/wp-json\/wp\/v2\/media\/97328"}],"wp:attachment":[{"href":"https:\/\/brandss.com.py\/index\/wp-json\/wp\/v2\/media?parent=97182"}],"wp:term":[{"taxonomy":"product_brand","embeddable":true,"href":"https:\/\/brandss.com.py\/index\/wp-json\/wp\/v2\/product_brand?post=97182"},{"taxonomy":"product_cat","embeddable":true,"href":"https:\/\/brandss.com.py\/index\/wp-json\/wp\/v2\/product_cat?post=97182"},{"taxonomy":"product_tag","embeddable":true,"href":"https:\/\/brandss.com.py\/index\/wp-json\/wp\/v2\/product_tag?post=97182"}],"curies":[{"name":"wp","href":"https:\/\/api.w.org\/{rel}","templated":true}]}}