{"id":97186,"date":"2026-02-02T18:56:02","date_gmt":"2026-02-02T18:56:02","guid":{"rendered":"https:\/\/brandss.com.py\/index\/?post_type=product&#038;p=97186"},"modified":"2026-02-03T16:49:36","modified_gmt":"2026-02-03T16:49:36","slug":"acondicionador-capilar-loreal-serie-expert-vitamino-color-750ml","status":"publish","type":"product","link":"https:\/\/brandss.com.py\/index\/producto\/acondicionador-capilar-loreal-serie-expert-vitamino-color-750ml\/","title":{"rendered":"ACONDICIONADOR CAPILAR L\u2019OR\u00c9AL SERIE EXPERT VITAMINO COLOR 750ML"},"content":{"rendered":"<p><img loading=\"lazy\" decoding=\"async\" class=\"\" src=\"https:\/\/1000marcas.net\/wp-content\/uploads\/2020\/01\/LOr%C3%A9al-Logo.png\" alt=\"LOreal Logo - s\u00edmbolo, significado logotipo, historia, PNG\" width=\"87\" height=\"49\" \/><\/p>\n<h1>VITAMINO COLOR<\/h1>\n<p><span dir=\"auto\">\u00bfCabello te\u00f1ido? \u00a1 <\/span><span dir=\"auto\">El Acondicionador Vitamino Color<\/span><span dir=\"auto\"> fue desarrollado especialmente para este tipo de cabello! Proporciona protecci\u00f3n incluso para los colores m\u00e1s sensibles, hidrataci\u00f3n y brillo. Para proteger el color y lucir un cabello radiante. Su ingrediente principal, el resveratrol, es un poderoso antioxidante presente en la piel y las semillas de la uva, que preserva el color del cabello. El resultado despu\u00e9s de su uso es un cabello con 8 semanas de protecci\u00f3n del color y 7 veces m\u00e1s brillo.<\/span><\/p>\n<p><strong>F\u00d3RMULA PROFESIONAL.<\/strong><\/p>\n<p>Infusionado con Resveratrol, ingrediente para mantener el color durante el tratamiento.\u00a0El cabello est\u00e1 m\u00e1s resistente e hidratado. M\u00e1s f\u00e1cil de desenredar y m\u00e1s suave.<\/p>\n<p><strong><span dir=\"auto\">Tecnolog\u00eda<\/span><\/strong><span dir=\"auto\"> : <\/span><\/p>\n<p><span dir=\"auto\">RESVERATROL: Tecnolog\u00eda rica en polifenoles. Potente antioxidante presente en la piel y las semillas de la uva, que preserva el color del cabello.<\/span><\/p>\n<div>\n<h2>Resultados<\/h2>\n<\/div>\n<div class=\"accordion__content richtext\" aria-labelledby=\"pdp-panel-4\">\n<ul>\n<li>8 semanas contra la decoloraci\u00f3n<\/li>\n<li>Protecci\u00f3n del color frente a la decoloraci\u00f3n x6<\/li>\n<\/ul>\n<\/div>\n<p><strong><span dir=\"auto\">Modo de empleo<\/span><\/strong><span dir=\"auto\"> : <\/span><\/p>\n<p><span dir=\"auto\">Aplicar sobre el cabello lavado y h\u00famedo. <\/span><\/p>\n<p><span dir=\"auto\">Enjuagar. <\/span><\/p>\n<p><span dir=\"auto\">En caso de contacto con los ojos, enjuagar inmediatamente con agua. <\/span><\/p>\n<p><span dir=\"auto\">*Prueba instrumental con Champ\u00fa Vitamino Color + Acondicionador Vitamino Color.<\/span><\/p>\n","protected":false},"excerpt":{"rendered":"<p>VITAMINO COLOR \u00bfCabello te\u00f1ido? \u00a1 El Acondicionador Vitamino Color fue desarrollado especialmente para este tipo de cabello! Proporciona protecci\u00f3n incluso<\/p>\n","protected":false},"featured_media":97335,"comment_status":"open","ping_status":"closed","template":"","meta":{"nf_dc_page":""},"product_brand":[349],"product_cat":[85],"product_tag":[2658],"class_list":{"0":"post-97186","1":"product","2":"type-product","3":"status-publish","4":"has-post-thumbnail","6":"product_brand-loreal","7":"product_cat-cosmeticos","8":"product_tag-2658","10":"first","11":"instock","12":"shipping-taxable","13":"purchasable","14":"product-type-simple"},"_links":{"self":[{"href":"https:\/\/brandss.com.py\/index\/wp-json\/wp\/v2\/product\/97186","targetHints":{"allow":["GET"]}}],"collection":[{"href":"https:\/\/brandss.com.py\/index\/wp-json\/wp\/v2\/product"}],"about":[{"href":"https:\/\/brandss.com.py\/index\/wp-json\/wp\/v2\/types\/product"}],"replies":[{"embeddable":true,"href":"https:\/\/brandss.com.py\/index\/wp-json\/wp\/v2\/comments?post=97186"}],"version-history":[{"count":1,"href":"https:\/\/brandss.com.py\/index\/wp-json\/wp\/v2\/product\/97186\/revisions"}],"predecessor-version":[{"id":97187,"href":"https:\/\/brandss.com.py\/index\/wp-json\/wp\/v2\/product\/97186\/revisions\/97187"}],"wp:featuredmedia":[{"embeddable":true,"href":"https:\/\/brandss.com.py\/index\/wp-json\/wp\/v2\/media\/97335"}],"wp:attachment":[{"href":"https:\/\/brandss.com.py\/index\/wp-json\/wp\/v2\/media?parent=97186"}],"wp:term":[{"taxonomy":"product_brand","embeddable":true,"href":"https:\/\/brandss.com.py\/index\/wp-json\/wp\/v2\/product_brand?post=97186"},{"taxonomy":"product_cat","embeddable":true,"href":"https:\/\/brandss.com.py\/index\/wp-json\/wp\/v2\/product_cat?post=97186"},{"taxonomy":"product_tag","embeddable":true,"href":"https:\/\/brandss.com.py\/index\/wp-json\/wp\/v2\/product_tag?post=97186"}],"curies":[{"name":"wp","href":"https:\/\/api.w.org\/{rel}","templated":true}]}}