{"id":97188,"date":"2026-02-02T19:12:33","date_gmt":"2026-02-02T19:12:33","guid":{"rendered":"https:\/\/brandss.com.py\/index\/?post_type=product&#038;p=97188"},"modified":"2026-02-03T14:21:40","modified_gmt":"2026-02-03T14:21:40","slug":"mascara-capilar-loreal-serie-expert-vitamino-color-500ml","status":"publish","type":"product","link":"https:\/\/brandss.com.py\/index\/producto\/mascara-capilar-loreal-serie-expert-vitamino-color-500ml\/","title":{"rendered":"M\u00c1SCARA CAPILAR L\u2019OR\u00c9AL SERIE EXPERT VITAMINO COLOR 500ML"},"content":{"rendered":"<p><img loading=\"lazy\" decoding=\"async\" class=\"\" src=\"https:\/\/1000marcas.net\/wp-content\/uploads\/2020\/01\/LOr%C3%A9al-Logo.png\" alt=\"LOreal Logo - s\u00edmbolo, significado logotipo, historia, PNG\" width=\"110\" height=\"62\" \/><\/p>\n<h1>VITAMINO COLOR<\/h1>\n<p><span dir=\"auto\">Cabello te\u00f1ido? \u00a1La Mascarilla de Tratamiento Vitamino Color fue desarrollada especialmente para este tipo de cabello! Brinda protecci\u00f3n incluso para los colores m\u00e1s sensibles, hidrataci\u00f3n y brillo al cabello. Su ingrediente principal, el resveratrol, es un poderoso antioxidante presente en la piel y las semillas de la uva, que tiene la funci\u00f3n de preservar el color del cabello. El resultado es un cabello con 8 semanas de protecci\u00f3n del color y 7 veces m\u00e1s brillo. Prueba instrumental con el champ\u00fa Vitamino Color y el acondicionador Vitamino Color.<\/span><\/p>\n<p>F\u00d3RMULA PROFESIONAL concentrada en ingredientes de cuidado que reparan las partes da\u00f1adas del cabello coloreado, envolvi\u00e9ndolas en una pel\u00edcula ligera que lo protege del desgaste cotidiano.<\/p>\n<p>Su textura cremosa se transforma en una generosa espuma para mantener la resistencia de las fibras de la ra\u00edz a las puntas. El cabello te\u00f1ido es vibrante.<\/p>\n<p><strong><span dir=\"auto\">Composici\u00f3n:<\/span><\/strong><\/p>\n<p><span dir=\"auto\">RESVERATROL: Tecnolog\u00eda rica en polifenoles. Potente antioxidante presente en la piel y las semillas de la uva, que tiene la funci\u00f3n de preservar el color del cabello. <\/span><\/p>\n<p><strong><span dir=\"auto\">Prop\u00f3sito:<\/span><\/strong><span dir=\"auto\"> 8 semanas de protecci\u00f3n del color, 7 veces m\u00e1s brillo. <\/span><\/p>\n<p><strong><span dir=\"auto\">Modo de empleo:<\/span><\/strong><\/p>\n<p><span dir=\"auto\">Despu\u00e9s de lavar el cabello con champ\u00fa, si es necesario, aplique acondicionador. <\/span><\/p>\n<p><span dir=\"auto\">Luego, aplique la mascarilla de largos a puntas. <\/span><\/p>\n<p><span dir=\"auto\">Masajee mech\u00f3n por mech\u00f3n, deslizando las manos en la direcci\u00f3n del crecimiento del cabello, con un movimiento de guante. <\/span><\/p>\n<p><span dir=\"auto\">Extienda bien. <\/span><\/p>\n<p><span dir=\"auto\">Dejar actuar de 3 a 5 minutos. <\/span><\/p>\n<p><span dir=\"auto\">Enjuagar bien. <\/span><\/p>\n<p><strong><span dir=\"auto\">Indicaci\u00f3n:<\/span><\/strong><span dir=\"auto\"> Cabello te\u00f1ido o con mechas. <\/span><\/p>\n<div>\n<h2>Resultados<\/h2>\n<\/div>\n<div class=\"accordion__content richtext\" aria-labelledby=\"pdp-panel-4\">\n<ul>\n<li>Cuidado suave para los colores m\u00e1s sensibles<\/li>\n<li>x6 protecci\u00f3n del color frente a la decoloraci\u00f3n<\/li>\n<li><span dir=\"auto\">Cabello m\u00e1s nutrido, fuerte y suave.<\/span><\/li>\n<\/ul>\n<\/div>\n","protected":false},"excerpt":{"rendered":"<p>VITAMINO COLOR Cabello te\u00f1ido? \u00a1La Mascarilla de Tratamiento Vitamino Color fue desarrollada especialmente para este tipo de cabello! Brinda protecci\u00f3n<\/p>\n","protected":false},"featured_media":97190,"comment_status":"open","ping_status":"closed","template":"","meta":{"nf_dc_page":""},"product_brand":[349],"product_cat":[85],"product_tag":[2659],"class_list":{"0":"post-97188","1":"product","2":"type-product","3":"status-publish","4":"has-post-thumbnail","6":"product_brand-loreal","7":"product_cat-cosmeticos","8":"product_tag-2659","10":"first","11":"instock","12":"shipping-taxable","13":"purchasable","14":"product-type-simple"},"_links":{"self":[{"href":"https:\/\/brandss.com.py\/index\/wp-json\/wp\/v2\/product\/97188","targetHints":{"allow":["GET"]}}],"collection":[{"href":"https:\/\/brandss.com.py\/index\/wp-json\/wp\/v2\/product"}],"about":[{"href":"https:\/\/brandss.com.py\/index\/wp-json\/wp\/v2\/types\/product"}],"replies":[{"embeddable":true,"href":"https:\/\/brandss.com.py\/index\/wp-json\/wp\/v2\/comments?post=97188"}],"version-history":[{"count":1,"href":"https:\/\/brandss.com.py\/index\/wp-json\/wp\/v2\/product\/97188\/revisions"}],"predecessor-version":[{"id":97189,"href":"https:\/\/brandss.com.py\/index\/wp-json\/wp\/v2\/product\/97188\/revisions\/97189"}],"wp:featuredmedia":[{"embeddable":true,"href":"https:\/\/brandss.com.py\/index\/wp-json\/wp\/v2\/media\/97190"}],"wp:attachment":[{"href":"https:\/\/brandss.com.py\/index\/wp-json\/wp\/v2\/media?parent=97188"}],"wp:term":[{"taxonomy":"product_brand","embeddable":true,"href":"https:\/\/brandss.com.py\/index\/wp-json\/wp\/v2\/product_brand?post=97188"},{"taxonomy":"product_cat","embeddable":true,"href":"https:\/\/brandss.com.py\/index\/wp-json\/wp\/v2\/product_cat?post=97188"},{"taxonomy":"product_tag","embeddable":true,"href":"https:\/\/brandss.com.py\/index\/wp-json\/wp\/v2\/product_tag?post=97188"}],"curies":[{"name":"wp","href":"https:\/\/api.w.org\/{rel}","templated":true}]}}