{"id":97191,"date":"2026-02-03T12:52:16","date_gmt":"2026-02-03T12:52:16","guid":{"rendered":"https:\/\/brandss.com.py\/index\/?post_type=product&#038;p=97191"},"modified":"2026-02-03T16:52:18","modified_gmt":"2026-02-03T16:52:18","slug":"serum-facial-celimax-the-vita-a-retinol-shot-tightning-30ml","status":"publish","type":"product","link":"https:\/\/brandss.com.py\/index\/producto\/serum-facial-celimax-the-vita-a-retinol-shot-tightning-30ml\/","title":{"rendered":"S\u00c9RUM FACIAL CELIMAX THE VITA-A RETINOL SHOT TIGHTNING 30ML"},"content":{"rendered":"<p><img loading=\"lazy\" decoding=\"async\" class=\"\" src=\"https:\/\/gangnambeaute.com\/wp-content\/uploads\/2025\/09\/CELIMAX-e1758201706539.webp\" alt=\"Celimax \u2013 gangnambeaute.com\" width=\"124\" height=\"47\" \/><\/p>\n<h1>THE VITA-A RETINOL SHOT TIGHTNING<\/h1>\n<p>El suero tensor Vita A Retinol Shot de Celimax es un producto innovador para el cuidado de la piel que contiene retinol puro y un complejo de p\u00e9ptidos para tratar problemas de la piel como arrugas, textura irregular y poros dilatados. Combinado con la tecnolog\u00eda A-Shot\u2122, mejora la distribuci\u00f3n de estos ingredientes.<img loading=\"lazy\" decoding=\"async\" class=\"alignleft\" src=\"https:\/\/resource.megaeletronicos.com\/uploads\/BlogContent\/1767700248_695cf718ea99b.webp\" width=\"502\" height=\"651\" \/><\/p>\n<p>\u00b7 Contiene 0,1 % de retinol puro, complejo de 9 p\u00e9ptidos, 1 % de pantenol y 162 000 A-Shot\u2122<br \/>\n\u00b7 Cl\u00ednicamente probado para mejorar las arrugas y reducir el tama\u00f1o de los poros<br \/>\n\u00b7 Cl\u00ednicamente probado para mejorar la densidad de la piel para una piel m\u00e1s firme.<\/p>\n<p><strong>Tecnolog\u00eda exclusiva A-Shot\u2122<\/strong><\/p>\n<p>Un ingrediente de micropart\u00edculas (esp\u00edculas) refinadas, 16 veces m\u00e1s delgado que los poros, est\u00e1 dise\u00f1ado para penetrar directamente en los poros y mejorar la absorci\u00f3n de los ingredientes activos. A trav\u00e9s de la separaci\u00f3n y el refinamiento de alta pureza, las part\u00edculas tienen un tama\u00f1o uniforme, lo que reduce la irritaci\u00f3n de la piel.<\/p>\n<p><strong>0,1 % de retinol puro<\/strong><\/p>\n<p>El retinol con vitamina A pura, no un derivado del retinol, es un ingrediente muy eficaz que se destaca por mejorar las arrugas y los poros causados \u200b\u200bpor la p\u00e9rdida de elasticidad de la piel.<\/p>\n<p><strong>Complejo de 9 p\u00e9ptidos<\/strong><\/p>\n<p>9 p\u00e9ptidos funcionales diferentes trabajan juntos para mejorar la elasticidad, lo que ayuda a mantener la piel suave y firme.<\/p>\n<p>Mejora cl\u00ednicamente probada de las arrugas y los poros<\/p>\n<p><strong>Con un solo uso<\/strong><\/p>\n<p>Las arrugas de la frente<br \/>\nmejoraron en un promedio de +9,97 %<br \/>\nLos surcos nasolabiales<br \/>\nmejoraron en un promedio de +9,13 % El \u00e1rea de los poros<br \/>\nse redujo en un promedio de +29,89 % El volumen de los poros<br \/>\nse redujo en un promedio de +29,98 %<\/p>\n<p><strong>Despu\u00e9s de 2 semanas de uso<\/strong><\/p>\n<p>Las arrugas de la frente<br \/>\nmejoraron en un promedio de +15,62 % Los surcos nasolabiales<br \/>\nmejoraron en un promedio de +13,58 % El \u00e1rea de los poros<br \/>\nse redujo en un promedio de +41,85 % El volumen de los poros<br \/>\nse redujo en un promedio de +43,91 %<\/p>\n<p><strong>C\u00f3mo usar<\/strong><br \/>\n1. Si es la primera vez que usa retinol o retinal, apl\u00edquelo cada dos noches durante las primeras dos semanas.<br \/>\n2. Aplique una peque\u00f1a cantidad en las \u00e1reas deseadas, ej: dispensar producto del tama\u00f1o de una arveja. \u00a0Si se produce irritaci\u00f3n, reduce la cantidad y la frecuencia, y utiliza un humectante que contenga ingredientes calmantes para aliviar la irritaci\u00f3n.<br \/>\n3. La ma\u00f1ana despu\u00e9s de usar retinol, aseg\u00farate de aplicar protector solar como paso final en tu rutina de cuidado de la piel para protegerla.<br \/>\n4. Una vez que tu piel se haya adaptado al retinol o retinal, puedes usarlo todas las noches (s\u00f3lo si tu piel no se reseca, funciona bien si se usa dia por medio).<br \/>\n5. Aplica una cantidad adecuada de manera uniforme sobre todo el rostro sobre piel limpia y seca, no utilizar t\u00f3nico o serum antes.<\/p>\n<p><strong>Beneficios<\/strong><\/p>\n<p>Ayuda a mejorar la firmeza y elasticidad de la piel.<br \/>\nContribuye a suavizar l\u00edneas finas y textura irregular.<br \/>\nFavorece una piel m\u00e1s lisa y de aspecto rejuvenecido.<br \/>\nApoya la renovaci\u00f3n celular y el aspecto uniforme del rostro.<\/p>\n<p><strong>Lee antes de comprar<\/strong><br \/>\nSi bien los ingredientes son limpios y seguros, algunos pueden tener efectos variables en diferentes tipos de piel y los resultados pueden variar de una persona a otra. Recomendamos revisar la lista completa de ingredientes antes de comprar. Se recomienda encarecidamente realizar una peque\u00f1a prueba de parche antes de la aplicaci\u00f3n por seguridad.<\/p>\n<p>Debido a su f\u00f3rmula altamente efectiva, es normal experimentar una ligera sensaci\u00f3n de hormigueo durante el uso. Si tienes piel sensible, aseg\u00farate de realizar una prueba de parche antes de usar y no olvides usar protector solar durante el d\u00eda.<\/p>\n<p><strong>Usar protector solar<\/strong>\u00a0durante el d\u00eda al usar productos con retinol.<\/p>\n<p><strong>Tipo de piel<\/strong><br \/>\nTodos los tipos de piel, arrugas, poros.<\/p>\n<p><strong>UNA VEZ ABIERTO REFRIGERAR<\/strong><\/p>\n","protected":false},"excerpt":{"rendered":"<p>THE VITA-A RETINOL SHOT TIGHTNING El suero tensor Vita A Retinol Shot de Celimax es un producto innovador para el<\/p>\n","protected":false},"featured_media":97342,"comment_status":"open","ping_status":"closed","template":"","meta":{"nf_dc_page":""},"product_brand":[2660],"product_cat":[104],"product_tag":[2661],"class_list":{"0":"post-97191","1":"product","2":"type-product","3":"status-publish","4":"has-post-thumbnail","6":"product_brand-celimax","7":"product_cat-skin-care","8":"product_tag-2661","10":"first","11":"instock","12":"shipping-taxable","13":"purchasable","14":"product-type-simple"},"_links":{"self":[{"href":"https:\/\/brandss.com.py\/index\/wp-json\/wp\/v2\/product\/97191","targetHints":{"allow":["GET"]}}],"collection":[{"href":"https:\/\/brandss.com.py\/index\/wp-json\/wp\/v2\/product"}],"about":[{"href":"https:\/\/brandss.com.py\/index\/wp-json\/wp\/v2\/types\/product"}],"replies":[{"embeddable":true,"href":"https:\/\/brandss.com.py\/index\/wp-json\/wp\/v2\/comments?post=97191"}],"version-history":[{"count":2,"href":"https:\/\/brandss.com.py\/index\/wp-json\/wp\/v2\/product\/97191\/revisions"}],"predecessor-version":[{"id":97193,"href":"https:\/\/brandss.com.py\/index\/wp-json\/wp\/v2\/product\/97191\/revisions\/97193"}],"wp:featuredmedia":[{"embeddable":true,"href":"https:\/\/brandss.com.py\/index\/wp-json\/wp\/v2\/media\/97342"}],"wp:attachment":[{"href":"https:\/\/brandss.com.py\/index\/wp-json\/wp\/v2\/media?parent=97191"}],"wp:term":[{"taxonomy":"product_brand","embeddable":true,"href":"https:\/\/brandss.com.py\/index\/wp-json\/wp\/v2\/product_brand?post=97191"},{"taxonomy":"product_cat","embeddable":true,"href":"https:\/\/brandss.com.py\/index\/wp-json\/wp\/v2\/product_cat?post=97191"},{"taxonomy":"product_tag","embeddable":true,"href":"https:\/\/brandss.com.py\/index\/wp-json\/wp\/v2\/product_tag?post=97191"}],"curies":[{"name":"wp","href":"https:\/\/api.w.org\/{rel}","templated":true}]}}