{"id":97194,"date":"2026-02-03T13:17:46","date_gmt":"2026-02-03T13:17:46","guid":{"rendered":"https:\/\/brandss.com.py\/index\/?post_type=product&#038;p=97194"},"modified":"2026-03-27T15:49:43","modified_gmt":"2026-03-27T15:49:43","slug":"set-facial-celimax-the-real-noni-starter-calming-radiance-3-pcs","status":"publish","type":"product","link":"https:\/\/brandss.com.py\/index\/producto\/set-facial-celimax-the-real-noni-starter-calming-radiance-3-pcs\/","title":{"rendered":"SET FACIAL CELIMAX THE REAL NONI STARTER CALMING + RADIANCE 3 PCS"},"content":{"rendered":"<p><img loading=\"lazy\" decoding=\"async\" class=\"\" src=\"https:\/\/gangnambeaute.com\/wp-content\/uploads\/2025\/09\/CELIMAX-e1758201706539.webp\" alt=\"Celimax \u2013 gangnambeaute.com\" width=\"140\" height=\"53\" \/><\/p>\n<h1>THE REAL NONI STARTER<\/h1>\n<h5 style=\"font-weight: 500\"><em><strong>El aut\u00e9ntico kit de inicio de noni<\/strong><\/em><\/h5>\n<p>Prueba una rutina de cuidado de la piel con los efectos calmantes y radiantes del extracto de noni con el Kit de Inicio Noni de celimax. Comienza aplicando el T\u00f3nico Hidratante Equilibrante The Real Noni sobre la piel limpia. Contiene un 80 % de extracto de noni y 17 tipos de amino\u00e1cidos para fortalecer la barrera cut\u00e1nea, adem\u00e1s de HYDROVANCE\u2122 (con hidroxietilurea) para reponer la hidrataci\u00f3n. Contin\u00faa con la Ampolla Energ\u00e9tica The Real Noni, con un 71,77 % de extracto de noni y aceite de romero, para lograr una piel hidratada y radiante. Finaliza tu rutina con la Crema Reparadora Energ\u00e9tica The Real Noni, con un 57 % de extracto de noni, un 1 % de aceite de semilla de noni y ceramidas para reparar la barrera cut\u00e1nea da\u00f1ada, calmar la irritaci\u00f3n y retener la hidrataci\u00f3n. Todos los productos son de tama\u00f1o mini.<\/p>\n<p><strong>Este kit de inicio The Real Noni incluye:<\/strong><\/p>\n<ul>\n<li>T\u00f3nico hidratante equilibrante The Real Noni Mini 30 ml.<\/li>\n<li>Mini ampolla energ\u00e9tica The Real Noni de 10 ml.<\/li>\n<li>Crema Reparadora Energ\u00e9tica The Real Noni Mini 10 ml.<\/li>\n<\/ul>\n<p><strong>Beneficios<\/strong>\u00a0:<\/p>\n<p><em><strong>El t\u00f3nico hidratante equilibrante Real Noni:<\/strong><\/em><\/p>\n<ul>\n<li>Enriquecido con 80% de extracto de Noni para aportar m\u00e1s de 200 tipos de nutrientes beneficiosos a la piel.<\/li>\n<li>Ayuda a equilibrar el nivel de pH de la piel con una f\u00f3rmula ligeramente \u00e1cida y es adecuada para pieles sensibles.<\/li>\n<li>Contiene Hydrovance\u2122 para suavizar y acondicionar la piel con hidrataci\u00f3n intensa para una mejor absorci\u00f3n de otros productos para el cuidado de la piel.<\/li>\n<li>El complejo de amino\u00e1cidos fortalece la barrera cut\u00e1nea para ayudar a retener la humedad en la piel.<\/li>\n<li>Libre de fragancias y colorantes artificiales.<\/li>\n<\/ul>\n<p><em><strong>La verdadera ampolla energ\u00e9tica de Noni:<\/strong><\/em><\/p>\n<ul>\n<li>Formulado con extracto de noni rico en nutrientes al 71,77 % para hidratar la piel y lograr una apariencia refrescante y saludable.<\/li>\n<li>Ayuda a calmar y revitalizar la piel irritada para un acabado flexible y brillante con aceite de romero.<\/li>\n<li>Contiene adenosina para ayudar a reducir la aparici\u00f3n de l\u00edneas finas y arrugas.<\/li>\n<li>Esta ampolla de r\u00e1pida absorci\u00f3n est\u00e1 libre de colorantes artificiales.<\/li>\n<\/ul>\n<p><em><strong>La aut\u00e9ntica crema reparadora energ\u00e9tica Noni:<\/strong><\/em><\/p>\n<ul>\n<li>Una crema altamente nutritiva con 55% de extracto de noni y 1% de aceite de semilla de noni para calmar e hidratar la piel seca y da\u00f1ada.<\/li>\n<li>Contiene ceramida para fortalecer la barrera de humedad y ayudar a prevenir la p\u00e9rdida de agua de la piel.<\/li>\n<li>Contiene adenosina, un ingrediente funcional certificado por la KFDA para mejorar las arrugas.<\/li>\n<li>Se funde con la piel con una textura ligera y suave y deja un aroma a romero.<\/li>\n<\/ul>\n<p><strong>Modo de empleo<\/strong>\u00a0:<\/p>\n<p>Despu\u00e9s de la limpieza, aplique una cantidad moderada de t\u00f3nico, ampolla y crema uniformemente en el rostro y d\u00e9 golpecitos suaves para una mejor absorci\u00f3n.<\/p>\n<p style=\"font-weight: 400\"><strong>Tama\u00f1o<\/strong>\u00a0:<\/p>\n<ul style=\"font-weight: 400\">\n<li>T\u00f3nico hidratante equilibrante The Real Noni Mini 30 ml.<\/li>\n<li>Mini ampolla energ\u00e9tica The Real Noni de 10 ml.<\/li>\n<li>Crema Reparadora Energ\u00e9tica The Real Noni Mini 10 ml.<\/li>\n<\/ul>\n<p style=\"font-weight: 400\"><strong>Informaci\u00f3n adicional:<\/strong><\/p>\n<p style=\"font-weight: 400\"><strong>\u00a0<\/strong>Aprobado por el Ministerio de Salud<\/p>\n","protected":false},"excerpt":{"rendered":"<p>THE REAL NONI STARTER El aut\u00e9ntico kit de inicio de noni Prueba una rutina de cuidado de la piel con<\/p>\n","protected":false},"featured_media":97350,"comment_status":"open","ping_status":"closed","template":"","meta":{"nf_dc_page":""},"product_brand":[2660],"product_cat":[104],"product_tag":[2662],"class_list":{"0":"post-97194","1":"product","2":"type-product","3":"status-publish","4":"has-post-thumbnail","6":"product_brand-celimax","7":"product_cat-skin-care","8":"product_tag-2662","10":"first","11":"outofstock","12":"shipping-taxable","13":"purchasable","14":"product-type-simple"},"_links":{"self":[{"href":"https:\/\/brandss.com.py\/index\/wp-json\/wp\/v2\/product\/97194","targetHints":{"allow":["GET"]}}],"collection":[{"href":"https:\/\/brandss.com.py\/index\/wp-json\/wp\/v2\/product"}],"about":[{"href":"https:\/\/brandss.com.py\/index\/wp-json\/wp\/v2\/types\/product"}],"replies":[{"embeddable":true,"href":"https:\/\/brandss.com.py\/index\/wp-json\/wp\/v2\/comments?post=97194"}],"version-history":[{"count":2,"href":"https:\/\/brandss.com.py\/index\/wp-json\/wp\/v2\/product\/97194\/revisions"}],"predecessor-version":[{"id":97356,"href":"https:\/\/brandss.com.py\/index\/wp-json\/wp\/v2\/product\/97194\/revisions\/97356"}],"wp:featuredmedia":[{"embeddable":true,"href":"https:\/\/brandss.com.py\/index\/wp-json\/wp\/v2\/media\/97350"}],"wp:attachment":[{"href":"https:\/\/brandss.com.py\/index\/wp-json\/wp\/v2\/media?parent=97194"}],"wp:term":[{"taxonomy":"product_brand","embeddable":true,"href":"https:\/\/brandss.com.py\/index\/wp-json\/wp\/v2\/product_brand?post=97194"},{"taxonomy":"product_cat","embeddable":true,"href":"https:\/\/brandss.com.py\/index\/wp-json\/wp\/v2\/product_cat?post=97194"},{"taxonomy":"product_tag","embeddable":true,"href":"https:\/\/brandss.com.py\/index\/wp-json\/wp\/v2\/product_tag?post=97194"}],"curies":[{"name":"wp","href":"https:\/\/api.w.org\/{rel}","templated":true}]}}