{"id":97196,"date":"2026-02-03T13:37:33","date_gmt":"2026-02-03T13:37:33","guid":{"rendered":"https:\/\/brandss.com.py\/index\/?post_type=product&#038;p=97196"},"modified":"2026-03-27T15:49:35","modified_gmt":"2026-03-27T15:49:35","slug":"crema-facial-hidratante-celimax-oil-control-80ml","status":"publish","type":"product","link":"https:\/\/brandss.com.py\/index\/producto\/crema-facial-hidratante-celimax-oil-control-80ml\/","title":{"rendered":"CREMA FACIAL HIDRATANTE CELIMAX OIL CONTROL 80ML"},"content":{"rendered":"<p><img loading=\"lazy\" decoding=\"async\" class=\"\" src=\"https:\/\/gangnambeaute.com\/wp-content\/uploads\/2025\/09\/CELIMAX-e1758201706539.webp\" alt=\"Celimax \u2013 gangnambeaute.com\" width=\"113\" height=\"43\" \/><\/p>\n<h1>OIL CONTROL<\/h1>\n<p><span dir=\"auto\">La Crema Hidratante Celimax Oil Control proporciona una potente acci\u00f3n seborreguladora, reduciendo la producci\u00f3n de sebo a lo largo del d\u00eda. Deja la piel mate y sedosa. Su f\u00f3rmula equilibrada protege contra la sequedad y la deshidrataci\u00f3n, mantiene niveles \u00f3ptimos de hidrataci\u00f3n y fortalece la barrera lip\u00eddica.<\/span><\/p>\n<p><span dir=\"auto\">Minimiza los poros, aclara los filamentos seb\u00e1ceos y ayuda a combatir los puntos negros. Favorece la cicatrizaci\u00f3n de peque\u00f1as inflamaciones y es eficaz en el tratamiento del acn\u00e9. La sinergia entre el pantenol y el 0,5 % de betaglucano act\u00faa como potenciador, mejorando la penetraci\u00f3n de los principios activos y aumentando su eficacia.<\/span><\/p>\n<h3><strong><span dir=\"auto\">Ingredientes clave:<\/span><\/strong><\/h3>\n<ul>\n<li><span dir=\"auto\">Anti-Sebo P (extractos de pino, olmo, onagra y pueraria): una mezcla de extractos vegetales que reduce la actividad excesiva de las gl\u00e1ndulas seb\u00e1ceas. Regula la producci\u00f3n de sebo y elimina el brillo graso.<\/span><\/li>\n<li><span dir=\"auto\">Anti-Pore S ayuda a cerrar los poros dilatados y tiene un efecto astringente. Aclara los filamentos seb\u00e1ceos y reduce la aparici\u00f3n de puntos negros.<\/span><\/li>\n<li><span dir=\"auto\">El zinc PCA regula la producci\u00f3n de sebo, desinfecta y proporciona un efecto astringente suave.<\/span><\/li>\n<li><span dir=\"auto\">El pantenol promueve la recuperaci\u00f3n de la piel, alivia la irritaci\u00f3n y tiene propiedades cicatrizantes.<\/span><\/li>\n<\/ul>\n<h3>Beneficios<\/h3>\n<ul>\n<li>Una crema hidratante que ayuda a nivelar el exceso de sebo al cerrar los poros con Zinc PCA, Anti Sebum P y Anti Pore S.<\/li>\n<li>Contiene pantenol y 0,5% de beta glucano que brindan una hidrataci\u00f3n intensa a la piel y ayudan a retener la humedad en lo profundo de la piel.<\/li>\n<li>Ayuda a mantener el equilibrio entre aceite y humedad de la piel y a refinar la textura de la piel.<\/li>\n<li>La textura suave de la crema se mezcla suavemente con la piel, lo que permite una absorci\u00f3n r\u00e1pida y completa en la piel sin sensaci\u00f3n grasosa.<\/li>\n<li>Sin fragancias ni colorantes artificiales, es adecuado para todo tipo de piel, incluida la piel sensible.<\/li>\n<li><span dir=\"auto\">Adecuado para pieles normales, mixtas y grasas.<\/span><\/li>\n<\/ul>\n<p><strong><span dir=\"auto\">Modo de empleo:<\/span><\/strong><span dir=\"auto\">\u00a0Aplicar la cantidad necesaria de crema como paso final de tu rutina de cuidado de la piel.<\/span><\/p>\n","protected":false},"excerpt":{"rendered":"<p>OIL CONTROL La Crema Hidratante Celimax Oil Control proporciona una potente acci\u00f3n seborreguladora, reduciendo la producci\u00f3n de sebo a lo<\/p>\n","protected":false},"featured_media":97357,"comment_status":"open","ping_status":"closed","template":"","meta":{"nf_dc_page":""},"product_brand":[2660],"product_cat":[104],"product_tag":[2663],"class_list":{"0":"post-97196","1":"product","2":"type-product","3":"status-publish","4":"has-post-thumbnail","6":"product_brand-celimax","7":"product_cat-skin-care","8":"product_tag-2663","10":"first","11":"outofstock","12":"shipping-taxable","13":"purchasable","14":"product-type-simple"},"_links":{"self":[{"href":"https:\/\/brandss.com.py\/index\/wp-json\/wp\/v2\/product\/97196","targetHints":{"allow":["GET"]}}],"collection":[{"href":"https:\/\/brandss.com.py\/index\/wp-json\/wp\/v2\/product"}],"about":[{"href":"https:\/\/brandss.com.py\/index\/wp-json\/wp\/v2\/types\/product"}],"replies":[{"embeddable":true,"href":"https:\/\/brandss.com.py\/index\/wp-json\/wp\/v2\/comments?post=97196"}],"version-history":[{"count":1,"href":"https:\/\/brandss.com.py\/index\/wp-json\/wp\/v2\/product\/97196\/revisions"}],"predecessor-version":[{"id":97197,"href":"https:\/\/brandss.com.py\/index\/wp-json\/wp\/v2\/product\/97196\/revisions\/97197"}],"wp:featuredmedia":[{"embeddable":true,"href":"https:\/\/brandss.com.py\/index\/wp-json\/wp\/v2\/media\/97357"}],"wp:attachment":[{"href":"https:\/\/brandss.com.py\/index\/wp-json\/wp\/v2\/media?parent=97196"}],"wp:term":[{"taxonomy":"product_brand","embeddable":true,"href":"https:\/\/brandss.com.py\/index\/wp-json\/wp\/v2\/product_brand?post=97196"},{"taxonomy":"product_cat","embeddable":true,"href":"https:\/\/brandss.com.py\/index\/wp-json\/wp\/v2\/product_cat?post=97196"},{"taxonomy":"product_tag","embeddable":true,"href":"https:\/\/brandss.com.py\/index\/wp-json\/wp\/v2\/product_tag?post=97196"}],"curies":[{"name":"wp","href":"https:\/\/api.w.org\/{rel}","templated":true}]}}