{"id":97198,"date":"2026-02-03T14:19:30","date_gmt":"2026-02-03T14:19:30","guid":{"rendered":"https:\/\/brandss.com.py\/index\/?post_type=product&#038;p=97198"},"modified":"2026-04-21T11:27:50","modified_gmt":"2026-04-21T11:27:50","slug":"serum-facial-medicube-pdrn-exosome-shot-2000-30ml","status":"publish","type":"product","link":"https:\/\/brandss.com.py\/index\/producto\/serum-facial-medicube-pdrn-exosome-shot-2000-30ml\/","title":{"rendered":"S\u00c9RUM FACIAL MEDICUBE PDRN EXOSOME SHOT 2000 30ML"},"content":{"rendered":"<p><img loading=\"lazy\" decoding=\"async\" class=\"\" src=\"https:\/\/www.miikorean.com\/cdn\/shop\/collections\/MEDICUBE_533x.webp?v=1756148720\" alt=\"MEDICUBE \u2013 Mii Korean Skincare\" width=\"143\" height=\"46\" \/><\/p>\n<h1>PDRN EXOSOME SHOT 2000<\/h1>\n<p data-start=\"1536\" data-end=\"1773\"><span dir=\"auto\">Un s\u00e9rum antiedad de alto rendimiento<\/span><span dir=\"auto\">\u00a0formulado con\u00a0<\/span><span dir=\"auto\">2000 ppm de exosomas<\/span><span dir=\"auto\">\u00a0,\u00a0<\/span><span dir=\"auto\">PDRN de salm\u00f3n<\/span><span dir=\"auto\">\u00a0y\u00a0<\/span><span dir=\"auto\">col\u00e1geno<\/span><span dir=\"auto\"> . Desde el primer uso, mejora visiblemente el tono de la piel, aporta una luminosidad fresca y favorece la regeneraci\u00f3n celular profunda.<img loading=\"lazy\" decoding=\"async\" class=\"alignleft\" src=\"https:\/\/www.skinko.com.ar\/cdn\/shop\/files\/MEDICUBEPINKEXOSOMESHOT-4.jpg?v=1757630600&amp;width=1000\" width=\"334\" height=\"378\" \/><\/span><\/p>\n<p class=\"\" data-start=\"1775\" data-end=\"2256\"><span dir=\"auto\">Los exosomas<\/span><span dir=\"auto\">\u00a0ayudan a cerrar los poros dilatados y reactivan los procesos de renovaci\u00f3n cut\u00e1nea para una tez m\u00e1s suave y juvenil.<\/span><br data-start=\"1897\" data-end=\"1900\" \/><span dir=\"auto\">El ADN s\u00f3dico de alta pureza (PDRN)<\/span><span dir=\"auto\">\u00a0difumina las manchas profundas de la piel y promueve la cicatrizaci\u00f3n desde el interior.<\/span><br data-start=\"1989\" data-end=\"1992\" \/><span dir=\"auto\">El col\u00e1geno<\/span><span dir=\"auto\">\u00a0y\u00a0<\/span><span dir=\"auto\">8 tipos de \u00e1cido hialur\u00f3nico<\/span><span dir=\"auto\">\u00a0proporcionan una hidrataci\u00f3n profunda y potencian la elasticidad de la piel.<\/span><br data-start=\"2089\" data-end=\"2092\" \/><span dir=\"auto\">La niacinamida<\/span><span dir=\"auto\">\u00a0ayuda a iluminar la tez y a unificar el tono.<\/span><br data-start=\"2161\" data-end=\"2164\" \/><span dir=\"auto\">Sin colorantes artificiales: el tono rosado natural proviene exclusivamente de los ingredientes activos.<\/span><\/p>\n<p data-start=\"1775\" data-end=\"2256\">\n<h4 class=\"\" data-start=\"2258\" data-end=\"2279\"><strong data-start=\"2266\" data-end=\"2279\"><span dir=\"auto\">Beneficios:<\/span><\/strong><\/h4>\n<p>&nbsp;<\/p>\n<ul data-start=\"2280\" data-end=\"2500\">\n<li class=\"\" data-start=\"2280\" data-end=\"2320\">\n<p class=\"\" data-start=\"2282\" data-end=\"2320\"><span dir=\"auto\">Brillo instant\u00e1neo y efecto \u201cpiel de cristal\u201d<\/span><\/p>\n<\/li>\n<li class=\"\" data-start=\"2321\" data-end=\"2358\">\n<p class=\"\" data-start=\"2323\" data-end=\"2358\"><span dir=\"auto\">Regeneraci\u00f3n profunda y reparaci\u00f3n de la piel.<\/span><\/p>\n<\/li>\n<li class=\"\" data-start=\"2359\" data-end=\"2412\">\n<p class=\"\" data-start=\"2361\" data-end=\"2412\"><span dir=\"auto\">Hidrataci\u00f3n intensa con 8 tipos de \u00e1cido hialur\u00f3nico<\/span><\/p>\n<\/li>\n<li class=\"\" data-start=\"2413\" data-end=\"2453\">\n<p class=\"\" data-start=\"2415\" data-end=\"2453\"><span dir=\"auto\">Refinamiento de poros y textura mejorada.<\/span><\/p>\n<\/li>\n<li class=\"\" data-start=\"2454\" data-end=\"2500\">\n<p class=\"\" data-start=\"2456\" data-end=\"2500\"><span dir=\"auto\">Mayor firmeza, elasticidad y tono uniforme.<\/span><\/p>\n<\/li>\n<\/ul>\n<h4 class=\"\" data-start=\"2502\" data-end=\"2537\"><strong data-start=\"2509\" data-end=\"2537\"><span dir=\"auto\">Problemas de la piel abordados:<\/span><\/strong><\/h4>\n<p class=\"\" data-start=\"2538\" data-end=\"2617\"><span dir=\"auto\">Tono desigual, poros dilatados, signos de envejecimiento, piel opaca, deshidratada o sensible.<\/span><\/p>\n<h4 class=\"\" data-start=\"2619\" data-end=\"2644\"><strong data-start=\"2627\" data-end=\"2644\"><span dir=\"auto\">Adecuado para:<img loading=\"lazy\" decoding=\"async\" class=\"alignright\" src=\"https:\/\/www.skinko.com.ar\/cdn\/shop\/files\/MEDICUBEPINKEXOSOMESHOT-2.jpg?v=1757630600&amp;width=1000\" width=\"558\" height=\"631\" \/><\/span><\/strong><\/h4>\n<p class=\"\" data-start=\"2645\" data-end=\"2706\"><span dir=\"auto\">Todo tipo de piel, incluidas las sensibles, maduras o fatigadas.<\/span><\/p>\n<h4 class=\"\" data-start=\"2708\" data-end=\"2731\"><strong data-start=\"2716\" data-end=\"2731\"><span dir=\"auto\">Modo de empleo:<\/span><\/strong><\/h4>\n<ol>\n<li data-start=\"2732\" data-end=\"2860\">Por la noche, limpiar y tonificar la piel.<\/li>\n<li data-start=\"2732\" data-end=\"2860\">Aplicar 1-2 pums del s\u00e9rum sobre el rostro, evitando el \u00e1rea de los ojos. Masajear suavemente para favorecer la absorci\u00f3n.<\/li>\n<li data-start=\"2732\" data-end=\"2860\">Sellar con crema hidratante.<\/li>\n<li data-start=\"2732\" data-end=\"2860\">S\u00f3lo uso nocturno.<\/li>\n<li data-start=\"2732\" data-end=\"2860\">Puede sentirse un leve cosquilleo por las micro-spicules, que desaparecen al absorberse.<\/li>\n<li data-start=\"2732\" data-end=\"2860\">Usar preferentemente de noche.<\/li>\n<li data-start=\"2732\" data-end=\"2860\">Recomendado 3 a 4 veces por semana.<\/li>\n<\/ol>\n<p style=\"font-weight: 400\"><strong>Tama\u00f1o<\/strong>\u00a0: 30 ml<\/p>\n<p style=\"font-weight: 400\"><strong>Informaci\u00f3n adicional:<\/strong><\/p>\n<p style=\"font-weight: 400\"><strong>\u00a0<\/strong>Aprobado por el Ministerio de Salud<\/p>\n<p style=\"font-weight: 400\"><strong>Hecho en Corea<\/strong><\/p>\n","protected":false},"excerpt":{"rendered":"<p>PDRN EXOSOME SHOT 2000 Un s\u00e9rum antiedad de alto rendimiento\u00a0formulado con\u00a02000 ppm de exosomas\u00a0,\u00a0PDRN de salm\u00f3n\u00a0y\u00a0col\u00e1geno . Desde el primer<\/p>\n","protected":false},"featured_media":97199,"comment_status":"open","ping_status":"closed","template":"","meta":{"nf_dc_page":""},"product_brand":[2664],"product_cat":[104],"product_tag":[2665],"class_list":{"0":"post-97198","1":"product","2":"type-product","3":"status-publish","4":"has-post-thumbnail","6":"product_brand-medicube","7":"product_cat-skin-care","8":"product_tag-2665","10":"first","11":"outofstock","12":"shipping-taxable","13":"purchasable","14":"product-type-simple"},"_links":{"self":[{"href":"https:\/\/brandss.com.py\/index\/wp-json\/wp\/v2\/product\/97198","targetHints":{"allow":["GET"]}}],"collection":[{"href":"https:\/\/brandss.com.py\/index\/wp-json\/wp\/v2\/product"}],"about":[{"href":"https:\/\/brandss.com.py\/index\/wp-json\/wp\/v2\/types\/product"}],"replies":[{"embeddable":true,"href":"https:\/\/brandss.com.py\/index\/wp-json\/wp\/v2\/comments?post=97198"}],"version-history":[{"count":1,"href":"https:\/\/brandss.com.py\/index\/wp-json\/wp\/v2\/product\/97198\/revisions"}],"predecessor-version":[{"id":97208,"href":"https:\/\/brandss.com.py\/index\/wp-json\/wp\/v2\/product\/97198\/revisions\/97208"}],"wp:featuredmedia":[{"embeddable":true,"href":"https:\/\/brandss.com.py\/index\/wp-json\/wp\/v2\/media\/97199"}],"wp:attachment":[{"href":"https:\/\/brandss.com.py\/index\/wp-json\/wp\/v2\/media?parent=97198"}],"wp:term":[{"taxonomy":"product_brand","embeddable":true,"href":"https:\/\/brandss.com.py\/index\/wp-json\/wp\/v2\/product_brand?post=97198"},{"taxonomy":"product_cat","embeddable":true,"href":"https:\/\/brandss.com.py\/index\/wp-json\/wp\/v2\/product_cat?post=97198"},{"taxonomy":"product_tag","embeddable":true,"href":"https:\/\/brandss.com.py\/index\/wp-json\/wp\/v2\/product_tag?post=97198"}],"curies":[{"name":"wp","href":"https:\/\/api.w.org\/{rel}","templated":true}]}}