{"id":97365,"date":"2026-02-03T17:25:37","date_gmt":"2026-02-03T17:25:37","guid":{"rendered":"https:\/\/brandss.com.py\/index\/?post_type=product&#038;p=97365"},"modified":"2026-04-21T11:27:50","modified_gmt":"2026-04-21T11:27:50","slug":"crema-facial-medicube-collagen-jelly-110ml","status":"publish","type":"product","link":"https:\/\/brandss.com.py\/index\/producto\/crema-facial-medicube-collagen-jelly-110ml\/","title":{"rendered":"CREMA FACIAL MEDICUBE COLLAGEN JELLY 110ML"},"content":{"rendered":"<p><img loading=\"lazy\" decoding=\"async\" class=\"\" src=\"https:\/\/www.miikorean.com\/cdn\/shop\/collections\/MEDICUBE_533x.webp?v=1756148720\" alt=\"MEDICUBE \u2013 Mii Korean Skincare\" width=\"199\" height=\"64\" \/><\/p>\n<h1>COLLAGEN JELLY<\/h1>\n<p>Es una crema gel transl\u00facida que ofrece m\u00faltiples beneficios para mejorar el contorno de la piel, potenciar su firmeza y conseguir un cutis pulido y radiante. Est\u00e1 enriquecida con niacinamida y col\u00e1geno hidrolizado liofilizado, que ayudan a mejorar la firmeza y elasticidad de la piel. La f\u00f3rmula tambi\u00e9n contiene escualeno y elastina hidrolizada, que ayudan a retener la humedad de la piel y la dejan suave e hidratada.\u00a0<span dir=\"auto\">La crema de col\u00e1geno <\/span><span dir=\"auto\">es una crema ligera con textura de gel adecuada para todo tipo de piel.<\/span><\/p>\n<h5 data-start=\"1405\" data-end=\"1426\"><strong data-start=\"1413\" data-end=\"1426\"><span dir=\"auto\">Beneficios:<img loading=\"lazy\" decoding=\"async\" class=\"alignleft\" src=\"https:\/\/koreabe.com\/cdn\/shop\/files\/awdwadwa_e88ea9e1-2e43-4e92-864d-c5d465e4f42d.jpg?v=1758008564\" width=\"585\" height=\"585\" \/><\/span><\/strong><\/h5>\n<ul data-start=\"1427\" data-end=\"1698\">\n<li class=\"\" data-start=\"1427\" data-end=\"1468\">\n<p class=\"\" data-start=\"1429\" data-end=\"1468\"><span dir=\"auto\">Restaura la firmeza y elasticidad de la piel.<\/span><\/p>\n<\/li>\n<li class=\"\" data-start=\"1469\" data-end=\"1510\">\n<p class=\"\" data-start=\"1471\" data-end=\"1510\"><span dir=\"auto\">Hidrata profundamente y retiene la humedad.<\/span><\/p>\n<\/li>\n<li class=\"\" data-start=\"1511\" data-end=\"1557\">\n<p class=\"\" data-start=\"1513\" data-end=\"1557\"><span dir=\"auto\">Combate los signos del envejecimiento y suaviza las arrugas.<\/span><\/p>\n<\/li>\n<li class=\"\" data-start=\"1558\" data-end=\"1601\">\n<p class=\"\" data-start=\"1560\" data-end=\"1601\"><span dir=\"auto\">Unifica el tono de la piel y aumenta la luminosidad.<\/span><\/p>\n<\/li>\n<li class=\"\" data-start=\"1602\" data-end=\"1648\">\n<p class=\"\" data-start=\"1604\" data-end=\"1648\"><span dir=\"auto\">Calma, regenera y suaviza la piel.<\/span><\/p>\n<\/li>\n<li class=\"\" data-start=\"1649\" data-end=\"1698\">\n<p class=\"\" data-start=\"1651\" data-end=\"1698\"><span dir=\"auto\">Proporciona efectos antioxidantes y revitalizantes.<\/span><\/p>\n<\/li>\n<\/ul>\n<h5 data-start=\"1700\" data-end=\"1728\"><strong data-start=\"1708\" data-end=\"1728\"><span dir=\"auto\">Ingredientes clave:<\/span><\/strong><\/h5>\n<ul data-start=\"1729\" data-end=\"2110\">\n<li class=\"\" data-start=\"1729\" data-end=\"1820\">\n<p class=\"\" data-start=\"1731\" data-end=\"1820\"><strong data-start=\"1731\" data-end=\"1746\"><span dir=\"auto\">Niacinamida<\/span><\/strong><span dir=\"auto\">\u00a0: antioxidante, antiinflamatorio, regula el sebo, reduce la pigmentaci\u00f3n.<\/span><\/p>\n<\/li>\n<li class=\"\" data-start=\"1821\" data-end=\"1891\">\n<p class=\"\" data-start=\"1823\" data-end=\"1891\"><strong data-start=\"1823\" data-end=\"1835\"><span dir=\"auto\">Col\u00e1geno<\/span><\/strong><span dir=\"auto\">\u00a0: mejora la elasticidad, suaviza las arrugas y calma la piel.<\/span><\/p>\n<\/li>\n<li class=\"\" data-start=\"1892\" data-end=\"1967\">\n<p class=\"\" data-start=\"1894\" data-end=\"1967\"><strong data-start=\"1894\" data-end=\"1915\"><span dir=\"auto\">Extracto de t\u00e9 verde<\/span><\/strong><span dir=\"auto\">\u00a0: purifica, controla la grasa y fortalece los capilares.<\/span><\/p>\n<\/li>\n<li class=\"\" data-start=\"1968\" data-end=\"2038\">\n<p class=\"\" data-start=\"1970\" data-end=\"2038\"><strong data-start=\"1970\" data-end=\"1991\"><span dir=\"auto\">Extracto de clorella<\/span><\/strong><span dir=\"auto\">\u00a0: regenera, nutre y reduce las manchas oscuras.<\/span><\/p>\n<\/li>\n<li class=\"\" data-start=\"2039\" data-end=\"2110\">\n<p class=\"\" data-start=\"2041\" data-end=\"2110\"><strong data-start=\"2041\" data-end=\"2066\"><span dir=\"auto\">Extracto de flor de malva<\/span><\/strong><span dir=\"auto\">\u00a0: suaviza, alisa y reduce la p\u00e9rdida de humedad.<\/span><\/p>\n<\/li>\n<\/ul>\n<h5 data-start=\"2112\" data-end=\"2143\"><strong data-start=\"2123\" data-end=\"2143\"><span dir=\"auto\">Recomendado para:<\/span><\/strong><\/h5>\n<p class=\"\" data-start=\"2144\" data-end=\"2180\"><span dir=\"auto\">Todo tipo de piel, incluso las sensibles.<\/span><\/p>\n<h5 data-start=\"2182\" data-end=\"2205\"><strong data-start=\"2190\" data-end=\"2205\"><span dir=\"auto\">Modo de empleo:<\/span><\/strong><\/h5>\n<ol>\n<li><strong>F\u00e1cil de limpiar:<\/strong>\u00a0Empiece limpiando a fondo el rostro para eliminar la suciedad y la grasa.<\/li>\n<li><strong>Aplicaci\u00f3n:<\/strong>\u00a0Tome una cantidad del tama\u00f1o de un cuarto de la crema en gel y apl\u00edquela sobre el rostro y el escote.<\/li>\n<li><strong>Masajear:<\/strong>\u00a0Masajear suavemente la crema sobre la piel hasta su completa absorci\u00f3n. Realice movimientos ascendentes y hacia fuera para favorecer la absorci\u00f3n y aumentar la circulaci\u00f3n sangu\u00ednea.<\/li>\n<li><strong>Frecuencia:<\/strong>\u00a0Utilice la crema por la ma\u00f1ana y por la noche como parte de su rutina diaria de cuidado de la piel.<\/li>\n<\/ol>\n","protected":false},"excerpt":{"rendered":"<p>COLLAGEN JELLY Es una crema gel transl\u00facida que ofrece m\u00faltiples beneficios para mejorar el contorno de la piel, potenciar su<\/p>\n","protected":false},"featured_media":97366,"comment_status":"open","ping_status":"closed","template":"","meta":{"nf_dc_page":""},"product_brand":[2664],"product_cat":[104],"product_tag":[2666],"class_list":{"0":"post-97365","1":"product","2":"type-product","3":"status-publish","4":"has-post-thumbnail","6":"product_brand-medicube","7":"product_cat-skin-care","8":"product_tag-2666","10":"first","11":"outofstock","12":"shipping-taxable","13":"purchasable","14":"product-type-simple"},"_links":{"self":[{"href":"https:\/\/brandss.com.py\/index\/wp-json\/wp\/v2\/product\/97365","targetHints":{"allow":["GET"]}}],"collection":[{"href":"https:\/\/brandss.com.py\/index\/wp-json\/wp\/v2\/product"}],"about":[{"href":"https:\/\/brandss.com.py\/index\/wp-json\/wp\/v2\/types\/product"}],"replies":[{"embeddable":true,"href":"https:\/\/brandss.com.py\/index\/wp-json\/wp\/v2\/comments?post=97365"}],"version-history":[{"count":1,"href":"https:\/\/brandss.com.py\/index\/wp-json\/wp\/v2\/product\/97365\/revisions"}],"predecessor-version":[{"id":97372,"href":"https:\/\/brandss.com.py\/index\/wp-json\/wp\/v2\/product\/97365\/revisions\/97372"}],"wp:featuredmedia":[{"embeddable":true,"href":"https:\/\/brandss.com.py\/index\/wp-json\/wp\/v2\/media\/97366"}],"wp:attachment":[{"href":"https:\/\/brandss.com.py\/index\/wp-json\/wp\/v2\/media?parent=97365"}],"wp:term":[{"taxonomy":"product_brand","embeddable":true,"href":"https:\/\/brandss.com.py\/index\/wp-json\/wp\/v2\/product_brand?post=97365"},{"taxonomy":"product_cat","embeddable":true,"href":"https:\/\/brandss.com.py\/index\/wp-json\/wp\/v2\/product_cat?post=97365"},{"taxonomy":"product_tag","embeddable":true,"href":"https:\/\/brandss.com.py\/index\/wp-json\/wp\/v2\/product_tag?post=97365"}],"curies":[{"name":"wp","href":"https:\/\/api.w.org\/{rel}","templated":true}]}}