{"id":97417,"date":"2026-02-04T13:28:02","date_gmt":"2026-02-04T13:28:02","guid":{"rendered":"https:\/\/brandss.com.py\/index\/?post_type=product&#038;p=97417"},"modified":"2026-04-23T17:15:19","modified_gmt":"2026-04-23T17:15:19","slug":"serum-facial-medicube-deep-vita-a-retinol-30ml","status":"publish","type":"product","link":"https:\/\/brandss.com.py\/index\/producto\/serum-facial-medicube-deep-vita-a-retinol-30ml\/","title":{"rendered":"S\u00c9RUM FACIAL MEDICUBE DEEP VITA A RETINOL 30ML"},"content":{"rendered":"<p><img loading=\"lazy\" decoding=\"async\" class=\"\" src=\"https:\/\/www.miikorean.com\/cdn\/shop\/collections\/MEDICUBE_533x.webp?v=1756148720\" alt=\"MEDICUBE \u2013 Mii Korean Skincare\" width=\"234\" height=\"75\" \/><\/p>\n<h1>DEEP VITA A RETINOL<\/h1>\n<p>Da a tu piel un impulso anti-envejecimiento con Deep Vita A Retinol un potente suero que combina retinoide de pr\u00f3xima generaci\u00f3n (Hydroxypinacolone Retinoate) con un &#8220;complejo de retinol de siete pasos&#8221; y bakuchiol para mejorar la elasticidad, unificar el tono de la piel y reducir la visibilidad de las l\u00edneas finas todo a trav\u00e9s de una renovaci\u00f3n efectiva de la piel sin irritaci\u00f3n.<\/p>\n<p>La f\u00f3rmula est\u00e1 dise\u00f1ada para fortalecer la barrera cut\u00e1nea y proporcionar un cuidado profundo con ingredientes como niacinamida para el brillo y manchas oscuras, squalane para la nutrici\u00f3n, y pantenol para la hidrataci\u00f3n, lo que la hace lo suficientemente suave incluso para pieles sensibles. El complejo de retinol avanzado y estable est\u00e1 encapsulado para garantizar una absorci\u00f3n \u00f3ptima y una estabilidad duradera. El s\u00e9rum Deep Vita A Retinol le dar\u00e1 a tu rostro un color uniforme y m\u00e1xima hidrataci\u00f3n. El producto funciona perfectamente en pieles envejecidas, detiene el envejecimiento celular prematuro, suaviza las arrugas finas y las hace menos visibles.\u00a0<img decoding=\"async\" class=\"alignleft\" src=\"https:\/\/d2c3d01lcpw2ui.cloudfront.net\/gl\/data\/item\/1718170842\/eyec174902243285176a62e523238.jpg\" alt=\"MEDICUBE Deep Vita A Retinol Serum - 30ml\" \/><\/p>\n<p>Rico en propiedades antioxidantes, el s\u00e9rum Medicube est\u00e1 enriquecido con niacinamida, previene la pigmentaci\u00f3n, suprime la producci\u00f3n de melanina y cierra visualmente los poros, haci\u00e9ndolos menos visibles. El avanzado sistema de administraci\u00f3n de retinol liposomal proporciona una absorci\u00f3n r\u00e1pida y profunda de los componentes del s\u00e9rum, lo que mejora el tono de la piel y le da un tono uniforme. El producto tiene una consistencia ligera, no apelmaza el rostro, por lo que este s\u00e9rum definitivamente debe estar en tu cuidado diario.<\/p>\n<p>&nbsp;<\/p>\n<h3><strong>Ventajas<\/strong><\/h3>\n<ul>\n<li><strong>Anti-envejecimiento y mejora de la elasticidad de la piel: <\/strong>HPR estimula la producci\u00f3n de col\u00e1geno, lo que aumenta la firmeza de la piel y reduce la profundidad de las arrugas.<\/li>\n<li><strong>Tono de piel m\u00e1s uniforme: <\/strong>La niacinamida combate las manchas oscuras y equilibra el tono de la piel.<\/li>\n<li><strong>Cuidado efectivo con m\u00ednima irritaci\u00f3n: <\/strong>Combina retinoides en estructura encapsulada con ingredientes calmantes como el pantenol.<\/li>\n<li><strong>Fortalece la barrera cut\u00e1nea e hidrata: <\/strong>Squalane y pantenol cuidan y retienen la humedad.<\/li>\n<\/ul>\n<h3>Beneficios<\/h3>\n<ul>\n<li>Nutre profundamente.<\/li>\n<li>Penetra en las capas profundas del epitelio.<\/li>\n<li>Aclara las manchas de la edad y los rastros del acn\u00e9.<\/li>\n<li>Combate los procesos inflamatorios dentro de las c\u00e9lulas.<\/li>\n<li>Calma el enrojecimiento y la irritaci\u00f3n.<\/li>\n<li>Mejora el color y la textura del rostro.<\/li>\n<\/ul>\n<h3><strong>Ingredientes clave<\/strong><\/h3>\n<ul>\n<li><strong>Hydroxypinacolone Retinoate (HPR): <\/strong>Un retinoide suave pero efectivo que estimula la producci\u00f3n de col\u00e1geno y promueve la renovaci\u00f3n de la piel.<\/li>\n<li><strong>Complejo de retinol avanzado<\/strong> (Retinol, Retinal, Retinyl Palmitate, Retinyl Linoleate, Retinyl Retinoate): Proporciona un efecto anti-envejecimiento profundo.<\/li>\n<li><strong>Bakuchiol: <\/strong>Una alternativa vegetal al retinol que minimiza el riesgo de irritaci\u00f3n.<\/li>\n<li><strong>Niacinamida: <\/strong>Contribuye a mejorar el brillo, reduce la pigmentaci\u00f3n y equilibra la producci\u00f3n de sebo.<\/li>\n<li><strong>Squalane: <\/strong>Un aceite nutritivo e hidratante que fortalece la barrera cut\u00e1nea.<\/li>\n<li><strong>Pantenol: <\/strong>Calma e hidrata eficazmente la piel.<\/li>\n<\/ul>\n<h3><strong>Uso<\/strong><\/h3>\n<ol>\n<li>Por la noche, despu\u00e9s de la limpieza y aplicaci\u00f3n de t\u00f3nico, aplica una peque\u00f1a cantidad (tama\u00f1o de un guisante) en el rostro \u2013 evita el \u00e1rea alrededor de los ojos y labios.<\/li>\n<li>Para principiantes: usa el producto 2-3 veces a la semana y aumenta la frecuencia gradualmente seg\u00fan sea necesario.<\/li>\n<li>Masajea suavemente el suero hasta que se absorba y finaliza con una crema hidratante.<\/li>\n<\/ol>\n<p><strong>Importante:<\/strong>\u00a0Siempre usa protector solar durante el d\u00eda ya que los retinoides pueden aumentar la sensibilidad de la piel a la radiaci\u00f3n UV.<\/p>\n","protected":false},"excerpt":{"rendered":"<p>DEEP VITA A RETINOL Da a tu piel un impulso anti-envejecimiento con Deep Vita A Retinol un potente suero que<\/p>\n","protected":false},"featured_media":97418,"comment_status":"open","ping_status":"closed","template":"","meta":{"nf_dc_page":""},"product_brand":[2664],"product_cat":[104],"product_tag":[2671],"class_list":{"0":"post-97417","1":"product","2":"type-product","3":"status-publish","4":"has-post-thumbnail","6":"product_brand-medicube","7":"product_cat-skin-care","8":"product_tag-2671","10":"first","11":"instock","12":"shipping-taxable","13":"purchasable","14":"product-type-simple"},"_links":{"self":[{"href":"https:\/\/brandss.com.py\/index\/wp-json\/wp\/v2\/product\/97417","targetHints":{"allow":["GET"]}}],"collection":[{"href":"https:\/\/brandss.com.py\/index\/wp-json\/wp\/v2\/product"}],"about":[{"href":"https:\/\/brandss.com.py\/index\/wp-json\/wp\/v2\/types\/product"}],"replies":[{"embeddable":true,"href":"https:\/\/brandss.com.py\/index\/wp-json\/wp\/v2\/comments?post=97417"}],"version-history":[{"count":1,"href":"https:\/\/brandss.com.py\/index\/wp-json\/wp\/v2\/product\/97417\/revisions"}],"predecessor-version":[{"id":97426,"href":"https:\/\/brandss.com.py\/index\/wp-json\/wp\/v2\/product\/97417\/revisions\/97426"}],"wp:featuredmedia":[{"embeddable":true,"href":"https:\/\/brandss.com.py\/index\/wp-json\/wp\/v2\/media\/97418"}],"wp:attachment":[{"href":"https:\/\/brandss.com.py\/index\/wp-json\/wp\/v2\/media?parent=97417"}],"wp:term":[{"taxonomy":"product_brand","embeddable":true,"href":"https:\/\/brandss.com.py\/index\/wp-json\/wp\/v2\/product_brand?post=97417"},{"taxonomy":"product_cat","embeddable":true,"href":"https:\/\/brandss.com.py\/index\/wp-json\/wp\/v2\/product_cat?post=97417"},{"taxonomy":"product_tag","embeddable":true,"href":"https:\/\/brandss.com.py\/index\/wp-json\/wp\/v2\/product_tag?post=97417"}],"curies":[{"name":"wp","href":"https:\/\/api.w.org\/{rel}","templated":true}]}}