{"id":97427,"date":"2026-02-04T14:18:11","date_gmt":"2026-02-04T14:18:11","guid":{"rendered":"https:\/\/brandss.com.py\/index\/?post_type=product&#038;p=97427"},"modified":"2026-04-21T11:27:49","modified_gmt":"2026-04-21T11:27:49","slug":"tonico-facial-medicube-pdrn-pink-cica-soothing-250ml","status":"publish","type":"product","link":"https:\/\/brandss.com.py\/index\/producto\/tonico-facial-medicube-pdrn-pink-cica-soothing-250ml\/","title":{"rendered":"T\u00d3NICO FACIAL MEDICUBE PDRN PINK CICA SOOTHING 250ML"},"content":{"rendered":"<p><img loading=\"lazy\" decoding=\"async\" class=\"\" src=\"https:\/\/www.miikorean.com\/cdn\/shop\/collections\/MEDICUBE_533x.webp?v=1756148720\" alt=\"MEDICUBE \u2013 Mii Korean Skincare\" width=\"193\" height=\"62\" \/><\/p>\n<h1>PDRN PINK CICA SOOTHING<\/h1>\n<div class=\"desc_tit\">\n<p data-start=\"0\" data-end=\"614\"><span dir=\"auto\">Es un t\u00f3nico calmante que realza la luminosidad, dise\u00f1ado para hidratar, iluminar y reconfortar la piel en un solo paso. Enriquecido con <\/span><span dir=\"auto\">PDRN de salm\u00f3n, un ingrediente conocido por favorecer la renovaci\u00f3n cut\u00e1nea y mejorar la apariencia de la piel opaca, este t\u00f3nico ayuda a revitalizar la piel con aspecto cansado y a lucir una tez m\u00e1s sana y radiante. Adem\u00e1s, est\u00e1 enriquecido con niacinamida para ayudar a atenuar las manchas oscuras y el tono desigual con el tiempo, mientras que la cica (centella asi\u00e1tica) ayuda a calmar la irritaci\u00f3n y reducir el enrojecimiento visible, lo que lo hace especialmente adecuado para pieles sensibles o que se estresan con facilidad.<\/span><\/p>\n<p data-start=\"616\" data-end=\"1145\"><span dir=\"auto\">Para mantener la piel suave y equilibrada, la f\u00f3rmula incluye ingredientes hidratantes como glicerina e hialuronato de sodio, que absorben la humedad y ayudan a prevenir la deshidrataci\u00f3n durante el d\u00eda. Su textura ligera se absorbe r\u00e1pidamente sin sensaci\u00f3n pegajosa, dejando la piel con una sensaci\u00f3n de frescura e hidrataci\u00f3n agradable, con un brillo natural y radiante. Con el uso regular, el T\u00f3nico Calmante Medicube PDRN Pink Cica ayuda a mejorar la claridad, suavidad y luminosidad de la piel, a la vez que favorece una tez m\u00e1s calmada y uniforme.<\/span><\/p>\n<p data-start=\"616\" data-end=\"1145\"><img decoding=\"async\" class=\"alignleft\" src=\"https:\/\/crescitebeauty.com\/cdn\/shop\/files\/Medicube_PDRN_Pink_Cica_Soothing_Toner_1.jpg?v=1754242287&amp;width=1400\" \/><\/p>\n<\/div>\n<h3><a class=\"title plus-minus-toggle\"><span dir=\"auto\">Ingredientes claves<\/span><\/a><\/h3>\n<p>&nbsp;<\/p>\n<ul class=\"hide\">\n<li>\n<div class=\"desc_tit\"><img decoding=\"async\" class=\"chk_btn\" src=\"https:\/\/cdn.shopify.com\/s\/files\/1\/0156\/3905\/2336\/files\/check.svg?v=1691460981\" alt=\"bot\u00f3n de verificaci\u00f3n\" \/><span dir=\"auto\">PDRN de salm\u00f3n: <\/span>Para las manchas oscuras, estimula el col\u00e1geno y fortalece la barrera mientras calma la piel estresada.<\/div>\n<\/li>\n<li>\n<div class=\"desc_tit\"><img decoding=\"async\" class=\"chk_btn\" src=\"https:\/\/cdn.shopify.com\/s\/files\/1\/0156\/3905\/2336\/files\/check.svg?v=1691460981\" alt=\"bot\u00f3n de verificaci\u00f3n\" \/><span dir=\"auto\">5 tipos de COMPLEJO P\u00c9PTIDO: <\/span>Mejora la vitalidad y la luminosidad de la piel al tiempo que ayuda a minimizar la aparici\u00f3n de l\u00edneas finas.<\/div>\n<\/li>\n<li>\n<div class=\"desc_tit\"><img decoding=\"async\" class=\"chk_btn\" src=\"https:\/\/cdn.shopify.com\/s\/files\/1\/0156\/3905\/2336\/files\/check.svg?v=1691460981\" alt=\"bot\u00f3n de verificaci\u00f3n\" \/><span dir=\"auto\">Niacinamida: <\/span>La vitamina B3 unifica el tono de la piel.<\/div>\n<\/li>\n<li>\n<div class=\"desc_tit\"><img decoding=\"async\" class=\"chk_btn\" src=\"https:\/\/cdn.shopify.com\/s\/files\/1\/0156\/3905\/2336\/files\/check.svg?v=1691460981\" alt=\"bot\u00f3n de verificaci\u00f3n\" \/><span dir=\"auto\">Extracto de hoja de Ocimum Sanctum (albahaca sagrada)<\/span><\/div>\n<p><span dir=\"auto\">Ayuda a proteger, calmar y reducir la irritaci\u00f3n para una piel m\u00e1s saludable.<\/span><\/li>\n<\/ul>\n<h3 class=\"content\"><strong class=\"tit\"><span dir=\"auto\">Para todo tipo de piel<\/span><\/strong><\/h3>\n<div><\/div>\n<div class=\"content\">\n<ul class=\"list\">\n<li><span dir=\"auto\">\u25b8 Combinaci\u00f3n.<\/span><\/li>\n<li><span dir=\"auto\">\u25b8 Seco.<\/span><\/li>\n<li><span dir=\"auto\">\u25b8 Normal.<\/span><\/li>\n<li><span dir=\"auto\">\u25b8 Aceitoso.<\/span><\/li>\n<li><span dir=\"auto\">\u25b8 Sensible.<\/span><\/li>\n<\/ul>\n<p>&nbsp;<\/p>\n<\/div>\n<h3 class=\"content\"><strong class=\"tit\"><span dir=\"auto\">Para preocupaciones de<img loading=\"lazy\" decoding=\"async\" class=\"alignright\" src=\"https:\/\/perfugroupar.vtexassets.com\/arquivos\/ids\/228295\/MEDICUBE-PDRN-SOOTHING-TONER---3.jpg?v=638937493137830000\" width=\"573\" height=\"648\" \/><\/span><\/strong><\/h3>\n<div><\/div>\n<div class=\"content\">\n<ul class=\"list\">\n<li><span dir=\"auto\">\u25b8 Tono de piel desigual.<\/span><\/li>\n<li><span dir=\"auto\">\u25b8 Sequedad.<\/span><\/li>\n<li><span dir=\"auto\">\u25b8 Embotamiento.<\/span><\/li>\n<li><span dir=\"auto\">\u25b8 Manchas oscuras.<\/span><\/li>\n<li><span dir=\"auto\">\u25b8 Antienvejecimiento.<\/span><\/li>\n<li><span dir=\"auto\">\u25b8 P\u00e9rdida de firmeza \/ Elasticidad.<\/span><\/li>\n<\/ul>\n<\/div>\n<div class=\"content\"><\/div>\n<h3><strong>Ventajas:<\/strong><\/h3>\n<ul>\n<li><strong>PDRN (ADN de salm\u00f3n):<\/strong>\u00a0Estimula la renovaci\u00f3n celular y fortalece la elasticidad de la piel.<\/li>\n<li><strong>Centella Asi\u00e1tica (Cica):<\/strong>\u00a0Calma la irritaci\u00f3n, el enrojecimiento y la sensibilidad.<\/li>\n<li><strong>Niacinamida:<\/strong>\u00a0Uniformiza el tono de la piel, reduce la visibilidad de los poros y fortalece la barrera cut\u00e1nea.<\/li>\n<li><strong>P\u00e9ptidos:<\/strong>\u00a0Apoyan la producci\u00f3n de col\u00e1geno para una mayor firmeza y elasticidad.<\/li>\n<li><strong>\u00c1cido hialur\u00f3nico &amp; glicerina:<\/strong>\u00a0Retiene la humedad en profundidad para una hidrataci\u00f3n duradera.<\/li>\n<li><strong>PHA &amp; AHA:<\/strong>\u00a0Ofrecen una exfoliaci\u00f3n suave y mejoran la textura de la piel.<\/li>\n<li><strong>Alanto\u00edna &amp; adenosina:<\/strong>\u00a0Tienen un efecto calmante y proporcionan un efecto anti-envejecimiento.<\/li>\n<\/ul>\n<h3><strong>Uso:<\/strong><\/h3>\n<ol>\n<li>Aplicar despu\u00e9s de la limpieza, ya sea con las manos o con un disco de algod\u00f3n.<\/li>\n<li>Dar golpecitos suaves en la piel hasta que se absorba.<\/li>\n<li>Usar por la ma\u00f1ana y por la noche. Tambi\u00e9n se puede usar como una mascarilla t\u00f3nica calmante al drempapar discos de algod\u00f3n y colocarlos en la piel durante unos minutos.<\/li>\n<\/ol>\n","protected":false},"excerpt":{"rendered":"<p>PDRN PINK CICA SOOTHING Es un t\u00f3nico calmante que realza la luminosidad, dise\u00f1ado para hidratar, iluminar y reconfortar la piel<\/p>\n","protected":false},"featured_media":97428,"comment_status":"open","ping_status":"closed","template":"","meta":{"nf_dc_page":""},"product_brand":[2664],"product_cat":[104],"product_tag":[2672],"class_list":{"0":"post-97427","1":"product","2":"type-product","3":"status-publish","4":"has-post-thumbnail","6":"product_brand-medicube","7":"product_cat-skin-care","8":"product_tag-2672","10":"first","11":"outofstock","12":"shipping-taxable","13":"purchasable","14":"product-type-simple"},"_links":{"self":[{"href":"https:\/\/brandss.com.py\/index\/wp-json\/wp\/v2\/product\/97427","targetHints":{"allow":["GET"]}}],"collection":[{"href":"https:\/\/brandss.com.py\/index\/wp-json\/wp\/v2\/product"}],"about":[{"href":"https:\/\/brandss.com.py\/index\/wp-json\/wp\/v2\/types\/product"}],"replies":[{"embeddable":true,"href":"https:\/\/brandss.com.py\/index\/wp-json\/wp\/v2\/comments?post=97427"}],"version-history":[{"count":1,"href":"https:\/\/brandss.com.py\/index\/wp-json\/wp\/v2\/product\/97427\/revisions"}],"predecessor-version":[{"id":97436,"href":"https:\/\/brandss.com.py\/index\/wp-json\/wp\/v2\/product\/97427\/revisions\/97436"}],"wp:featuredmedia":[{"embeddable":true,"href":"https:\/\/brandss.com.py\/index\/wp-json\/wp\/v2\/media\/97428"}],"wp:attachment":[{"href":"https:\/\/brandss.com.py\/index\/wp-json\/wp\/v2\/media?parent=97427"}],"wp:term":[{"taxonomy":"product_brand","embeddable":true,"href":"https:\/\/brandss.com.py\/index\/wp-json\/wp\/v2\/product_brand?post=97427"},{"taxonomy":"product_cat","embeddable":true,"href":"https:\/\/brandss.com.py\/index\/wp-json\/wp\/v2\/product_cat?post=97427"},{"taxonomy":"product_tag","embeddable":true,"href":"https:\/\/brandss.com.py\/index\/wp-json\/wp\/v2\/product_tag?post=97427"}],"curies":[{"name":"wp","href":"https:\/\/api.w.org\/{rel}","templated":true}]}}