{"id":97437,"date":"2026-02-04T16:31:24","date_gmt":"2026-02-04T16:31:24","guid":{"rendered":"https:\/\/brandss.com.py\/index\/?post_type=product&#038;p=97437"},"modified":"2026-04-21T11:27:49","modified_gmt":"2026-04-21T11:27:49","slug":"almohadilla-facial-medicube-zero-pore-mild-70pcs-155gr","status":"publish","type":"product","link":"https:\/\/brandss.com.py\/index\/producto\/almohadilla-facial-medicube-zero-pore-mild-70pcs-155gr\/","title":{"rendered":"ALMOHADILLA FACIAL MEDICUBE ZERO PORE MILD 70PCS 155GR"},"content":{"rendered":"<p><img loading=\"lazy\" decoding=\"async\" class=\"\" src=\"https:\/\/www.miikorean.com\/cdn\/shop\/collections\/MEDICUBE_533x.webp?v=1756148720\" alt=\"MEDICUBE \u2013 Mii Korean Skincare\" width=\"162\" height=\"52\" \/><\/p>\n<h1>ZERO PORE PAD MILD<\/h1>\n<p data-start=\"2545\" data-end=\"2830\"><span dir=\"auto\">Discos exfoliantes tonificantes de uso diario, dise\u00f1ados para limpiar los poros, suavizar la textura de la piel y controlar el exceso de sebo. Los discos de doble cara est\u00e1n impregnados con una f\u00f3rmula con \u00e1cidos AHA y BHA, extractos bot\u00e1nicos e ingredientes hidratantes, que dejan la piel con una sensaci\u00f3n m\u00e1s limpia, suave y uniforme.<\/span><\/p>\n<h3 data-start=\"2832\" data-end=\"3020\"><strong data-start=\"2832\" data-end=\"2852\"><span dir=\"auto\">Para qui\u00e9nes son<img loading=\"lazy\" decoding=\"async\" class=\"alignleft\" src=\"https:\/\/moonglow.md\/wp-content\/uploads\/2025\/11\/medicube-zero-pore-pad-mild-70pcs-6-min.jpg\" width=\"623\" height=\"623\" \/><\/span><\/strong><\/h3>\n<ul>\n<li data-start=\"2832\" data-end=\"3020\"><span dir=\"auto\">Piel mixta, grasa o normal con poros visibles.<\/span><\/li>\n<li data-start=\"2832\" data-end=\"3020\"><span dir=\"auto\">Poros dilatados, puntos negros y zonas con exceso de sebo.<\/span><\/li>\n<li data-start=\"2832\" data-end=\"3020\"><span dir=\"auto\">Textura irregular y tez apagada y cansada.<\/span><\/li>\n<\/ul>\n<p>&nbsp;<\/p>\n<h3 data-start=\"3022\" data-end=\"3269\"><strong data-start=\"3022\" data-end=\"3039\"><span dir=\"auto\">Principales beneficios<\/span><\/strong><\/h3>\n<ul>\n<li data-start=\"3022\" data-end=\"3269\"><span dir=\"auto\">Limpia los poros y ayuda a prevenir la congesti\u00f3n.<\/span><\/li>\n<li data-start=\"3022\" data-end=\"3269\"><span dir=\"auto\">Suaviza gradualmente la textura de la piel y reduce la aspereza.<\/span><\/li>\n<li data-start=\"3022\" data-end=\"3269\"><span dir=\"auto\">Reduce el brillo no deseado en la zona T.<\/span><\/li>\n<li data-start=\"3022\" data-end=\"3269\"><span dir=\"auto\">Prepara la piel para s\u00e9rums y cremas, mejorando la absorci\u00f3n de los siguientes pasos.<\/span><\/li>\n<\/ul>\n<p data-start=\"3271\" data-end=\"3722\">\n<h3 data-start=\"3271\" data-end=\"3722\"><strong data-start=\"3271\" data-end=\"3287\"><span dir=\"auto\">Qu\u00e9 hacen?<\/span><\/strong><\/h3>\n<ul>\n<li data-start=\"3271\" data-end=\"3722\"><span dir=\"auto\">Limpian y refinan los poros: ayudan a disolver el exceso de sebo y las c\u00e9lulas muertas dentro de los poros, reduciendo el riesgo de puntos negros y brotes.<\/span><\/li>\n<li data-start=\"3271\" data-end=\"3722\"><span dir=\"auto\">Uniformizan la textura: la exfoliaci\u00f3n suave suaviza las imperfecciones y las zonas \u00e1speras de la superficie de la piel.<\/span><\/li>\n<li data-start=\"3271\" data-end=\"3722\"><span dir=\"auto\">Controlan el sebo: favorecen un mejor equilibrio entre un acabado mate y la comodidad, sin resecar la piel.<\/span><\/li>\n<li data-start=\"3271\" data-end=\"3722\"><span dir=\"auto\">Calman e hidratan: refuerzan la barrera cut\u00e1nea para que no se sienta seca ni tirante despu\u00e9s de su uso.<\/span><\/li>\n<\/ul>\n<p>&nbsp;<\/p>\n<h3 data-start=\"3724\" data-end=\"4075\"><strong data-start=\"3724\" data-end=\"3743\"><span dir=\"auto\">Ingredientes clave<img loading=\"lazy\" decoding=\"async\" class=\"alignright\" src=\"https:\/\/koreacosmeticsbn.com\/cdn\/shop\/files\/Medicube-ZeroPorePadMild.jpg?v=1735892446&amp;width=1946\" width=\"563\" height=\"563\" \/><\/span><\/strong><\/h3>\n<ul>\n<li data-start=\"3724\" data-end=\"4075\"><span dir=\"auto\">Complejo AHA + BHA: exfoliaci\u00f3n qu\u00edmica suave que ayuda a destapar los poros y prevenir imperfecciones.<\/span><\/li>\n<li data-start=\"3724\" data-end=\"4075\"><span dir=\"auto\">Extractos de plantas y frutas: favorecen la renovaci\u00f3n celular superficial, refrescan y revitalizan la piel.<\/span><\/li>\n<li data-start=\"3724\" data-end=\"4075\"><span dir=\"auto\">Pantenol, alanto\u00edna, \u00e1cido hialur\u00f3nico: hidratan, suavizan y contribuyen a una tez m\u00e1s suave y saludable.<\/span><\/li>\n<\/ul>\n<h3 data-start=\"4077\" data-end=\"4482\"><strong data-start=\"4077\" data-end=\"4091\"><span dir=\"auto\"><br \/>\nModo de empleo<\/span><\/strong><\/h3>\n<ol>\n<li data-start=\"4077\" data-end=\"4482\"><span dir=\"auto\">\u00daselo despu\u00e9s de la limpieza, en lugar del t\u00f3nico.<\/span><\/li>\n<li data-start=\"4077\" data-end=\"4482\"><span dir=\"auto\">Primero, pase el lado en relieve sobre las zonas con poros visibles y exceso de sebo, evitando el contorno de ojos y labios.<\/span><\/li>\n<li data-start=\"4077\" data-end=\"4482\"><span dir=\"auto\">Gire la almohadilla hacia el lado liso y p\u00e1sela suavemente por todo el rostro y el cuello.<\/span><\/li>\n<li data-start=\"4077\" data-end=\"4482\"><span dir=\"auto\">Deje que la esencia se absorba y luego aplique el s\u00e9rum y la crema (y FPS por la ma\u00f1ana).<\/span><\/li>\n<li data-start=\"4077\" data-end=\"4482\"><span dir=\"auto\">Se recomienda aplicar 1 o 2 veces al d\u00eda, seg\u00fan la tolerancia de su piel.<\/span><\/li>\n<\/ol>\n<p>&nbsp;<\/p>\n<h3 data-start=\"4484\" data-end=\"4862\"><strong data-start=\"4484\" data-end=\"4495\"><span dir=\"auto\">Resultados<\/span><\/strong><\/h3>\n<ul>\n<li data-start=\"4484\" data-end=\"4862\"><span dir=\"auto\">Inmediatamente despu\u00e9s de su uso: la piel se siente m\u00e1s limpia y suave al tacto, con menos brillo en las zonas grasas.<\/span><\/li>\n<li data-start=\"4484\" data-end=\"4862\"><span dir=\"auto\">Tras varios usos regulares: los poros lucen m\u00e1s limpios, la textura se ve gradualmente m\u00e1s uniforme y el maquillaje se aplica y se mantiene mejor.<\/span><\/li>\n<li data-start=\"4484\" data-end=\"4862\"><span dir=\"auto\">Con el uso constante: ayuda a mantener una piel m\u00e1s limpia, con menos zonas congestionadas y una mejor&#8230;<\/span><\/li>\n<\/ul>\n","protected":false},"excerpt":{"rendered":"<p>ZERO PORE PAD MILD Discos exfoliantes tonificantes de uso diario, dise\u00f1ados para limpiar los poros, suavizar la textura de la<\/p>\n","protected":false},"featured_media":97438,"comment_status":"open","ping_status":"closed","template":"","meta":{"nf_dc_page":""},"product_brand":[2664],"product_cat":[104],"product_tag":[2673],"class_list":{"0":"post-97437","1":"product","2":"type-product","3":"status-publish","4":"has-post-thumbnail","6":"product_brand-medicube","7":"product_cat-skin-care","8":"product_tag-2673","10":"first","11":"outofstock","12":"shipping-taxable","13":"purchasable","14":"product-type-simple"},"_links":{"self":[{"href":"https:\/\/brandss.com.py\/index\/wp-json\/wp\/v2\/product\/97437","targetHints":{"allow":["GET"]}}],"collection":[{"href":"https:\/\/brandss.com.py\/index\/wp-json\/wp\/v2\/product"}],"about":[{"href":"https:\/\/brandss.com.py\/index\/wp-json\/wp\/v2\/types\/product"}],"replies":[{"embeddable":true,"href":"https:\/\/brandss.com.py\/index\/wp-json\/wp\/v2\/comments?post=97437"}],"version-history":[{"count":2,"href":"https:\/\/brandss.com.py\/index\/wp-json\/wp\/v2\/product\/97437\/revisions"}],"predecessor-version":[{"id":97468,"href":"https:\/\/brandss.com.py\/index\/wp-json\/wp\/v2\/product\/97437\/revisions\/97468"}],"wp:featuredmedia":[{"embeddable":true,"href":"https:\/\/brandss.com.py\/index\/wp-json\/wp\/v2\/media\/97438"}],"wp:attachment":[{"href":"https:\/\/brandss.com.py\/index\/wp-json\/wp\/v2\/media?parent=97437"}],"wp:term":[{"taxonomy":"product_brand","embeddable":true,"href":"https:\/\/brandss.com.py\/index\/wp-json\/wp\/v2\/product_brand?post=97437"},{"taxonomy":"product_cat","embeddable":true,"href":"https:\/\/brandss.com.py\/index\/wp-json\/wp\/v2\/product_cat?post=97437"},{"taxonomy":"product_tag","embeddable":true,"href":"https:\/\/brandss.com.py\/index\/wp-json\/wp\/v2\/product_tag?post=97437"}],"curies":[{"name":"wp","href":"https:\/\/api.w.org\/{rel}","templated":true}]}}